{"id":3,"date":"2024-02-29T12:06:18","date_gmt":"2024-02-29T12:06:18","guid":{"rendered":"https:\/\/multifrigo.pl\/sklep\/?page_id=3"},"modified":"2024-03-28T08:13:33","modified_gmt":"2024-03-28T08:13:33","slug":"privacy-policy","status":"publish","type":"page","link":"https:\/\/www.multifrigo.pl\/sklep\/privacy-policy\/","title":{"rendered":"Polityka prywatno\u015bci"},"content":{"rendered":"\n<p>Multi Frigo Sp. z o.o. z siedzib\u0105 w Lublinie \u015bwiadcz\u0105c na rzecz os\u00f3b fizycznych us\u0142ugi, dokonuj\u0105c z nimi czynno\u015bci maj\u0105ce na celu zawieranie um\u00f3w kupna \u2013 sprzeda\u017cy , zawieraj\u0105c te umowy i realizuj\u0105c je z udzia\u0142em Klient\u00f3w lub os\u00f3b fizycznych wsp\u00f3\u0142pracuj\u0105cych z Klientami lub dzia\u0142aj\u0105cymi w ich imieniu ( dalej, jako\u201d Klienci\u201d) chroni prawo do ich prywatno\u015bci i przestrzegaj\u0105c obowi\u0105zuj\u0105cych w tym zakresie przepis\u00f3w prawa, w tym ustawy o ochronie danych osobowych z dnia 29 sierpnia 1997 roku, z p\u00f3\u017an.zm. ( dalej, jako \u201cUstawa) oraz rozporz\u0105dzenia Parlamentu Europejskiego i Rady (UE) 2016\/679 z 27 kwietnia 2016 r. w sprawie ochrony os\u00f3b fizycznych w zwi\u0105zku z przetwarzaniem danych osobowych i w sprawie swobodnego przep\u0142ywu takich danych oraz uchylenia dyrektywy 95\/46\/WE (dalej, jako \u201cRODO\u201d) wprowadza niniejsz\u0105 polityk\u0119 prywatno\u015bci (dalej: \u201ePolityka Prywatno\u015bci\u201d).<\/p>\n\n\n\n<ol class=\"wp-block-list\">\n<li>Postanowienia og\u00f3lne<\/li>\n<\/ol>\n\n\n\n<p>1.1. Administratorem danych osobowych Klient\u00f3w, w rozumieniu Ustawy oraz RODO jest sp\u00f3\u0142ka Multi Frigo Sp. z o.o. z siedzib\u0105 w Lublinie, ul. Bursaki 18, wpisana do rejestru przedsi\u0119biorc\u00f3w prowadzonego przez S\u0105d Rejonowy w Lublinie, XI Wydzia\u0142 Gospodarczy, pod numerem KRS 0000005652, posiadaj\u0105ca NIP 7122631001, REGON 004201422, kapita\u0142 zak\u0142adowy w kwocie 5 368 000 z\u0142otych ( dalej, jako \u201cAdministrator\u201d) .<\/p>\n\n\n\n<p>1.2. Z Administratorem mo\u017cna si\u0119 skontaktowa\u0107: telefonicznie: (81) 444 10 76; pod adresem e-mail: sklep@multifrigo.pl; pisemnie, przesy\u0142aj\u0105c korespondencj\u0119 na adres: Multi Frigo Sp. z o.o. , 20-150 Lublin, ul. Bursaki 18.<\/p>\n\n\n\n<p>1.3. Administrator wyznaczy\u0142 Inspektora Ochrony Danych, z kt\u00f3rym Klient mo\u017ce si\u0119 skontaktowa\u0107 w sprawach ochrony swoich danych osobowych i realizacji swoich praw pod adresem e-mail: sklep@multifrigo.pl; pisemnie, przesy\u0142aj\u0105c korespondencj\u0119 na adres: Multi Frigo Sp. z o.o. , 20-150 Lublin, ul. Bursaki 18.<\/p>\n\n\n\n<p>1.4. Polityka Prywatno\u015bci ma zastosowanie do wszystkich czynno\u015bci z udzia\u0142em Klienta.<\/p>\n\n\n\n<ol class=\"wp-block-list\" start=\"2\">\n<li>Zasady przetwarzania danych osobowych i uprawnienia Klienta<\/li>\n<\/ol>\n\n\n\n<p>2.1. Dane osobowe Klienta mog\u0105 by\u0107 przetwarzane :<\/p>\n\n\n\n<p>a) w celu \u015bwiadczenia na rzecz Klienta us\u0142ug, podejmowanie czynno\u015bci maj\u0105cych na celu zawarcie um\u00f3w, w celu zawarcia i wykonania um\u00f3w, w tym zakupu towar\u00f3w, w celu korzystania ze sklepu internetowego , rejestracji w sklepie internetowym oraz realizacji zawartych um\u00f3w \u2013 poniewa\u017c przetwarzanie jest niezb\u0119dne do realizacji tych um\u00f3w , przy czym niepodanie danych osobowych przez Klienta uniemo\u017cliwia \u015bwiadczenia jak wy\u017cej (art. 6 ust. 1 lit. b RODO);<\/p>\n\n\n\n<p>b) na podstawie zgody Klienta w celu marketingu bezpo\u015bredniego produkt\u00f3w lub us\u0142ug, w tym prowadzenia analiz, obejmuj\u0105cych profilowanie (tj. korzystanie z danych osobowych do tworzenia Pani\/Pana profilu, zw\u0142aszcza pod k\u0105tem produkt\u00f3w lub us\u0142ug interesuj\u0105cych Klienta \u2013 poniewa\u017c przetwarzanie jest niezb\u0119dne do realizacji prawnie uzasadnionego interesu (art. 6 ust.1 lit. f. RODO), kt\u00f3rym jest mo\u017cliwo\u015b\u0107 realizacji marketingu bezpo\u015bredniego i mo\u017cliwe na podstawie zgody Klienta (art. 6 ust. 1 lit. a. RODO);<\/p>\n\n\n\n<p>c) na podstawie zgody Klienta w celu badania preferencji w zakresie zapotrzebowania na produkty Administratora Danych \u2013 poniewa\u017c przetwarzanie jest niezb\u0119dne do realizacji prawnie uzasadnionego interesu Administratora (art. 6 ust. 1 lit. f. RODO), kt\u00f3rym jest mo\u017cliwo\u015b\u0107 ustalenia katalogu produkt\u00f3w i us\u0142ug interesuj\u0105cych Klienta oraz mo\u017cliwe na podstawie zgody Klienta (art. 6 ust. 1 lit. a RODO);<\/p>\n\n\n\n<p>d) w celu ustalenia, dochodzenia lub obrony przed roszczeniami, zwi\u0105zanymi z zawart\u0105 umow\u0105 lub z przetwarzaniem danych osobowych Klienta \u2013 poniewa\u017c przetwarzanie jest niezb\u0119dne do realizacji prawnie uzasadnionego interesu (art. 6 ust.1 lit. f. RODO), kt\u00f3rym jest mo\u017cliwo\u015b\u0107 ustalenia, dochodzenia lub obrony przed roszczeniami;<\/p>\n\n\n\n<p>e) w celu spe\u0142nienia ci\u0105\u017c\u0105cych na Administratorze obowi\u0105zk\u00f3w prawnych wynikaj\u0105cych z w\u0142a\u015bciwych przepis\u00f3w prawa \u2013 poniewa\u017c przetwarzanie w tym przypadku jest niezb\u0119dne do wype\u0142nienia wymog\u00f3w prawnych, kt\u00f3rym Administrator podlega (art. 6 ust. 1 lit. c. RODO);<\/p>\n\n\n\n<p>f) w celu tworzenia zestawie\u0144, analiz, statystyk na wewn\u0119trzne potrzeby Administratora Danych, w tym raportowanie, planowanie rozwoju us\u0142ug, prace rozwojowe w sklepie internetowym, tworzenie modeli statystycznych \u2013 poniewa\u017c przetwarzanie jest niezb\u0119dne do realizacji prawnie uzasadnionego interesu Administratora Danych (art. 6 ust. 1 lit. f. RODO), kt\u00f3rym jest analiza i rozw\u00f3j dzia\u0142alno\u015bci Administratora Danych.<\/p>\n\n\n\n<p>2.2. Udost\u0119pnienie danych przez Klienta jest dobrowolne, a udzielenie przez niego zgody na przetwarzanie jego danych w tych celach, dla kt\u00f3rych zgoda Klienta jest wymagana, oznacza wyra\u017cenie przez niego zgody na wykorzystanie tych danych w celu w jaki zosta\u0142y udost\u0119pnione zgodnie z przepisami Ustawy, RODO oraz zasadami niniejszej Polityki Prywatno\u015bci.<\/p>\n\n\n\n<p>2.3. Tre\u015b\u0107 wymaganych zg\u00f3d znajduje si\u0119 na stronie internetowej www.multifrigo.pl.<\/p>\n\n\n\n<p>2.4. Administrator podejmuje odpowiednie dzia\u0142ania w celu zabezpieczenia danych Klient\u00f3w, a w przypadku zlecenia niekt\u00f3rych proces\u00f3w zwi\u0105zanych z realizacj\u0105 zawartych z Klientami um\u00f3w podmiotom trzecim zapewniaj\u0105cych, stosowanie adekwatnych \u015brodki bezpiecze\u0144stwa.<\/p>\n\n\n\n<p>2.5. Odbiorcami danych osobowych Klienta mog\u0105 by\u0107:<\/p>\n\n\n\n<p>a) sp\u00f3\u0142ka powi\u0105zana z Administratorem;<\/p>\n\n\n\n<p>b) podmioty upowa\u017cnione na podstawie przepis\u00f3w prawa (s\u0105dy, organy pa\u0144stwowe);<\/p>\n\n\n\n<p>c) podmioty \u015bwiadcz\u0105ce us\u0142ugi ksi\u0119gowe, informatyczne, marketingowe, komunikacyjne i analityczne, prawne i windykacyjne;<\/p>\n\n\n\n<p>d) podwykonawcy i inne podmioty, z kt\u00f3rymi Administrator wsp\u00f3\u0142pracuje.<\/p>\n\n\n\n<p>2.6. Administrator nie przekazuje danych Klient\u00f3w poza Europejski Obszar Gospodarczy.<\/p>\n\n\n\n<p>2.7. Okres przechowywania i przetwarzania danych osobowych przez Administratora uzale\u017cniony jest od celu ich przekazania . Administrator b\u0119dzie przetwarza\u0107 dane osobowe przez okresy jak poni\u017cej:<\/p>\n\n\n\n<p>a) w celu wykonania us\u0142ug, realizacji zawartych um\u00f3w, w tym um\u00f3w zakupu towar\u00f3w, w celu korzystania ze sklepu internetowego ,rejestracji w sklepie internetowym oraz realizacji zam\u00f3wie\u0144 \u2013 do momentu przedawnienia roszcze\u0144 z tych um\u00f3w;<\/p>\n\n\n\n<p>b) w celu marketingu produkt\u00f3w i us\u0142ug, w tym profilowania \u2013 do momentu rozwi\u0105zania lub wyga\u015bni\u0119cia zawartej umowy lub do momentu wycofania zgody;<\/p>\n\n\n\n<p>c) badania preferencji w zakresie zapotrzebowania na produkty Administratora \u2013 do momentu rozwi\u0105zania lub wyga\u015bni\u0119cia umowy\/um\u00f3w albo do momentu wniesienia sprzeciwu lub wycofania zgody;<\/p>\n\n\n\n<p>d) w celu wype\u0142nienia ci\u0105\u017c\u0105cych na nas obowi\u0105zk\u00f3w prawnych \u2013 do momentu wyga\u015bni\u0119cia obowi\u0105zk\u00f3w przechowywania danych wynikaj\u0105cych z przepis\u00f3w prawa;<\/p>\n\n\n\n<p>e) w celu ustalenia, dochodzenia lub obrony przed roszczeniami \u2013 do momentu przedawnienia tych roszcze\u0144;<\/p>\n\n\n\n<p>f) w celu tworzenia zestawie\u0144, analiz, statystyk na wewn\u0119trzne potrzeby Administratora Danych, w tym raportowanie, planowanie rozwoju us\u0142ug, prace rozwojowe w sklepie internetowym, tworzenie modeli statystycznych \u2013 przez czas trwania umowy, nast\u0119pnie do czasu przedawnienia roszcze\u0144 wynikaj\u0105cych z umowy.<\/p>\n\n\n\n<p>2.8. Klientowi przys\u0142uguj\u0105 nast\u0119puj\u0105ce prawa:<\/p>\n\n\n\n<p>a) prawo do wycofania zgody na przetwarzanie danych osobowych, przy czym cofni\u0119cie zgody nie wp\u0142ywa na zgodno\u015b\u0107 z prawem przetwarzania, kt\u00f3rego dokonano na podstawie zgody przed jej wycofaniem;<\/p>\n\n\n\n<p>b) prawo do wyra\u017cenia sprzeciwu wobec przetwarzania danych osobowych;<\/p>\n\n\n\n<p>c) prawo do \u017c\u0105dania dost\u0119pu do swoich danych oraz otrzymywania ich kopii;<\/p>\n\n\n\n<p>d) prawo do sprostowania (poprawiania) swoich danych;<\/p>\n\n\n\n<p>e) prawo do usuni\u0119cia danych (je\u017celi nie ma podstaw do tego, aby by\u0142y przetwarzane dane osobowe mo\u017cna \u017c\u0105da\u0107 ich usuni\u0119cia);<\/p>\n\n\n\n<p>f) prawo do ograniczenia przetwarzania danych (mo\u017cna \u017c\u0105da\u0107 ograniczenia przetwarzania danych osobowych wy\u0142\u0105cznie do ich przechowywania lub wykonywania uzgodnionych dzia\u0142a\u0144, je\u017celi posiadane dane s\u0105 nieprawid\u0142owe lub przetwarzane s\u0105 bezpodstawnie; lub je\u017celi ich usuni\u0119cie nie jest mo\u017cliwe z uwagi na potrzeb\u0119 ustalenia, dochodzenia lub obrony roszcze\u0144);<\/p>\n\n\n\n<p>g) prawo do przenoszenia danych (prawo do otrzymania w ustrukturyzowanym, powszechnie u\u017cywanym formacie nadaj\u0105cym si\u0119 do odczytu maszynowego danych osobowych dostarczonych na podstawie zgody; mo\u017cna te\u017c zleci\u0107 przes\u0142anie tych danych bezpo\u015brednio innemu podmiotowi);<\/p>\n\n\n\n<p>h) prawo do wniesienia skargi do organu nadzorczego (je\u017celi dane s\u0105 przetwarzane niezgodnie z prawem, mo\u017cna z\u0142o\u017cy\u0107 w tej sprawie skarg\u0119 do Prezesa Urz\u0119du Ochrony Danych Osobowych lub innego w\u0142a\u015bciwego organu nadzorczego).<\/p>\n\n\n\n<p>2.9. W celu wykonania swoich praw Klient mo\u017ce skierowa\u0107 odpowiednie \u017c\u0105danie na adres Administratora lub z\u0142o\u017cy\u0107 bezpo\u015brednio w siedzibie Administratora. Klient, kt\u00f3ry korzysta ze sklepu internetowego www.multifrigo.pl prowadzonego przez Administratora mo\u017ce zrealizowa\u0107 powy\u017csze prawa poprzez z\u0142o\u017cenie o\u015bwiadcze\u0144 za po\u015brednictwem posiadanego przez niego konta. Przed realizacj\u0105 uprawnie\u0144 Klienta, Administrator musi go odpowiednio zidentyfikowa\u0107.<\/p>\n\n\n\n<p>2.10. Na wniosek Klienta, kt\u00f3rego dane dotycz\u0105, Administrator jest obowi\u0105zany, w terminie 30 dni, poinformowa\u0107 o danych osobowych jakie zawiera zbi\u00f3r, sposobie w jaki zosta\u0142y one zebrane, w jakim celu i zakresie s\u0105 przetwarzane oraz w jakim zakresie i komu zosta\u0142y udost\u0119pnione.<\/p>\n\n\n\n<p>2.11. Dane osobowe U\u017cytkownik\u00f3w s\u0105 chronione przez Administratora przed ich udost\u0119pnieniem osobom nieupowa\u017cnionym, a tak\u017ce przed innymi przypadkami ich ujawnienia, utraty, uszkodzenia, zniszczenia lub nieuprawnionej modyfikacji poprzez stosowanie wymaganych przez prawo zabezpiecze\u0144 organizacyjnych, a tak\u017ce zabezpiecze\u0144 o charakterze technicznym i informatycznym, w szczeg\u00f3lno\u015bci system\u00f3w szyfrowania danych.<\/p>\n\n\n\n<ol class=\"wp-block-list\" start=\"3\">\n<li>Pliki cookies<\/li>\n<\/ol>\n\n\n\n<p>3.1. Administrator na swoich stronach internetowych, w tym na platformie sklepu internetowego u\u017cywa tzw. plik\u00f3w Cookies (tj. \u201eciasteczek\u201d) w celu zabezpieczenia bezpiecze\u0144stwa i wysokiego poziomu obs\u0142ugi korzystaj\u0105cych z tych stron poprzez dostosowanie serwisu do ich indywidualnych potrzeb, w tym sposobu korzystania ze stron i podstron systemu.<\/p>\n\n\n\n<p>3.2. Pliki cookies s\u0105 to pliki tekstowe zapisywane przez strony internetowe w tym tak\u017ce przez Sklep internetowy, za po\u015brednictwem przegl\u0105darki internetowej na urz\u0105dzeniu ko\u0144cowym (komputerze, laptopie, smartfonie etc.) zawieraj\u0105ce informacje niezb\u0119dne do prawid\u0142owego funkcjonowania tych stron internetowych.<\/p>\n\n\n\n<p>3.3. Korzystaj\u0105cy ze stron internetowych mo\u017ce wyrazi\u0107 zgod\u0119 na u\u017cywanie plik\u00f3w cookies poprzez w\u0142a\u015bciwe ustawienia w menu u\u017cytkowanej przegl\u0105darki (szczeg\u00f3\u0142owe informacje co do sposobu dokonania zmian ustawie\u0144 podaje dostawca przegl\u0105darki). Korzystaj\u0105cy ze stron internetowych w ka\u017cdym czasie mo\u017ce swoj\u0105 zgod\u0119 cofn\u0105\u0107, poprzez wy\u0142\u0105czenie lub zmodyfikowanie mo\u017cliwo\u015bci zapisywania plik\u00f3w cookies na swoim urz\u0105dzeniu ko\u0144cowym poprzez odpowiednie ustawienia w oprogramowaniu s\u0142u\u017c\u0105cym do przegl\u0105dania stron internetowych (przegl\u0105darce internetowej).<\/p>\n\n\n\n<p>3.4. W przypadku wy\u0142\u0105czenia mo\u017cliwo\u015bci zapisywania plik\u00f3w cookies na urz\u0105dzeniu ko\u0144cowym konsekwencj\u0105 zwi\u0105zan\u0105 ze zmian\u0105 domy\u015blnych ustawie\u0144 przegl\u0105darki internetowej pozwalaj\u0105cych na zapisywanie plik\u00f3w cookies jest brak mo\u017cliwo\u015bci zalogowania si\u0119 poprzez konto do sklepu internetowego Administratora i korzystania z jego funkcjonalno\u015bci.<\/p>\n","protected":false},"excerpt":{"rendered":"<p>Multi Frigo Sp. z o.o. z siedzib\u0105 w Lublinie \u015bwiadcz\u0105c na rzecz os\u00f3b fizycznych us\u0142ugi, dokonuj\u0105c z nimi czynno\u015bci maj\u0105ce na celu zawieranie um\u00f3w kupna \u2013 sprzeda\u017cy , zawieraj\u0105c te umowy i realizuj\u0105c je z udzia\u0142em Klient\u00f3w lub os\u00f3b fizycznych wsp\u00f3\u0142pracuj\u0105cych z Klientami lub dzia\u0142aj\u0105cymi w ich imieniu ( dalej, jako\u201d Klienci\u201d) chroni prawo do [&hellip;]<\/p>\n","protected":false},"author":1,"featured_media":0,"parent":0,"menu_order":0,"comment_status":"closed","ping_status":"open","template":"","meta":{"_et_pb_use_builder":"","_et_pb_old_content":"","_et_gb_content_width":"1920","footnotes":""},"class_list":["post-3","page","type-page","status-publish","hentry"],"_links":{"self":[{"href":"https:\/\/www.multifrigo.pl\/sklep\/wp-json\/wp\/v2\/pages\/3","targetHints":{"allow":["GET"]}}],"collection":[{"href":"https:\/\/www.multifrigo.pl\/sklep\/wp-json\/wp\/v2\/pages"}],"about":[{"href":"https:\/\/www.multifrigo.pl\/sklep\/wp-json\/wp\/v2\/types\/page"}],"author":[{"embeddable":true,"href":"https:\/\/www.multifrigo.pl\/sklep\/wp-json\/wp\/v2\/users\/1"}],"replies":[{"embeddable":true,"href":"https:\/\/www.multifrigo.pl\/sklep\/wp-json\/wp\/v2\/comments?post=3"}],"version-history":[{"count":0,"href":"https:\/\/www.multifrigo.pl\/sklep\/wp-json\/wp\/v2\/pages\/3\/revisions"}],"wp:attachment":[{"href":"https:\/\/www.multifrigo.pl\/sklep\/wp-json\/wp\/v2\/media?parent=3"}],"curies":[{"name":"wp","href":"https:\/\/api.w.org\/{rel}","templated":true}]}}