{"id":10000,"date":"2024-07-03T12:58:40","date_gmt":"2024-07-03T12:58:40","guid":{"rendered":"https:\/\/multifrigo.pl\/sklep\/produkt\/stol-chlodniczy-3-drzwiowy-do-pizzy-z-nadstawka-szklana-v-402-l-stalgast-833037\/"},"modified":"2025-05-19T12:46:23","modified_gmt":"2025-05-19T12:46:23","slug":"stol-chlodniczy-3-drzwiowy-do-pizzy-z-nadstawka-szklana-v-402-l-stalgast-833037","status":"publish","type":"product","link":"https:\/\/www.multifrigo.pl\/sklep\/produkt\/stol-chlodniczy-3-drzwiowy-do-pizzy-z-nadstawka-szklana-v-402-l-stalgast-833037\/","title":{"rendered":"St\u00f3\u0142 ch\u0142odniczy 3 drzwiowy do pizzy z nadstawk\u0105 szklan\u0105, V 402 l | Stalgast 833037"},"content":{"rendered":"<p><LI>obudowa i wn\u0119trze wykonana ze stali nierdzewnej  <LI>dynamiczny obieg powietrza  <LI>elektroniczny sterownik z wy\u015bwietlaczem temperatury  <LI>filtr przeciwpy\u0142kowy  <LI>samodomykaj\u0105ce si\u0119 drzwi z blokad\u0105  <LI>komora w standardzie GN 1\/1  <LI>3 ruszty z prowadnicami w komplecie  <LI>funkcja automatycznego i r\u0119cznego odszraniania  <LI>blat na wysoko\u015bci 860 mm  <\/p>\n","protected":false},"excerpt":{"rendered":"<p>obudowa i wn\u0119trze wykonana ze stali nierdzewnej dynamiczny obieg powietrza elektroniczny sterownik z wy\u015bwietlaczem temperatury filtr przeciwpy\u0142kowy samodomykaj\u0105ce si\u0119 drzwi z blokad\u0105 komora w standardzie GN 1\/1 3 ruszty z prowadnicami w komplecie funkcja automatycznego i r\u0119cznego odszraniania blat na wysoko\u015bci 860 mm<\/p>\n","protected":false},"featured_media":16518,"template":"","meta":{"_et_pb_use_builder":"","_et_pb_old_content":"","_et_gb_content_width":""},"pwb-brand":[62],"product_brand":[],"product_cat":[525],"product_tag":[],"class_list":{"0":"post-10000","1":"product","2":"type-product","3":"status-publish","4":"has-post-thumbnail","6":"pwb-brand-stalgast","7":"product_cat-stoly-chlodnicze-do-pizzy","9":"first","10":"instock","11":"taxable","12":"shipping-taxable","13":"purchasable","14":"product-type-simple"},"brands":[{"id":62,"name":"Stalgast","slug":"stalgast"}],"_links":{"self":[{"href":"https:\/\/www.multifrigo.pl\/sklep\/wp-json\/wp\/v2\/product\/10000","targetHints":{"allow":["GET"]}}],"collection":[{"href":"https:\/\/www.multifrigo.pl\/sklep\/wp-json\/wp\/v2\/product"}],"about":[{"href":"https:\/\/www.multifrigo.pl\/sklep\/wp-json\/wp\/v2\/types\/product"}],"wp:featuredmedia":[{"embeddable":true,"href":"https:\/\/www.multifrigo.pl\/sklep\/wp-json\/wp\/v2\/media\/16518"}],"wp:attachment":[{"href":"https:\/\/www.multifrigo.pl\/sklep\/wp-json\/wp\/v2\/media?parent=10000"}],"wp:term":[{"taxonomy":"pwb-brand","embeddable":true,"href":"https:\/\/www.multifrigo.pl\/sklep\/wp-json\/wp\/v2\/pwb-brand?post=10000"},{"taxonomy":"product_brand","embeddable":true,"href":"https:\/\/www.multifrigo.pl\/sklep\/wp-json\/wp\/v2\/product_brand?post=10000"},{"taxonomy":"product_cat","embeddable":true,"href":"https:\/\/www.multifrigo.pl\/sklep\/wp-json\/wp\/v2\/product_cat?post=10000"},{"taxonomy":"product_tag","embeddable":true,"href":"https:\/\/www.multifrigo.pl\/sklep\/wp-json\/wp\/v2\/product_tag?post=10000"}],"curies":[{"name":"wp","href":"https:\/\/api.w.org\/{rel}","templated":true}]}}