{"id":10001,"date":"2024-07-03T12:58:40","date_gmt":"2024-07-03T12:58:40","guid":{"rendered":"https:\/\/multifrigo.pl\/sklep\/produkt\/stol-chlodniczy-2-drzwiowy-600x400-mm-do-pizzy-z-szufladami-v-580-l-stalgast-833271\/"},"modified":"2025-05-19T12:46:24","modified_gmt":"2025-05-19T12:46:24","slug":"stol-chlodniczy-2-drzwiowy-600x400-mm-do-pizzy-z-szufladami-v-580-l-stalgast-833271","status":"publish","type":"product","link":"https:\/\/www.multifrigo.pl\/sklep\/produkt\/stol-chlodniczy-2-drzwiowy-600x400-mm-do-pizzy-z-szufladami-v-580-l-stalgast-833271\/","title":{"rendered":"St\u00f3\u0142 ch\u0142odniczy 2 drzwiowy, 600&#215;400 mm, do pizzy z szufladami, V 580 l | Stalgast 833271"},"content":{"rendered":"<p><LI>obudowa i wn\u0119trze wykonane ze stali nierdzewnej  <LI>blat wykonany z granitu  <LI>7 szuflad neutralnych (niech\u0142odzonych)  <LI>wymuszony obieg powietrza  <LI>elektroniczny sterownik z wy\u015bwietlaczem temperatury  <LI>automatyczne odszranianie  <LI>filtr przeciwpy\u0142kowy  <LI>automatyczne odparowanie skroplin  <LI>komora w standardzie 600&#215;400  <LI>cyfrowy wy\u015bwietlacz  <LI>2 drzwiowa komora ch\u0142odz\u0105ca o wymiarach 600&#215;400 mm  <LI>drzwii samodomykaj\u0105ce si\u0119  <\/p>\n","protected":false},"excerpt":{"rendered":"<p>obudowa i wn\u0119trze wykonane ze stali nierdzewnej blat wykonany z granitu 7 szuflad neutralnych (niech\u0142odzonych) wymuszony obieg powietrza elektroniczny sterownik z wy\u015bwietlaczem temperatury automatyczne odszranianie filtr przeciwpy\u0142kowy automatyczne odparowanie skroplin komora w standardzie 600&#215;400 cyfrowy wy\u015bwietlacz 2 drzwiowa komora ch\u0142odz\u0105ca o wymiarach 600&#215;400 mm drzwii samodomykaj\u0105ce si\u0119<\/p>\n","protected":false},"featured_media":16520,"template":"","meta":{"_et_pb_use_builder":"","_et_pb_old_content":"","_et_gb_content_width":""},"pwb-brand":[62],"product_brand":[],"product_cat":[521],"product_tag":[],"class_list":{"0":"post-10001","1":"product","2":"type-product","3":"status-publish","4":"has-post-thumbnail","6":"pwb-brand-stalgast","7":"product_cat-akcesoria-do-urzadzen-chlodniczych","9":"first","10":"instock","11":"taxable","12":"shipping-taxable","13":"purchasable","14":"product-type-simple"},"brands":[{"id":62,"name":"Stalgast","slug":"stalgast"}],"_links":{"self":[{"href":"https:\/\/www.multifrigo.pl\/sklep\/wp-json\/wp\/v2\/product\/10001","targetHints":{"allow":["GET"]}}],"collection":[{"href":"https:\/\/www.multifrigo.pl\/sklep\/wp-json\/wp\/v2\/product"}],"about":[{"href":"https:\/\/www.multifrigo.pl\/sklep\/wp-json\/wp\/v2\/types\/product"}],"wp:featuredmedia":[{"embeddable":true,"href":"https:\/\/www.multifrigo.pl\/sklep\/wp-json\/wp\/v2\/media\/16520"}],"wp:attachment":[{"href":"https:\/\/www.multifrigo.pl\/sklep\/wp-json\/wp\/v2\/media?parent=10001"}],"wp:term":[{"taxonomy":"pwb-brand","embeddable":true,"href":"https:\/\/www.multifrigo.pl\/sklep\/wp-json\/wp\/v2\/pwb-brand?post=10001"},{"taxonomy":"product_brand","embeddable":true,"href":"https:\/\/www.multifrigo.pl\/sklep\/wp-json\/wp\/v2\/product_brand?post=10001"},{"taxonomy":"product_cat","embeddable":true,"href":"https:\/\/www.multifrigo.pl\/sklep\/wp-json\/wp\/v2\/product_cat?post=10001"},{"taxonomy":"product_tag","embeddable":true,"href":"https:\/\/www.multifrigo.pl\/sklep\/wp-json\/wp\/v2\/product_tag?post=10001"}],"curies":[{"name":"wp","href":"https:\/\/api.w.org\/{rel}","templated":true}]}}