{"id":10013,"date":"2024-07-03T12:58:43","date_gmt":"2024-07-03T12:58:43","guid":{"rendered":"https:\/\/multifrigo.pl\/sklep\/produkt\/stol-mrozniczy-2-drzwiowy-agregat-na-dole-stalgast-842045\/"},"modified":"2025-05-19T12:46:29","modified_gmt":"2025-05-19T12:46:29","slug":"stol-mrozniczy-2-drzwiowy-agregat-na-dole-stalgast-842045","status":"publish","type":"product","link":"https:\/\/www.multifrigo.pl\/sklep\/produkt\/stol-mrozniczy-2-drzwiowy-agregat-na-dole-stalgast-842045\/","title":{"rendered":"St\u00f3\u0142 mro\u017aniczy 2 drzwiowy, agregat na dole | Stalgast 842045"},"content":{"rendered":"<p><LI>obudowa i komora wykonane ze stali nierdzewnej  <LI>blat roboczy ze stali nierdzewnej  <LI>wymuszony obieg powietrza  <LI>elektroniczny sterownik z wy\u015bwietlaczem temperatury  <LI>filtr przeciwpy\u0142kowy  <LI>automatyczne odparowanie skroplin  <LI>samodomykaj\u0105ce si\u0119 drzwi z blokad\u0105  <LI>izolacja z pianki poliuretanowej 60 mm  <LI>komora w standardzie GN 1\/1  <LI>2 ruszty z prowadnicami w komplecie  <\/p>\n","protected":false},"excerpt":{"rendered":"<p>obudowa i komora wykonane ze stali nierdzewnej blat roboczy ze stali nierdzewnej wymuszony obieg powietrza elektroniczny sterownik z wy\u015bwietlaczem temperatury filtr przeciwpy\u0142kowy automatyczne odparowanie skroplin samodomykaj\u0105ce si\u0119 drzwi z blokad\u0105 izolacja z pianki poliuretanowej 60 mm komora w standardzie GN 1\/1 2 ruszty z prowadnicami w komplecie<\/p>\n","protected":false},"featured_media":16555,"template":"","meta":{"_et_pb_use_builder":"","_et_pb_old_content":"","_et_gb_content_width":""},"pwb-brand":[62],"product_brand":[],"product_cat":[529],"product_tag":[],"class_list":{"0":"post-10013","1":"product","2":"type-product","3":"status-publish","4":"has-post-thumbnail","6":"pwb-brand-stalgast","7":"product_cat-stoly-mroznicze","9":"first","10":"instock","11":"taxable","12":"shipping-taxable","13":"purchasable","14":"product-type-simple"},"brands":[{"id":62,"name":"Stalgast","slug":"stalgast"}],"_links":{"self":[{"href":"https:\/\/www.multifrigo.pl\/sklep\/wp-json\/wp\/v2\/product\/10013","targetHints":{"allow":["GET"]}}],"collection":[{"href":"https:\/\/www.multifrigo.pl\/sklep\/wp-json\/wp\/v2\/product"}],"about":[{"href":"https:\/\/www.multifrigo.pl\/sklep\/wp-json\/wp\/v2\/types\/product"}],"wp:featuredmedia":[{"embeddable":true,"href":"https:\/\/www.multifrigo.pl\/sklep\/wp-json\/wp\/v2\/media\/16555"}],"wp:attachment":[{"href":"https:\/\/www.multifrigo.pl\/sklep\/wp-json\/wp\/v2\/media?parent=10013"}],"wp:term":[{"taxonomy":"pwb-brand","embeddable":true,"href":"https:\/\/www.multifrigo.pl\/sklep\/wp-json\/wp\/v2\/pwb-brand?post=10013"},{"taxonomy":"product_brand","embeddable":true,"href":"https:\/\/www.multifrigo.pl\/sklep\/wp-json\/wp\/v2\/product_brand?post=10013"},{"taxonomy":"product_cat","embeddable":true,"href":"https:\/\/www.multifrigo.pl\/sklep\/wp-json\/wp\/v2\/product_cat?post=10013"},{"taxonomy":"product_tag","embeddable":true,"href":"https:\/\/www.multifrigo.pl\/sklep\/wp-json\/wp\/v2\/product_tag?post=10013"}],"curies":[{"name":"wp","href":"https:\/\/api.w.org\/{rel}","templated":true}]}}