{"id":10021,"date":"2024-07-03T12:58:45","date_gmt":"2024-07-03T12:58:45","guid":{"rendered":"https:\/\/multifrigo.pl\/sklep\/produkt\/schladzarko-zamrazarka-szokowa-10x-gn-1-1-tecnodom-849103\/"},"modified":"2025-05-19T12:46:32","modified_gmt":"2025-05-19T12:46:32","slug":"schladzarko-zamrazarka-szokowa-10x-gn-1-1-tecnodom-849103","status":"publish","type":"product","link":"https:\/\/www.multifrigo.pl\/sklep\/produkt\/schladzarko-zamrazarka-szokowa-10x-gn-1-1-tecnodom-849103\/","title":{"rendered":"Sch\u0142adzarko-zamra\u017carka szokowa 10x GN 1\/1 | Tecnodom 849103"},"content":{"rendered":"<p><LI>urz\u0105dzenie s\u0142u\u017c\u0105ce do szybkiego sch\u0142adzania lub szybkiego zamra\u017cania przygotowanych potraw  <LI>zaokr\u0105glone rogi komory ch\u0142odz\u0105cej u\u0142atwiaj\u0105 czyszczenie  <LI>otw\u00f3r odp\u0142ywowy na spodzie komory  <LI>wbudowany agregat  <LI>cyfrowy panel sterowania  <LI>pojemno\u015b\u0107: 10xGN 1\/1 lub 10x400x600  <LI>wsad 25\/20 kg na cykl  <LI>sch\u0142adzanie szokowe od +70\u00b0C do +3\u00b0C w ci\u0105gu 90 minut  <LI>urz\u0105dzenie automatycznie przechodzi w tryb ch\u0142odzenia +2\u00b0C gdy cykl sch\u0142adzania szokowego dobiegnie ko\u0144ca  <LI>zamra\u017canie szokowe od +70\u00b0C do -18\u00b0C w ci\u0105gu 240 minut  <LI>urz\u0105dzenie automatycznie przechodzi w tryb ch\u0142odzenia -20\u00b0C gdy cykl zamra\u017cania szokowego dobiegnie ko\u0144ca  <LI>rozmra\u017canie r\u0119czne  <LI>sto\u017ckowa sonda temperatury rdzenia produktu  <LI>warstwa izolacyjna z wypienionego poliuretanu  <LI>\u015bcianki zewn\u0119trzne i wewn\u0119trzne wykonanie ze stali nierdzewnej  <LI>profilowany uchwyt zamykania drzwi  <LI>uszczelnienie drzwi magnetyczne  <LI>system ch\u0142odniczy wentylowany  <LI>praca w temperaturze do 43C i 65RH  <LI>czynnik ch\u0142odniczy bezpieczny dla \u015brodowiska R455a  <LI>odleg\u0142o\u015b\u0107 mi\u0119dzy p\u00f3\u0142kami 70 mm  <LI>nie posiada o\u015bwietlenia  <\/p>\n","protected":false},"excerpt":{"rendered":"<p>urz\u0105dzenie s\u0142u\u017c\u0105ce do szybkiego sch\u0142adzania lub szybkiego zamra\u017cania przygotowanych potraw zaokr\u0105glone rogi komory ch\u0142odz\u0105cej u\u0142atwiaj\u0105 czyszczenie otw\u00f3r odp\u0142ywowy na spodzie komory wbudowany agregat cyfrowy panel sterowania pojemno\u015b\u0107: 10xGN 1\/1 lub 10x400x600 wsad 25\/20 kg na cykl sch\u0142adzanie szokowe od +70\u00b0C do +3\u00b0C w ci\u0105gu 90 minut urz\u0105dzenie automatycznie przechodzi w tryb ch\u0142odzenia +2\u00b0C gdy cykl [&hellip;]<\/p>\n","protected":false},"featured_media":16581,"template":"","meta":{"_et_pb_use_builder":"","_et_pb_old_content":"","_et_gb_content_width":""},"pwb-brand":[536],"product_brand":[],"product_cat":[530],"product_tag":[],"class_list":{"0":"post-10021","1":"product","2":"type-product","3":"status-publish","4":"has-post-thumbnail","6":"pwb-brand-tecnodom","7":"product_cat-zamrazarki-szokowe","9":"first","10":"instock","11":"taxable","12":"shipping-taxable","13":"purchasable","14":"product-type-simple"},"brands":[{"id":536,"name":"Tecnodom","slug":"tecnodom"}],"_links":{"self":[{"href":"https:\/\/www.multifrigo.pl\/sklep\/wp-json\/wp\/v2\/product\/10021","targetHints":{"allow":["GET"]}}],"collection":[{"href":"https:\/\/www.multifrigo.pl\/sklep\/wp-json\/wp\/v2\/product"}],"about":[{"href":"https:\/\/www.multifrigo.pl\/sklep\/wp-json\/wp\/v2\/types\/product"}],"wp:featuredmedia":[{"embeddable":true,"href":"https:\/\/www.multifrigo.pl\/sklep\/wp-json\/wp\/v2\/media\/16581"}],"wp:attachment":[{"href":"https:\/\/www.multifrigo.pl\/sklep\/wp-json\/wp\/v2\/media?parent=10021"}],"wp:term":[{"taxonomy":"pwb-brand","embeddable":true,"href":"https:\/\/www.multifrigo.pl\/sklep\/wp-json\/wp\/v2\/pwb-brand?post=10021"},{"taxonomy":"product_brand","embeddable":true,"href":"https:\/\/www.multifrigo.pl\/sklep\/wp-json\/wp\/v2\/product_brand?post=10021"},{"taxonomy":"product_cat","embeddable":true,"href":"https:\/\/www.multifrigo.pl\/sklep\/wp-json\/wp\/v2\/product_cat?post=10021"},{"taxonomy":"product_tag","embeddable":true,"href":"https:\/\/www.multifrigo.pl\/sklep\/wp-json\/wp\/v2\/product_tag?post=10021"}],"curies":[{"name":"wp","href":"https:\/\/api.w.org\/{rel}","templated":true}]}}