{"id":10036,"date":"2024-07-03T12:58:48","date_gmt":"2024-07-03T12:58:48","guid":{"rendered":"https:\/\/multifrigo.pl\/sklep\/produkt\/kostkarka-natryskowa-21-kg-24-h-chlodzona-woda-abs-brema-872212\/"},"modified":"2025-05-19T12:46:44","modified_gmt":"2025-05-19T12:46:44","slug":"kostkarka-natryskowa-21-kg-24-h-chlodzona-woda-abs-brema-872212","status":"publish","type":"product","link":"https:\/\/www.multifrigo.pl\/sklep\/produkt\/kostkarka-natryskowa-21-kg-24-h-chlodzona-woda-abs-brema-872212\/","title":{"rendered":"Kostkarka natryskowa 21 kg\/24 h ch\u0142odzona wod\u0105 (ABS) | Brema 872212"},"content":{"rendered":"<p><LI>przeznaczona do hoteli, restauracji, bar\u00f3w, dyskotek oraz bar\u00f3w szybkiej obs\u0142ugi &#8222;Fast Food&#8221;  <LI>tworzenie kostek metod\u0105 natryskow\u0105  <LI>posiada zasobnik na l\u00f3d  <LI>izolowane \u015bcianki  <LI>wymagane pod\u0142\u0105czenie do wody i odp\u0142ywu  <LI>obudowa z tworzywa ABS  <LI>odp\u0142yw grawitacyjny  <LI>u\u017cywa\u0107 wody o twardo\u015bci do 6\u00b0dH w skali niemieckiej  <LI>czynnik ch\u0142odniczy R290  <LI>wysoko\u015b\u0107 bez n\u00f3\u017cek 590 mm, n\u00f3\u017cka h 5 mm  <\/p>\n","protected":false},"excerpt":{"rendered":"<p>przeznaczona do hoteli, restauracji, bar\u00f3w, dyskotek oraz bar\u00f3w szybkiej obs\u0142ugi &#8222;Fast Food&#8221; tworzenie kostek metod\u0105 natryskow\u0105 posiada zasobnik na l\u00f3d izolowane \u015bcianki wymagane pod\u0142\u0105czenie do wody i odp\u0142ywu obudowa z tworzywa ABS odp\u0142yw grawitacyjny u\u017cywa\u0107 wody o twardo\u015bci do 6\u00b0dH w skali niemieckiej czynnik ch\u0142odniczy R290 wysoko\u015b\u0107 bez n\u00f3\u017cek 590 mm, n\u00f3\u017cka h 5 mm<\/p>\n","protected":false},"featured_media":16601,"template":"","meta":{"_et_pb_use_builder":"","_et_pb_old_content":"","_et_gb_content_width":""},"pwb-brand":[537],"product_brand":[],"product_cat":[535],"product_tag":[],"class_list":{"0":"post-10036","1":"product","2":"type-product","3":"status-publish","4":"has-post-thumbnail","6":"pwb-brand-brema","7":"product_cat-chlodzone-woda","9":"first","10":"instock","11":"taxable","12":"shipping-taxable","13":"purchasable","14":"product-type-simple"},"brands":[{"id":537,"name":"Brema","slug":"brema"}],"_links":{"self":[{"href":"https:\/\/www.multifrigo.pl\/sklep\/wp-json\/wp\/v2\/product\/10036","targetHints":{"allow":["GET"]}}],"collection":[{"href":"https:\/\/www.multifrigo.pl\/sklep\/wp-json\/wp\/v2\/product"}],"about":[{"href":"https:\/\/www.multifrigo.pl\/sklep\/wp-json\/wp\/v2\/types\/product"}],"wp:featuredmedia":[{"embeddable":true,"href":"https:\/\/www.multifrigo.pl\/sklep\/wp-json\/wp\/v2\/media\/16601"}],"wp:attachment":[{"href":"https:\/\/www.multifrigo.pl\/sklep\/wp-json\/wp\/v2\/media?parent=10036"}],"wp:term":[{"taxonomy":"pwb-brand","embeddable":true,"href":"https:\/\/www.multifrigo.pl\/sklep\/wp-json\/wp\/v2\/pwb-brand?post=10036"},{"taxonomy":"product_brand","embeddable":true,"href":"https:\/\/www.multifrigo.pl\/sklep\/wp-json\/wp\/v2\/product_brand?post=10036"},{"taxonomy":"product_cat","embeddable":true,"href":"https:\/\/www.multifrigo.pl\/sklep\/wp-json\/wp\/v2\/product_cat?post=10036"},{"taxonomy":"product_tag","embeddable":true,"href":"https:\/\/www.multifrigo.pl\/sklep\/wp-json\/wp\/v2\/product_tag?post=10036"}],"curies":[{"name":"wp","href":"https:\/\/api.w.org\/{rel}","templated":true}]}}