{"id":10049,"date":"2024-07-03T12:58:51","date_gmt":"2024-07-03T12:58:51","guid":{"rendered":"https:\/\/multifrigo.pl\/sklep\/produkt\/kostkarka-natryskowa-80-kg-24-h-chlodzona-powietrzem-brema-872801\/"},"modified":"2025-05-19T12:47:07","modified_gmt":"2025-05-19T12:47:07","slug":"kostkarka-natryskowa-80-kg-24-h-chlodzona-powietrzem-brema-872801","status":"publish","type":"product","link":"https:\/\/www.multifrigo.pl\/sklep\/produkt\/kostkarka-natryskowa-80-kg-24-h-chlodzona-powietrzem-brema-872801\/","title":{"rendered":"Kostkarka natryskowa 80 kg\/24 h ch\u0142odzona powietrzem | Brema 872801"},"content":{"rendered":"<p><LI>przeznaczona do hoteli, restauracji, bar\u00f3w, dyskotek oraz bar\u00f3w szybkiej obs\u0142ugi &#8222;Fast Food&#8221;  <LI>tworzenie kostek metod\u0105 natryskow\u0105  <LI>posiada zasobnik na l\u00f3d  <LI>izolowane \u015bcianki  <LI>wymagane pod\u0142\u0105czenie do wody i odp\u0142ywu  <LI>odp\u0142yw grawitacyjny  <LI>u\u017cywa\u0107 wody o twardo\u015bci do 6\u00b0dH w skali niemieckiej  <LI>czynnik ch\u0142odniczy R290  <LI>wysoko\u015b\u0107 bez n\u00f3\u017cek 920 mm, n\u00f3\u017cka h 110-150 mm  <\/p>\n","protected":false},"excerpt":{"rendered":"<p>przeznaczona do hoteli, restauracji, bar\u00f3w, dyskotek oraz bar\u00f3w szybkiej obs\u0142ugi &#8222;Fast Food&#8221; tworzenie kostek metod\u0105 natryskow\u0105 posiada zasobnik na l\u00f3d izolowane \u015bcianki wymagane pod\u0142\u0105czenie do wody i odp\u0142ywu odp\u0142yw grawitacyjny u\u017cywa\u0107 wody o twardo\u015bci do 6\u00b0dH w skali niemieckiej czynnik ch\u0142odniczy R290 wysoko\u015b\u0107 bez n\u00f3\u017cek 920 mm, n\u00f3\u017cka h 110-150 mm<\/p>\n","protected":false},"featured_media":16627,"template":"","meta":{"_et_pb_use_builder":"","_et_pb_old_content":"","_et_gb_content_width":""},"pwb-brand":[537],"product_brand":[],"product_cat":[534],"product_tag":[],"class_list":{"0":"post-10049","1":"product","2":"type-product","3":"status-publish","4":"has-post-thumbnail","6":"pwb-brand-brema","7":"product_cat-chlodzone-powietrzem","9":"first","10":"instock","11":"taxable","12":"shipping-taxable","13":"purchasable","14":"product-type-simple"},"brands":[{"id":537,"name":"Brema","slug":"brema"}],"_links":{"self":[{"href":"https:\/\/www.multifrigo.pl\/sklep\/wp-json\/wp\/v2\/product\/10049","targetHints":{"allow":["GET"]}}],"collection":[{"href":"https:\/\/www.multifrigo.pl\/sklep\/wp-json\/wp\/v2\/product"}],"about":[{"href":"https:\/\/www.multifrigo.pl\/sklep\/wp-json\/wp\/v2\/types\/product"}],"wp:featuredmedia":[{"embeddable":true,"href":"https:\/\/www.multifrigo.pl\/sklep\/wp-json\/wp\/v2\/media\/16627"}],"wp:attachment":[{"href":"https:\/\/www.multifrigo.pl\/sklep\/wp-json\/wp\/v2\/media?parent=10049"}],"wp:term":[{"taxonomy":"pwb-brand","embeddable":true,"href":"https:\/\/www.multifrigo.pl\/sklep\/wp-json\/wp\/v2\/pwb-brand?post=10049"},{"taxonomy":"product_brand","embeddable":true,"href":"https:\/\/www.multifrigo.pl\/sklep\/wp-json\/wp\/v2\/product_brand?post=10049"},{"taxonomy":"product_cat","embeddable":true,"href":"https:\/\/www.multifrigo.pl\/sklep\/wp-json\/wp\/v2\/product_cat?post=10049"},{"taxonomy":"product_tag","embeddable":true,"href":"https:\/\/www.multifrigo.pl\/sklep\/wp-json\/wp\/v2\/product_tag?post=10049"}],"curies":[{"name":"wp","href":"https:\/\/api.w.org\/{rel}","templated":true}]}}