{"id":10055,"date":"2024-07-03T12:58:53","date_gmt":"2024-07-03T12:58:53","guid":{"rendered":"https:\/\/multifrigo.pl\/sklep\/produkt\/kostkarka-do-kruszonego-lodu-55kg-24-h-chlodzona-powietrzem-pebbles-ice-brema-873551\/"},"modified":"2025-05-19T12:47:10","modified_gmt":"2025-05-19T12:47:10","slug":"kostkarka-do-kruszonego-lodu-55kg-24-h-chlodzona-powietrzem-pebbles-ice-brema-873551","status":"publish","type":"product","link":"https:\/\/www.multifrigo.pl\/sklep\/produkt\/kostkarka-do-kruszonego-lodu-55kg-24-h-chlodzona-powietrzem-pebbles-ice-brema-873551\/","title":{"rendered":"Kostkarka do kruszonego lodu 55kg\/24 h ch\u0142odzona powietrzem, pebbles ice | Brema 873551"},"content":{"rendered":"<p><LI>przeznaczona do dyskotek, bar\u00f3w, bar\u00f3w szybkiej obs\u0142ugi \u201eFast Food\u201d hoteli, sklep\u00f3w rybnych itp.  <LI>\u015bwietnie nadaje si\u0119 do drink\u00f3w, koktajli, sok\u00f3w a tak\u017ce do prezentacji ser\u00f3w, ryb, sa\u0142atek itp.  <LI>produkuje kruszony l\u00f3d (91% suche bry\u0142ki )  <LI>wysoka sprawno\u015b\u0107 1 l wody = 1 kg lodu  <LI>du\u017ca wydajno\u015b\u0107 55kg\/24h  <LI>posiada zasobnik na l\u00f3d (poj. 10 kg)  <LI>obudowa z blachy AISI 304  <LI>izolowane \u015bcianki  <LI>wymagane pod\u0142\u0105czenie do wody  <LI>odp\u0142yw grawitacyjny  <LI>ch\u0142odzenie powietrzem  <LI>czynnik ch\u0142odniczy R452A  <\/p>\n","protected":false},"excerpt":{"rendered":"<p>przeznaczona do dyskotek, bar\u00f3w, bar\u00f3w szybkiej obs\u0142ugi \u201eFast Food\u201d hoteli, sklep\u00f3w rybnych itp. \u015bwietnie nadaje si\u0119 do drink\u00f3w, koktajli, sok\u00f3w a tak\u017ce do prezentacji ser\u00f3w, ryb, sa\u0142atek itp. produkuje kruszony l\u00f3d (91% suche bry\u0142ki ) wysoka sprawno\u015b\u0107 1 l wody = 1 kg lodu du\u017ca wydajno\u015b\u0107 55kg\/24h posiada zasobnik na l\u00f3d (poj. 10 kg) obudowa [&hellip;]<\/p>\n","protected":false},"featured_media":16639,"template":"","meta":{"_et_pb_use_builder":"on","_et_pb_old_content":"<LI>przeznaczona do dyskotek, bar\u00f3w, bar\u00f3w szybkiej obs\u0142ugi \u201eFast Food\u201d hoteli, sklep\u00f3w rybnych itp.  <LI>\u015bwietnie nadaje si\u0119 do drink\u00f3w, koktajli, sok\u00f3w a tak\u017ce do prezentacji ser\u00f3w, ryb, sa\u0142atek itp.  <LI>produkuje kruszony l\u00f3d (91% suche bry\u0142ki )  <LI>wysoka sprawno\u015b\u0107 1 l wody = 1 kg lodu  <LI>du\u017ca wydajno\u015b\u0107 55kg\/24h  <LI>posiada zasobnik na l\u00f3d (poj. 10 kg)  <LI>obudowa z blachy AISI 304  <LI>izolowane \u015bcianki  <LI>wymagane pod\u0142\u0105czenie do wody  <LI>odp\u0142yw grawitacyjny  <LI>ch\u0142odzenie powietrzem  <LI>czynnik ch\u0142odniczy R452A  ","_et_gb_content_width":""},"pwb-brand":[537],"product_brand":[],"product_cat":[534],"product_tag":[],"class_list":{"0":"post-10055","1":"product","2":"type-product","3":"status-publish","4":"has-post-thumbnail","6":"pwb-brand-brema","7":"product_cat-chlodzone-powietrzem","9":"first","10":"instock","11":"taxable","12":"shipping-taxable","13":"purchasable","14":"product-type-simple"},"brands":[{"id":537,"name":"Brema","slug":"brema"}],"_links":{"self":[{"href":"https:\/\/www.multifrigo.pl\/sklep\/wp-json\/wp\/v2\/product\/10055","targetHints":{"allow":["GET"]}}],"collection":[{"href":"https:\/\/www.multifrigo.pl\/sklep\/wp-json\/wp\/v2\/product"}],"about":[{"href":"https:\/\/www.multifrigo.pl\/sklep\/wp-json\/wp\/v2\/types\/product"}],"wp:featuredmedia":[{"embeddable":true,"href":"https:\/\/www.multifrigo.pl\/sklep\/wp-json\/wp\/v2\/media\/16639"}],"wp:attachment":[{"href":"https:\/\/www.multifrigo.pl\/sklep\/wp-json\/wp\/v2\/media?parent=10055"}],"wp:term":[{"taxonomy":"pwb-brand","embeddable":true,"href":"https:\/\/www.multifrigo.pl\/sklep\/wp-json\/wp\/v2\/pwb-brand?post=10055"},{"taxonomy":"product_brand","embeddable":true,"href":"https:\/\/www.multifrigo.pl\/sklep\/wp-json\/wp\/v2\/product_brand?post=10055"},{"taxonomy":"product_cat","embeddable":true,"href":"https:\/\/www.multifrigo.pl\/sklep\/wp-json\/wp\/v2\/product_cat?post=10055"},{"taxonomy":"product_tag","embeddable":true,"href":"https:\/\/www.multifrigo.pl\/sklep\/wp-json\/wp\/v2\/product_tag?post=10055"}],"curies":[{"name":"wp","href":"https:\/\/api.w.org\/{rel}","templated":true}]}}