{"id":10106,"date":"2024-07-03T12:59:02","date_gmt":"2024-07-03T12:59:02","guid":{"rendered":"https:\/\/multifrigo.pl\/sklep\/produkt\/plyn-do-mycia-piecow-unox-2x5-l-unox-908010\/"},"modified":"2025-05-19T12:47:42","modified_gmt":"2025-05-19T12:47:42","slug":"plyn-do-mycia-piecow-unox-2x5-l-unox-908010","status":"publish","type":"product","link":"https:\/\/www.multifrigo.pl\/sklep\/produkt\/plyn-do-mycia-piecow-unox-2x5-l-unox-908010\/","title":{"rendered":"P\u0142yn do mycia piec\u00f3w Unox 2&#215;5 l | Unox 908010"},"content":{"rendered":"<p><LI>dedykowany do systemu myj\u0105cego Rotor.KLEAN  <LI>sprzedawany w opakowaniach po 2 sztuki (2x5l)  <\/p>\n","protected":false},"excerpt":{"rendered":"<p>dedykowany do systemu myj\u0105cego Rotor.KLEAN sprzedawany w opakowaniach po 2 sztuki (2x5l)<\/p>\n","protected":false},"featured_media":16734,"template":"","meta":{"_et_pb_use_builder":"","_et_pb_old_content":"","_et_gb_content_width":""},"pwb-brand":[543],"product_brand":[],"product_cat":[389],"product_tag":[],"class_list":{"0":"post-10106","1":"product","2":"type-product","3":"status-publish","4":"has-post-thumbnail","6":"pwb-brand-unox","7":"product_cat-do-piecow","9":"first","10":"instock","11":"taxable","12":"shipping-taxable","13":"purchasable","14":"product-type-simple"},"brands":[{"id":543,"name":"Unox","slug":"unox"}],"_links":{"self":[{"href":"https:\/\/www.multifrigo.pl\/sklep\/wp-json\/wp\/v2\/product\/10106","targetHints":{"allow":["GET"]}}],"collection":[{"href":"https:\/\/www.multifrigo.pl\/sklep\/wp-json\/wp\/v2\/product"}],"about":[{"href":"https:\/\/www.multifrigo.pl\/sklep\/wp-json\/wp\/v2\/types\/product"}],"wp:featuredmedia":[{"embeddable":true,"href":"https:\/\/www.multifrigo.pl\/sklep\/wp-json\/wp\/v2\/media\/16734"}],"wp:attachment":[{"href":"https:\/\/www.multifrigo.pl\/sklep\/wp-json\/wp\/v2\/media?parent=10106"}],"wp:term":[{"taxonomy":"pwb-brand","embeddable":true,"href":"https:\/\/www.multifrigo.pl\/sklep\/wp-json\/wp\/v2\/pwb-brand?post=10106"},{"taxonomy":"product_brand","embeddable":true,"href":"https:\/\/www.multifrigo.pl\/sklep\/wp-json\/wp\/v2\/product_brand?post=10106"},{"taxonomy":"product_cat","embeddable":true,"href":"https:\/\/www.multifrigo.pl\/sklep\/wp-json\/wp\/v2\/product_cat?post=10106"},{"taxonomy":"product_tag","embeddable":true,"href":"https:\/\/www.multifrigo.pl\/sklep\/wp-json\/wp\/v2\/product_tag?post=10106"}],"curies":[{"name":"wp","href":"https:\/\/api.w.org\/{rel}","templated":true}]}}