{"id":10107,"date":"2024-07-03T12:59:03","date_gmt":"2024-07-03T12:59:03","guid":{"rendered":"https:\/\/multifrigo.pl\/sklep\/produkt\/plyn-do-mycia-piecow-unox-detrise-10x1l-unox-908012\/"},"modified":"2026-04-22T14:29:40","modified_gmt":"2026-04-22T14:29:40","slug":"plyn-do-mycia-piecow-unox-detrise-10x1l-unox-908012","status":"publish","type":"product","link":"https:\/\/www.multifrigo.pl\/sklep\/produkt\/plyn-do-mycia-piecow-unox-detrise-10x1l-unox-908012\/","title":{"rendered":"P\u0142yn do mycia piec\u00f3w UNOX DET&#038;RISE ULTRAPLUS 10x1L | Unox 908012"},"content":{"rendered":"<h3><strong>P\u0142yn do mycia piec\u00f3w Unox DET&amp;RISE ULTRAPLUS<\/strong><\/h3>\n<ul>\n<li>dedykowany do systemu myj\u0105cego Rotor.KLEAN<\/li>\n<li>sprzedawany po 10x1l<\/li>\n<\/ul>\n","protected":false},"excerpt":{"rendered":"<p>P\u0142yn do mycia piec\u00f3w Unox DET&amp;RISE ULTRAPLUS dedykowany do systemu myj\u0105cego Rotor.KLEAN sprzedawany po 10x1l<\/p>\n","protected":false},"featured_media":75877,"template":"","meta":{"_et_pb_use_builder":"","_et_pb_old_content":"","_et_gb_content_width":""},"pwb-brand":[543],"product_brand":[],"product_cat":[389],"product_tag":[],"class_list":{"0":"post-10107","1":"product","2":"type-product","3":"status-publish","4":"has-post-thumbnail","6":"pwb-brand-unox","7":"product_cat-do-piecow","9":"first","10":"instock","11":"taxable","12":"shipping-taxable","13":"purchasable","14":"product-type-simple"},"brands":[{"id":543,"name":"Unox","slug":"unox"}],"_links":{"self":[{"href":"https:\/\/www.multifrigo.pl\/sklep\/wp-json\/wp\/v2\/product\/10107","targetHints":{"allow":["GET"]}}],"collection":[{"href":"https:\/\/www.multifrigo.pl\/sklep\/wp-json\/wp\/v2\/product"}],"about":[{"href":"https:\/\/www.multifrigo.pl\/sklep\/wp-json\/wp\/v2\/types\/product"}],"wp:featuredmedia":[{"embeddable":true,"href":"https:\/\/www.multifrigo.pl\/sklep\/wp-json\/wp\/v2\/media\/75877"}],"wp:attachment":[{"href":"https:\/\/www.multifrigo.pl\/sklep\/wp-json\/wp\/v2\/media?parent=10107"}],"wp:term":[{"taxonomy":"pwb-brand","embeddable":true,"href":"https:\/\/www.multifrigo.pl\/sklep\/wp-json\/wp\/v2\/pwb-brand?post=10107"},{"taxonomy":"product_brand","embeddable":true,"href":"https:\/\/www.multifrigo.pl\/sklep\/wp-json\/wp\/v2\/product_brand?post=10107"},{"taxonomy":"product_cat","embeddable":true,"href":"https:\/\/www.multifrigo.pl\/sklep\/wp-json\/wp\/v2\/product_cat?post=10107"},{"taxonomy":"product_tag","embeddable":true,"href":"https:\/\/www.multifrigo.pl\/sklep\/wp-json\/wp\/v2\/product_tag?post=10107"}],"curies":[{"name":"wp","href":"https:\/\/api.w.org\/{rel}","templated":true}]}}