{"id":10108,"date":"2024-07-03T12:59:03","date_gmt":"2024-07-03T12:59:03","guid":{"rendered":"https:\/\/multifrigo.pl\/sklep\/produkt\/plyn-myjaco-nablyszczajacy-do-piecow-manualnych-stalgast-classiccook-v-5-l-stalgast-908111\/"},"modified":"2025-05-19T12:47:44","modified_gmt":"2025-05-19T12:47:44","slug":"plyn-myjaco-nablyszczajacy-do-piecow-manualnych-stalgast-classiccook-v-5-l-stalgast-908111","status":"publish","type":"product","link":"https:\/\/www.multifrigo.pl\/sklep\/produkt\/plyn-myjaco-nablyszczajacy-do-piecow-manualnych-stalgast-classiccook-v-5-l-stalgast-908111\/","title":{"rendered":"P\u0142yn myj\u0105co-nab\u0142yszczaj\u0105cy do piec\u00f3w manualnych,  STALGAST ClassicCook, V 5 l | Stalgast 908111"},"content":{"rendered":"<p><LI>p\u0142yn dedykowany do r\u0119cznego mycia lub zastosowania z automatycznym systemem myj\u0105cym w piecach Stalgast ClassicCook i FM  <LI>idealny wyb\u00f3r do piec\u00f3w wyposa\u017conych w jeden dozownik p\u0142yn\u00f3w  <\/p>\n","protected":false},"excerpt":{"rendered":"<p>p\u0142yn dedykowany do r\u0119cznego mycia lub zastosowania z automatycznym systemem myj\u0105cym w piecach Stalgast ClassicCook i FM idealny wyb\u00f3r do piec\u00f3w wyposa\u017conych w jeden dozownik p\u0142yn\u00f3w<\/p>\n","protected":false},"featured_media":16736,"template":"","meta":{"_et_pb_use_builder":"","_et_pb_old_content":"","_et_gb_content_width":""},"pwb-brand":[62],"product_brand":[],"product_cat":[544],"product_tag":[],"class_list":{"0":"post-10108","1":"product","2":"type-product","3":"status-publish","4":"has-post-thumbnail","6":"pwb-brand-stalgast","7":"product_cat-do-piekarnikow","9":"first","10":"instock","11":"taxable","12":"shipping-taxable","13":"purchasable","14":"product-type-simple"},"brands":[{"id":62,"name":"Stalgast","slug":"stalgast"}],"_links":{"self":[{"href":"https:\/\/www.multifrigo.pl\/sklep\/wp-json\/wp\/v2\/product\/10108","targetHints":{"allow":["GET"]}}],"collection":[{"href":"https:\/\/www.multifrigo.pl\/sklep\/wp-json\/wp\/v2\/product"}],"about":[{"href":"https:\/\/www.multifrigo.pl\/sklep\/wp-json\/wp\/v2\/types\/product"}],"wp:featuredmedia":[{"embeddable":true,"href":"https:\/\/www.multifrigo.pl\/sklep\/wp-json\/wp\/v2\/media\/16736"}],"wp:attachment":[{"href":"https:\/\/www.multifrigo.pl\/sklep\/wp-json\/wp\/v2\/media?parent=10108"}],"wp:term":[{"taxonomy":"pwb-brand","embeddable":true,"href":"https:\/\/www.multifrigo.pl\/sklep\/wp-json\/wp\/v2\/pwb-brand?post=10108"},{"taxonomy":"product_brand","embeddable":true,"href":"https:\/\/www.multifrigo.pl\/sklep\/wp-json\/wp\/v2\/product_brand?post=10108"},{"taxonomy":"product_cat","embeddable":true,"href":"https:\/\/www.multifrigo.pl\/sklep\/wp-json\/wp\/v2\/product_cat?post=10108"},{"taxonomy":"product_tag","embeddable":true,"href":"https:\/\/www.multifrigo.pl\/sklep\/wp-json\/wp\/v2\/product_tag?post=10108"}],"curies":[{"name":"wp","href":"https:\/\/api.w.org\/{rel}","templated":true}]}}