{"id":10111,"date":"2024-07-03T12:59:03","date_gmt":"2024-07-03T12:59:03","guid":{"rendered":"https:\/\/multifrigo.pl\/sklep\/produkt\/piec-konwekcyjno-mikrofalowy-st-fast-p-6-kw-p-400-v-fm-industrial-909722\/"},"modified":"2025-05-19T12:47:46","modified_gmt":"2025-05-19T12:47:46","slug":"piec-konwekcyjno-mikrofalowy-st-fast-p-6-kw-p-400-v-fm-industrial-909722","status":"publish","type":"product","link":"https:\/\/www.multifrigo.pl\/sklep\/produkt\/piec-konwekcyjno-mikrofalowy-st-fast-p-6-kw-p-400-v-fm-industrial-909722\/","title":{"rendered":"Piec konwekcyjno-mikrofalowy, ST-Fast, P 6 kW, P 400 V | FM Industrial 909722"},"content":{"rendered":"<p><LI>w celu uzyskaniu uprawnie\u0144 z gwarancji, urz\u0105dzenie musi zosta\u0107 zarejestrowane w ci\u0105gu 30 dni od pierwszego uruchomienia na stronie https:\/\/stalgast.com\/rejestracja  <LI>dotykowy ekran 2.4 cala o wysokiej rozdzielczo\u015bci  <LI>mo\u017cliwo\u015b\u0107 zapami\u0119tywania do 300 przepis\u00f3w  <LI>szybki start &#8211; program z wybranymi ustawieniami  <LI>10 poziom\u00f3w mocy mikrofali  <LI>6 poziom\u00f3w pr\u0119dko\u015bci turbiny  <LI>gotowanie konwekcja + mikrofala  <LI>do 9 r\u00f3\u017cnych krok\u00f3w w przepisie  <LI>system HACCP  <LI>komora z zaokr\u0105glonymi rogami ze stali nierdzewnej u\u0142atwia utrzymanie czysto\u015bci  <LI>timer, tryb pracy ci\u0105g\u0142e  <LI>gniazdo USB  <LI>WI-FI  <LI>pakiet startowy zawiera \u0142opatk\u0119 wsadow\u0105 i koszyk perforowany  <\/p>\n","protected":false},"excerpt":{"rendered":"<p>w celu uzyskaniu uprawnie\u0144 z gwarancji, urz\u0105dzenie musi zosta\u0107 zarejestrowane w ci\u0105gu 30 dni od pierwszego uruchomienia na stronie https:\/\/stalgast.com\/rejestracja dotykowy ekran 2.4 cala o wysokiej rozdzielczo\u015bci mo\u017cliwo\u015b\u0107 zapami\u0119tywania do 300 przepis\u00f3w szybki start &#8211; program z wybranymi ustawieniami 10 poziom\u00f3w mocy mikrofali 6 poziom\u00f3w pr\u0119dko\u015bci turbiny gotowanie konwekcja + mikrofala do 9 r\u00f3\u017cnych krok\u00f3w [&hellip;]<\/p>\n","protected":false},"featured_media":16742,"template":"","meta":{"_et_pb_use_builder":"","_et_pb_old_content":"","_et_gb_content_width":""},"pwb-brand":[547],"product_brand":[],"product_cat":[545],"product_tag":[],"class_list":{"0":"post-10111","1":"product","2":"type-product","3":"status-publish","4":"has-post-thumbnail","6":"pwb-brand-fm-industrial","7":"product_cat-piece-konwekcyjno-mikrofalowe","9":"first","10":"instock","11":"taxable","12":"shipping-taxable","13":"purchasable","14":"product-type-simple"},"brands":[{"id":547,"name":"FM Industrial","slug":"fm-industrial"}],"_links":{"self":[{"href":"https:\/\/www.multifrigo.pl\/sklep\/wp-json\/wp\/v2\/product\/10111","targetHints":{"allow":["GET"]}}],"collection":[{"href":"https:\/\/www.multifrigo.pl\/sklep\/wp-json\/wp\/v2\/product"}],"about":[{"href":"https:\/\/www.multifrigo.pl\/sklep\/wp-json\/wp\/v2\/types\/product"}],"wp:featuredmedia":[{"embeddable":true,"href":"https:\/\/www.multifrigo.pl\/sklep\/wp-json\/wp\/v2\/media\/16742"}],"wp:attachment":[{"href":"https:\/\/www.multifrigo.pl\/sklep\/wp-json\/wp\/v2\/media?parent=10111"}],"wp:term":[{"taxonomy":"pwb-brand","embeddable":true,"href":"https:\/\/www.multifrigo.pl\/sklep\/wp-json\/wp\/v2\/pwb-brand?post=10111"},{"taxonomy":"product_brand","embeddable":true,"href":"https:\/\/www.multifrigo.pl\/sklep\/wp-json\/wp\/v2\/product_brand?post=10111"},{"taxonomy":"product_cat","embeddable":true,"href":"https:\/\/www.multifrigo.pl\/sklep\/wp-json\/wp\/v2\/product_cat?post=10111"},{"taxonomy":"product_tag","embeddable":true,"href":"https:\/\/www.multifrigo.pl\/sklep\/wp-json\/wp\/v2\/product_tag?post=10111"}],"curies":[{"name":"wp","href":"https:\/\/api.w.org\/{rel}","templated":true}]}}