{"id":10113,"date":"2024-07-03T12:59:04","date_gmt":"2024-07-03T12:59:04","guid":{"rendered":"https:\/\/multifrigo.pl\/sklep\/produkt\/piec-konwekcyjno-mikrofalowy-st-fast-czarny-p-6-kw-p-400-v-fm-industrial-909732\/"},"modified":"2025-05-19T12:47:46","modified_gmt":"2025-05-19T12:47:46","slug":"piec-konwekcyjno-mikrofalowy-st-fast-czarny-p-6-kw-p-400-v-fm-industrial-909732","status":"publish","type":"product","link":"https:\/\/www.multifrigo.pl\/sklep\/produkt\/piec-konwekcyjno-mikrofalowy-st-fast-czarny-p-6-kw-p-400-v-fm-industrial-909732\/","title":{"rendered":"Piec konwekcyjno-mikrofalowy, ST-Fast, czarny, P 6 kW, P 400 V | FM Industrial 909732"},"content":{"rendered":"<ul>\n<li>w celu uzyskaniu uprawnie\u0144 z gwarancji, urz\u0105dzenie musi zosta\u0107 zarejestrowane w ci\u0105gu 30 dni od pierwszego uruchomienia na stronie https:\/\/stalgast.com\/rejestracja<\/li>\n<li>dotykowy ekran 2.4 cala o wysokiej rozdzielczo\u015bci<\/li>\n<li>mo\u017cliwo\u015b\u0107 zapami\u0119tywania do 300 przepis\u00f3w<\/li>\n<li>szybki start &#8211; program z wybranymi ustawieniami<\/li>\n<li>10 poziom\u00f3w mocy mikrofali<\/li>\n<li>6 poziom\u00f3w pr\u0119dko\u015bci turbiny<\/li>\n<li>gotowanie konwekcja + mikrofala<\/li>\n<li>do 9 r\u00f3\u017cnych krok\u00f3w w przepisie<\/li>\n<li>system HACCP<\/li>\n<li>komora z zaokr\u0105glonymi rogami ze stali nierdzewnej u\u0142atwia utrzymanie czysto\u015bci<\/li>\n<li>timer, tryb pracy ci\u0105g\u0142e<\/li>\n<li>gniazdo USB<\/li>\n<li>WI-FI<\/li>\n<li>pakiet startowy zawiera tac\u0119 \u0142opatk\u0119 wsadow\u0105 i koszyk perforowany<\/li>\n<\/ul>\n","protected":false},"excerpt":{"rendered":"<p>w celu uzyskaniu uprawnie\u0144 z gwarancji, urz\u0105dzenie musi zosta\u0107 zarejestrowane w ci\u0105gu 30 dni od pierwszego uruchomienia na stronie https:\/\/stalgast.com\/rejestracja dotykowy ekran 2.4 cala o wysokiej rozdzielczo\u015bci mo\u017cliwo\u015b\u0107 zapami\u0119tywania do 300 przepis\u00f3w szybki start &#8211; program z wybranymi ustawieniami 10 poziom\u00f3w mocy mikrofali 6 poziom\u00f3w pr\u0119dko\u015bci turbiny gotowanie konwekcja + mikrofala do 9 r\u00f3\u017cnych krok\u00f3w [&hellip;]<\/p>\n","protected":false},"featured_media":18468,"template":"","meta":{"_et_pb_use_builder":"","_et_pb_old_content":"","_et_gb_content_width":""},"pwb-brand":[547],"product_brand":[],"product_cat":[545],"product_tag":[],"class_list":{"0":"post-10113","1":"product","2":"type-product","3":"status-publish","4":"has-post-thumbnail","6":"pwb-brand-fm-industrial","7":"product_cat-piece-konwekcyjno-mikrofalowe","9":"first","10":"instock","11":"taxable","12":"shipping-taxable","13":"purchasable","14":"product-type-simple"},"brands":[{"id":547,"name":"FM Industrial","slug":"fm-industrial"}],"_links":{"self":[{"href":"https:\/\/www.multifrigo.pl\/sklep\/wp-json\/wp\/v2\/product\/10113","targetHints":{"allow":["GET"]}}],"collection":[{"href":"https:\/\/www.multifrigo.pl\/sklep\/wp-json\/wp\/v2\/product"}],"about":[{"href":"https:\/\/www.multifrigo.pl\/sklep\/wp-json\/wp\/v2\/types\/product"}],"wp:featuredmedia":[{"embeddable":true,"href":"https:\/\/www.multifrigo.pl\/sklep\/wp-json\/wp\/v2\/media\/18468"}],"wp:attachment":[{"href":"https:\/\/www.multifrigo.pl\/sklep\/wp-json\/wp\/v2\/media?parent=10113"}],"wp:term":[{"taxonomy":"pwb-brand","embeddable":true,"href":"https:\/\/www.multifrigo.pl\/sklep\/wp-json\/wp\/v2\/pwb-brand?post=10113"},{"taxonomy":"product_brand","embeddable":true,"href":"https:\/\/www.multifrigo.pl\/sklep\/wp-json\/wp\/v2\/product_brand?post=10113"},{"taxonomy":"product_cat","embeddable":true,"href":"https:\/\/www.multifrigo.pl\/sklep\/wp-json\/wp\/v2\/product_cat?post=10113"},{"taxonomy":"product_tag","embeddable":true,"href":"https:\/\/www.multifrigo.pl\/sklep\/wp-json\/wp\/v2\/product_tag?post=10113"}],"curies":[{"name":"wp","href":"https:\/\/api.w.org\/{rel}","templated":true}]}}