{"id":10115,"date":"2024-07-03T12:59:04","date_gmt":"2024-07-03T12:59:04","guid":{"rendered":"https:\/\/multifrigo.pl\/sklep\/produkt\/koszyk-do-pieczenia-gladki-265x265-mm-fm-industrial-909755\/"},"modified":"2025-05-19T12:47:48","modified_gmt":"2025-05-19T12:47:48","slug":"koszyk-do-pieczenia-gladki-265x265-mm-fm-industrial-909755","status":"publish","type":"product","link":"https:\/\/www.multifrigo.pl\/sklep\/produkt\/koszyk-do-pieczenia-gladki-265x265-mm-fm-industrial-909755\/","title":{"rendered":"Koszyk do pieczenia g\u0142adki, 265&#215;265 mm | FM Industrial 909755"},"content":{"rendered":"<p><LI>koszyk pe\u0142ny, g\u0142adki  <LI>powierzchnia nieprzywieraj\u0105ca  <LI>polecany do piec\u00f3w ST-Fast  <\/p>\n","protected":false},"excerpt":{"rendered":"<p>koszyk pe\u0142ny, g\u0142adki powierzchnia nieprzywieraj\u0105ca polecany do piec\u00f3w ST-Fast<\/p>\n","protected":false},"featured_media":16747,"template":"","meta":{"_et_pb_use_builder":"","_et_pb_old_content":"","_et_gb_content_width":""},"pwb-brand":[547],"product_brand":[],"product_cat":[134],"product_tag":[],"class_list":{"0":"post-10115","1":"product","2":"type-product","3":"status-publish","4":"has-post-thumbnail","6":"pwb-brand-fm-industrial","7":"product_cat-akcesoria-do-piecow","9":"first","10":"instock","11":"taxable","12":"shipping-taxable","13":"purchasable","14":"product-type-simple"},"brands":[{"id":547,"name":"FM Industrial","slug":"fm-industrial"}],"_links":{"self":[{"href":"https:\/\/www.multifrigo.pl\/sklep\/wp-json\/wp\/v2\/product\/10115","targetHints":{"allow":["GET"]}}],"collection":[{"href":"https:\/\/www.multifrigo.pl\/sklep\/wp-json\/wp\/v2\/product"}],"about":[{"href":"https:\/\/www.multifrigo.pl\/sklep\/wp-json\/wp\/v2\/types\/product"}],"wp:featuredmedia":[{"embeddable":true,"href":"https:\/\/www.multifrigo.pl\/sklep\/wp-json\/wp\/v2\/media\/16747"}],"wp:attachment":[{"href":"https:\/\/www.multifrigo.pl\/sklep\/wp-json\/wp\/v2\/media?parent=10115"}],"wp:term":[{"taxonomy":"pwb-brand","embeddable":true,"href":"https:\/\/www.multifrigo.pl\/sklep\/wp-json\/wp\/v2\/pwb-brand?post=10115"},{"taxonomy":"product_brand","embeddable":true,"href":"https:\/\/www.multifrigo.pl\/sklep\/wp-json\/wp\/v2\/product_brand?post=10115"},{"taxonomy":"product_cat","embeddable":true,"href":"https:\/\/www.multifrigo.pl\/sklep\/wp-json\/wp\/v2\/product_cat?post=10115"},{"taxonomy":"product_tag","embeddable":true,"href":"https:\/\/www.multifrigo.pl\/sklep\/wp-json\/wp\/v2\/product_tag?post=10115"}],"curies":[{"name":"wp","href":"https:\/\/api.w.org\/{rel}","templated":true}]}}