{"id":10118,"date":"2024-07-03T12:59:05","date_gmt":"2024-07-03T12:59:05","guid":{"rendered":"https:\/\/multifrigo.pl\/sklep\/produkt\/taca-grillowa-piec-konwekcyjno-mikrofalowy-300x300-mm-fm-industrial-909884\/"},"modified":"2025-05-19T12:47:49","modified_gmt":"2025-05-19T12:47:49","slug":"taca-grillowa-piec-konwekcyjno-mikrofalowy-300x300-mm-fm-industrial-909884","status":"publish","type":"product","link":"https:\/\/www.multifrigo.pl\/sklep\/produkt\/taca-grillowa-piec-konwekcyjno-mikrofalowy-300x300-mm-fm-industrial-909884\/","title":{"rendered":"Taca grillowa, piec konwekcyjno-mikrofalowy, 300&#215;300 mm | FM Industrial 909884"},"content":{"rendered":"<p><LI>taca nieprzywieraj\u0105ca, ryflowana  <LI>doskona\u0142a do szybkiego grillowania  <LI>polecany do piec\u00f3w ST-Fast  <\/p>\n","protected":false},"excerpt":{"rendered":"<p>taca nieprzywieraj\u0105ca, ryflowana doskona\u0142a do szybkiego grillowania polecany do piec\u00f3w ST-Fast<\/p>\n","protected":false},"featured_media":16752,"template":"","meta":{"_et_pb_use_builder":"","_et_pb_old_content":"","_et_gb_content_width":""},"pwb-brand":[547],"product_brand":[],"product_cat":[134],"product_tag":[],"class_list":{"0":"post-10118","1":"product","2":"type-product","3":"status-publish","4":"has-post-thumbnail","6":"pwb-brand-fm-industrial","7":"product_cat-akcesoria-do-piecow","9":"first","10":"instock","11":"taxable","12":"shipping-taxable","13":"purchasable","14":"product-type-simple"},"brands":[{"id":547,"name":"FM Industrial","slug":"fm-industrial"}],"_links":{"self":[{"href":"https:\/\/www.multifrigo.pl\/sklep\/wp-json\/wp\/v2\/product\/10118","targetHints":{"allow":["GET"]}}],"collection":[{"href":"https:\/\/www.multifrigo.pl\/sklep\/wp-json\/wp\/v2\/product"}],"about":[{"href":"https:\/\/www.multifrigo.pl\/sklep\/wp-json\/wp\/v2\/types\/product"}],"wp:featuredmedia":[{"embeddable":true,"href":"https:\/\/www.multifrigo.pl\/sklep\/wp-json\/wp\/v2\/media\/16752"}],"wp:attachment":[{"href":"https:\/\/www.multifrigo.pl\/sklep\/wp-json\/wp\/v2\/media?parent=10118"}],"wp:term":[{"taxonomy":"pwb-brand","embeddable":true,"href":"https:\/\/www.multifrigo.pl\/sklep\/wp-json\/wp\/v2\/pwb-brand?post=10118"},{"taxonomy":"product_brand","embeddable":true,"href":"https:\/\/www.multifrigo.pl\/sklep\/wp-json\/wp\/v2\/product_brand?post=10118"},{"taxonomy":"product_cat","embeddable":true,"href":"https:\/\/www.multifrigo.pl\/sklep\/wp-json\/wp\/v2\/product_cat?post=10118"},{"taxonomy":"product_tag","embeddable":true,"href":"https:\/\/www.multifrigo.pl\/sklep\/wp-json\/wp\/v2\/product_tag?post=10118"}],"curies":[{"name":"wp","href":"https:\/\/api.w.org\/{rel}","templated":true}]}}