{"id":10138,"date":"2024-07-03T12:59:08","date_gmt":"2024-07-03T12:59:08","guid":{"rendered":"https:\/\/multifrigo.pl\/sklep\/produkt\/piec-konwekcyjno-parowy-gastro-big-elektroniczny-20xgn1-1-p-26-25-kw-fm-industrial-9100565\/"},"modified":"2025-05-19T12:48:03","modified_gmt":"2025-05-19T12:48:03","slug":"piec-konwekcyjno-parowy-gastro-big-elektroniczny-20xgn1-1-p-26-25-kw-fm-industrial-9100565","status":"publish","type":"product","link":"https:\/\/www.multifrigo.pl\/sklep\/produkt\/piec-konwekcyjno-parowy-gastro-big-elektroniczny-20xgn1-1-p-26-25-kw-fm-industrial-9100565\/","title":{"rendered":"Piec konwekcyjno-parowy, Gastro-Big, elektroniczny, 20xGN1\/1, P 26.25 kW | FM Industrial 9100565"},"content":{"rendered":"<p><LI>elektroniczny panel sterowania, intuicyjny, klamka drzwi z lewej strony  <LI>alarm na koniec cyklu pracy  <LI>wy\u0142\u0105cznik drzwiowy  <LI>wewnetrzne o\u015bwietlenie LED  <LI>przy\u0142acze wody 3\/4 cala  <LI>regulacja wilgotno\u015bci od 0 do 100 %  <LI>regulacja czasu (timer) od 0\u2013999 minut i tryb non-stop  <LI>komin sterowany manualnie  <LI>odleg\u0142o\u015b\u0107 mi\u0119dzy prowadnicami ~ 67 mm  <LI>rozmiar komory 700x500x1480 mm  <LI>2 pr\u0119dko\u015bci wentylatora (maksymalna i minimalna pr\u0119dko\u015b\u0107)  <LI>przycisk zaparowania &#8222;strza\u0142 pary&#8221;  <LI>dodatkowy w\u00f3zek nr 9100347  <LI>pojemno\u015b\u0107 20xGN 1\/1  <LI>W celu uzyskaniu uprawnie\u0144 z gwarancji, urz\u0105dzenie musi zosta\u0107 zarejestrowane w ci\u0105gu 30 dni od pierwszego uruchomienia na stronie https:\/\/stalgast.com\/rejestracja  <LI>rewers wentylatora  <LI>podw\u00f3jna, bezpieczna szyba  <\/p>\n","protected":false},"excerpt":{"rendered":"<p>elektroniczny panel sterowania, intuicyjny, klamka drzwi z lewej strony alarm na koniec cyklu pracy wy\u0142\u0105cznik drzwiowy wewnetrzne o\u015bwietlenie LED przy\u0142acze wody 3\/4 cala regulacja wilgotno\u015bci od 0 do 100 % regulacja czasu (timer) od 0\u2013999 minut i tryb non-stop komin sterowany manualnie odleg\u0142o\u015b\u0107 mi\u0119dzy prowadnicami ~ 67 mm rozmiar komory 700x500x1480 mm 2 pr\u0119dko\u015bci wentylatora [&hellip;]<\/p>\n","protected":false},"featured_media":16818,"template":"","meta":{"_et_pb_use_builder":"","_et_pb_old_content":"","_et_gb_content_width":""},"pwb-brand":[547],"product_brand":[],"product_cat":[541],"product_tag":[],"class_list":{"0":"post-10138","1":"product","2":"type-product","3":"status-publish","4":"has-post-thumbnail","6":"pwb-brand-fm-industrial","7":"product_cat-piece-konwekcyjno-parowe","9":"first","10":"instock","11":"taxable","12":"shipping-taxable","13":"purchasable","14":"product-type-simple"},"brands":[{"id":547,"name":"FM Industrial","slug":"fm-industrial"}],"_links":{"self":[{"href":"https:\/\/www.multifrigo.pl\/sklep\/wp-json\/wp\/v2\/product\/10138","targetHints":{"allow":["GET"]}}],"collection":[{"href":"https:\/\/www.multifrigo.pl\/sklep\/wp-json\/wp\/v2\/product"}],"about":[{"href":"https:\/\/www.multifrigo.pl\/sklep\/wp-json\/wp\/v2\/types\/product"}],"wp:featuredmedia":[{"embeddable":true,"href":"https:\/\/www.multifrigo.pl\/sklep\/wp-json\/wp\/v2\/media\/16818"}],"wp:attachment":[{"href":"https:\/\/www.multifrigo.pl\/sklep\/wp-json\/wp\/v2\/media?parent=10138"}],"wp:term":[{"taxonomy":"pwb-brand","embeddable":true,"href":"https:\/\/www.multifrigo.pl\/sklep\/wp-json\/wp\/v2\/pwb-brand?post=10138"},{"taxonomy":"product_brand","embeddable":true,"href":"https:\/\/www.multifrigo.pl\/sklep\/wp-json\/wp\/v2\/product_brand?post=10138"},{"taxonomy":"product_cat","embeddable":true,"href":"https:\/\/www.multifrigo.pl\/sklep\/wp-json\/wp\/v2\/product_cat?post=10138"},{"taxonomy":"product_tag","embeddable":true,"href":"https:\/\/www.multifrigo.pl\/sklep\/wp-json\/wp\/v2\/product_tag?post=10138"}],"curies":[{"name":"wp","href":"https:\/\/api.w.org\/{rel}","templated":true}]}}