{"id":10139,"date":"2024-07-03T12:59:08","date_gmt":"2024-07-03T12:59:08","guid":{"rendered":"https:\/\/multifrigo.pl\/sklep\/produkt\/piec-konwekcyjno-parowy-gastro-big-dotykowy-20xgn1-1-p-26-25-kw-fm-industrial-9100566\/"},"modified":"2025-05-19T12:48:04","modified_gmt":"2025-05-19T12:48:04","slug":"piec-konwekcyjno-parowy-gastro-big-dotykowy-20xgn1-1-p-26-25-kw-fm-industrial-9100566","status":"publish","type":"product","link":"https:\/\/www.multifrigo.pl\/sklep\/produkt\/piec-konwekcyjno-parowy-gastro-big-dotykowy-20xgn1-1-p-26-25-kw-fm-industrial-9100566\/","title":{"rendered":"Piec konwekcyjno-parowy, Gastro-Big, dotykowy, 20xGN1\/1, P 26.25 kW | FM Industrial 9100566"},"content":{"rendered":"<p><LI>7 calowy elektroniczny, intuicyjny panel sterowania, klamka drzwi z lewej strony  <LI>alarm na koniec cyklu pracy  <LI>wy\u0142\u0105cznik drzwiowy  <LI>wewnetrzne o\u015bwietlenie LED  <LI>przy\u0142acze wody 3\/4 cala  <LI>regulacja wilgotno\u015bci od 0 do 100 %  <LI>odleg\u0142o\u015b\u0107 mi\u0119dzy prowadnicami ~ 67 mm  <LI>rozmiar komory 700x500x1480 mm  <LI>10 stopniowa kontrola pr\u0119dko\u015bci wentylatora, rewers obrot\u00f3w  <LI>dodatkowy w\u00f3zek nr 9100347  <LI>pojemno\u015b\u0107 20xGN 1\/1  <LI>do\u0142\u0105czona sonda rdzenia zwi\u0119ksza szeroko\u015b\u0107 pieca o ok 3.5 cm  <LI>W celu uzyskaniu uprawnie\u0144 z gwarancji, urz\u0105dzenie musi zosta\u0107 zarejestrowane w ci\u0105gu 30 dni od pierwszego uruchomienia na stronie https:\/\/stalgast.com\/rejestracja  <LI>kontrola pary &#8211; programowalny komin  <LI>120 program\u00f3w gotowania w 6 etapach w tym 72 programy gotowe w j\u0119zyku polskim (ksi\u0105\u017cka kucharska konfigurowalna ze zdj\u0119ciami)  <LI>podw\u00f3jna, bezpieczna szyba  <\/p>\n","protected":false},"excerpt":{"rendered":"<p>7 calowy elektroniczny, intuicyjny panel sterowania, klamka drzwi z lewej strony alarm na koniec cyklu pracy wy\u0142\u0105cznik drzwiowy wewnetrzne o\u015bwietlenie LED przy\u0142acze wody 3\/4 cala regulacja wilgotno\u015bci od 0 do 100 % odleg\u0142o\u015b\u0107 mi\u0119dzy prowadnicami ~ 67 mm rozmiar komory 700x500x1480 mm 10 stopniowa kontrola pr\u0119dko\u015bci wentylatora, rewers obrot\u00f3w dodatkowy w\u00f3zek nr 9100347 pojemno\u015b\u0107 20xGN [&hellip;]<\/p>\n","protected":false},"featured_media":16821,"template":"","meta":{"_et_pb_use_builder":"","_et_pb_old_content":"","_et_gb_content_width":""},"pwb-brand":[547],"product_brand":[],"product_cat":[541],"product_tag":[],"class_list":{"0":"post-10139","1":"product","2":"type-product","3":"status-publish","4":"has-post-thumbnail","6":"pwb-brand-fm-industrial","7":"product_cat-piece-konwekcyjno-parowe","9":"first","10":"instock","11":"taxable","12":"shipping-taxable","13":"purchasable","14":"product-type-simple"},"brands":[{"id":547,"name":"FM Industrial","slug":"fm-industrial"}],"_links":{"self":[{"href":"https:\/\/www.multifrigo.pl\/sklep\/wp-json\/wp\/v2\/product\/10139","targetHints":{"allow":["GET"]}}],"collection":[{"href":"https:\/\/www.multifrigo.pl\/sklep\/wp-json\/wp\/v2\/product"}],"about":[{"href":"https:\/\/www.multifrigo.pl\/sklep\/wp-json\/wp\/v2\/types\/product"}],"wp:featuredmedia":[{"embeddable":true,"href":"https:\/\/www.multifrigo.pl\/sklep\/wp-json\/wp\/v2\/media\/16821"}],"wp:attachment":[{"href":"https:\/\/www.multifrigo.pl\/sklep\/wp-json\/wp\/v2\/media?parent=10139"}],"wp:term":[{"taxonomy":"pwb-brand","embeddable":true,"href":"https:\/\/www.multifrigo.pl\/sklep\/wp-json\/wp\/v2\/pwb-brand?post=10139"},{"taxonomy":"product_brand","embeddable":true,"href":"https:\/\/www.multifrigo.pl\/sklep\/wp-json\/wp\/v2\/product_brand?post=10139"},{"taxonomy":"product_cat","embeddable":true,"href":"https:\/\/www.multifrigo.pl\/sklep\/wp-json\/wp\/v2\/product_cat?post=10139"},{"taxonomy":"product_tag","embeddable":true,"href":"https:\/\/www.multifrigo.pl\/sklep\/wp-json\/wp\/v2\/product_tag?post=10139"}],"curies":[{"name":"wp","href":"https:\/\/api.w.org\/{rel}","templated":true}]}}