{"id":10149,"date":"2024-07-03T12:59:10","date_gmt":"2024-07-03T12:59:10","guid":{"rendered":"https:\/\/multifrigo.pl\/sklep\/produkt\/okap-do-2-piecow-elektrycznych-stalgast-gn-1-1-z-silnikiem-i-kondensem-pary-fm-industrial-9100704\/"},"modified":"2025-05-19T12:48:18","modified_gmt":"2025-05-19T12:48:18","slug":"okap-do-2-piecow-elektrycznych-stalgast-gn-1-1-z-silnikiem-i-kondensem-pary-fm-industrial-9100704","status":"publish","type":"product","link":"https:\/\/www.multifrigo.pl\/sklep\/produkt\/okap-do-2-piecow-elektrycznych-stalgast-gn-1-1-z-silnikiem-i-kondensem-pary-fm-industrial-9100704\/","title":{"rendered":"Okap do 2-piec\u00f3w elektrycznych, Stalgast, GN 1\/1 z silnikiem i kondensem pary | FM Industrial 9100704"},"content":{"rendered":"<p><LI>kr\u00f3ciec przy\u0142\u0105czeniowy O 120 mm  <LI>okap kompatybilny z piecami elektrycznymi 5\/7\/11 x GN1\/1 Stalgast  <LI>pasuje do modeli z panelem manualnym i dotykowym  <LI>wymagane akcesoria do pod\u0142\u0105czenia 2 piec\u00f3w, 2 piec\u00f3w i okapu 9100835  <LI>przy\u0142\u0105cze wody 3\/4  <\/p>\n","protected":false},"excerpt":{"rendered":"<p>kr\u00f3ciec przy\u0142\u0105czeniowy O 120 mm okap kompatybilny z piecami elektrycznymi 5\/7\/11 x GN1\/1 Stalgast pasuje do modeli z panelem manualnym i dotykowym wymagane akcesoria do pod\u0142\u0105czenia 2 piec\u00f3w, 2 piec\u00f3w i okapu 9100835 przy\u0142\u0105cze wody 3\/4<\/p>\n","protected":false},"featured_media":16834,"template":"","meta":{"_et_pb_use_builder":"","_et_pb_old_content":"","_et_gb_content_width":""},"pwb-brand":[547],"product_brand":[],"product_cat":[549],"product_tag":[],"class_list":{"0":"post-10149","1":"product","2":"type-product","3":"status-publish","4":"has-post-thumbnail","6":"pwb-brand-fm-industrial","7":"product_cat-okapy-do-piecow","9":"first","10":"instock","11":"taxable","12":"shipping-taxable","13":"purchasable","14":"product-type-simple"},"brands":[{"id":547,"name":"FM Industrial","slug":"fm-industrial"}],"_links":{"self":[{"href":"https:\/\/www.multifrigo.pl\/sklep\/wp-json\/wp\/v2\/product\/10149","targetHints":{"allow":["GET"]}}],"collection":[{"href":"https:\/\/www.multifrigo.pl\/sklep\/wp-json\/wp\/v2\/product"}],"about":[{"href":"https:\/\/www.multifrigo.pl\/sklep\/wp-json\/wp\/v2\/types\/product"}],"wp:featuredmedia":[{"embeddable":true,"href":"https:\/\/www.multifrigo.pl\/sklep\/wp-json\/wp\/v2\/media\/16834"}],"wp:attachment":[{"href":"https:\/\/www.multifrigo.pl\/sklep\/wp-json\/wp\/v2\/media?parent=10149"}],"wp:term":[{"taxonomy":"pwb-brand","embeddable":true,"href":"https:\/\/www.multifrigo.pl\/sklep\/wp-json\/wp\/v2\/pwb-brand?post=10149"},{"taxonomy":"product_brand","embeddable":true,"href":"https:\/\/www.multifrigo.pl\/sklep\/wp-json\/wp\/v2\/product_brand?post=10149"},{"taxonomy":"product_cat","embeddable":true,"href":"https:\/\/www.multifrigo.pl\/sklep\/wp-json\/wp\/v2\/product_cat?post=10149"},{"taxonomy":"product_tag","embeddable":true,"href":"https:\/\/www.multifrigo.pl\/sklep\/wp-json\/wp\/v2\/product_tag?post=10149"}],"curies":[{"name":"wp","href":"https:\/\/api.w.org\/{rel}","templated":true}]}}