{"id":10157,"date":"2024-07-03T12:59:13","date_gmt":"2024-07-03T12:59:13","guid":{"rendered":"https:\/\/multifrigo.pl\/sklep\/produkt\/piec-konwekcyjno-parowy-piekarniczy-st-bakery-manualny-4x600x400-p-7-5-kw-fm-industrial-9120489\/"},"modified":"2025-05-19T12:48:28","modified_gmt":"2025-05-19T12:48:28","slug":"piec-konwekcyjno-parowy-piekarniczy-st-bakery-manualny-4x600x400-p-7-5-kw-fm-industrial-9120489","status":"publish","type":"product","link":"https:\/\/www.multifrigo.pl\/sklep\/produkt\/piec-konwekcyjno-parowy-piekarniczy-st-bakery-manualny-4x600x400-p-7-5-kw-fm-industrial-9120489\/","title":{"rendered":"Piec konwekcyjno-parowy, piekarniczy, ST-Bakery, manualny, 4x(600&#215;400), P 7.5 kW | FM Industrial 9120489"},"content":{"rendered":"<p><LI>manualny, intuicyjny panel sterowania, klamka z lewej strony  <LI>alarm na koniec cyklu pracy  <LI>wy\u0142\u0105cznik drzwiowy  <LI>wewnetrzne o\u015bwietlenie LED  <LI>przy\u0142acze wody 3\/4 cala  <LI>regulacja wilgotno\u015bci od 0 do 100%  <LI>regulacja czasu od 0\u2013120 minut i tryb non-stop  <LI>komin sterowany manualnie  <LI>odleg\u0142o\u015b\u0107 mi\u0119dzy prowadnicami ~ 80 mm  <LI>mo\u017cliwo\u015b\u0107 zastosowania blach GN 1\/1 (4xGN 1\/1)  <LI>rozmiar komory 710x500x390 mm  <LI>sygnalizacja Led &#8211; temp., czas i nawil\u017cania  <LI>W celu uzyskaniu uprawnie\u0144 z gwarancji, urz\u0105dzenie musi zosta\u0107 zarejestrowane w ci\u0105gu 30 dni od pierwszego uruchomienia na stronie https:\/\/stalgast.com\/rejestracja  <LI>rewers wentylatora  <LI>podw\u00f3jna bezpieczna szyba  <\/p>\n","protected":false},"excerpt":{"rendered":"<p>manualny, intuicyjny panel sterowania, klamka z lewej strony alarm na koniec cyklu pracy wy\u0142\u0105cznik drzwiowy wewnetrzne o\u015bwietlenie LED przy\u0142acze wody 3\/4 cala regulacja wilgotno\u015bci od 0 do 100% regulacja czasu od 0\u2013120 minut i tryb non-stop komin sterowany manualnie odleg\u0142o\u015b\u0107 mi\u0119dzy prowadnicami ~ 80 mm mo\u017cliwo\u015b\u0107 zastosowania blach GN 1\/1 (4xGN 1\/1) rozmiar komory 710x500x390 [&hellip;]<\/p>\n","protected":false},"featured_media":16842,"template":"","meta":{"_et_pb_use_builder":"","_et_pb_old_content":"","_et_gb_content_width":""},"pwb-brand":[547],"product_brand":[],"product_cat":[550],"product_tag":[],"class_list":{"0":"post-10157","1":"product","2":"type-product","3":"status-publish","4":"has-post-thumbnail","6":"pwb-brand-fm-industrial","7":"product_cat-piece-piekarniczo-cukiernicze","9":"first","10":"instock","11":"taxable","12":"shipping-taxable","13":"purchasable","14":"product-type-simple"},"brands":[{"id":547,"name":"FM Industrial","slug":"fm-industrial"}],"_links":{"self":[{"href":"https:\/\/www.multifrigo.pl\/sklep\/wp-json\/wp\/v2\/product\/10157","targetHints":{"allow":["GET"]}}],"collection":[{"href":"https:\/\/www.multifrigo.pl\/sklep\/wp-json\/wp\/v2\/product"}],"about":[{"href":"https:\/\/www.multifrigo.pl\/sklep\/wp-json\/wp\/v2\/types\/product"}],"wp:featuredmedia":[{"embeddable":true,"href":"https:\/\/www.multifrigo.pl\/sklep\/wp-json\/wp\/v2\/media\/16842"}],"wp:attachment":[{"href":"https:\/\/www.multifrigo.pl\/sklep\/wp-json\/wp\/v2\/media?parent=10157"}],"wp:term":[{"taxonomy":"pwb-brand","embeddable":true,"href":"https:\/\/www.multifrigo.pl\/sklep\/wp-json\/wp\/v2\/pwb-brand?post=10157"},{"taxonomy":"product_brand","embeddable":true,"href":"https:\/\/www.multifrigo.pl\/sklep\/wp-json\/wp\/v2\/product_brand?post=10157"},{"taxonomy":"product_cat","embeddable":true,"href":"https:\/\/www.multifrigo.pl\/sklep\/wp-json\/wp\/v2\/product_cat?post=10157"},{"taxonomy":"product_tag","embeddable":true,"href":"https:\/\/www.multifrigo.pl\/sklep\/wp-json\/wp\/v2\/product_tag?post=10157"}],"curies":[{"name":"wp","href":"https:\/\/api.w.org\/{rel}","templated":true}]}}