{"id":10172,"date":"2024-07-03T12:59:15","date_gmt":"2024-07-03T12:59:15","guid":{"rendered":"https:\/\/multifrigo.pl\/sklep\/produkt\/okap-do-piecow-elektrycznych-st-bakery-dotykowych-z-silnikiem-i-kondensem-pary-fm-industrial-9120515\/"},"modified":"2025-05-19T12:48:33","modified_gmt":"2025-05-19T12:48:33","slug":"okap-do-piecow-elektrycznych-st-bakery-dotykowych-z-silnikiem-i-kondensem-pary-fm-industrial-9120515","status":"publish","type":"product","link":"https:\/\/www.multifrigo.pl\/sklep\/produkt\/okap-do-piecow-elektrycznych-st-bakery-dotykowych-z-silnikiem-i-kondensem-pary-fm-industrial-9120515\/","title":{"rendered":"Okap do piec\u00f3w elektrycznych, ST-Bakery dotykowych z silnikiem i kondensem pary | FM Industrial 9120515"},"content":{"rendered":"<p><LI>kr\u00f3ciec przy\u0142\u0105czeniowy O 120 mm  <LI>okap kompatybilny z piecami elektrycznymi, dotykowymi ST-Bakery  <LI>pasuje do modeli 4\/6\/10\/16 x 600&#215;400 mm  <LI>wymagane akcesoria do pod\u0142\u0105czenia pieca, pieca i okapu 9100832  <LI>przy\u0142\u0105cze wody 3\/4  <LI>nie pasuje do pieca 9120500  <\/p>\n","protected":false},"excerpt":{"rendered":"<p>kr\u00f3ciec przy\u0142\u0105czeniowy O 120 mm okap kompatybilny z piecami elektrycznymi, dotykowymi ST-Bakery pasuje do modeli 4\/6\/10\/16 x 600&#215;400 mm wymagane akcesoria do pod\u0142\u0105czenia pieca, pieca i okapu 9100832 przy\u0142\u0105cze wody 3\/4 nie pasuje do pieca 9120500<\/p>\n","protected":false},"featured_media":16881,"template":"","meta":{"_et_pb_use_builder":"","_et_pb_old_content":"","_et_gb_content_width":""},"pwb-brand":[547],"product_brand":[],"product_cat":[549],"product_tag":[],"class_list":{"0":"post-10172","1":"product","2":"type-product","3":"status-publish","4":"has-post-thumbnail","6":"pwb-brand-fm-industrial","7":"product_cat-okapy-do-piecow","9":"first","10":"instock","11":"taxable","12":"shipping-taxable","13":"purchasable","14":"product-type-simple"},"brands":[{"id":547,"name":"FM Industrial","slug":"fm-industrial"}],"_links":{"self":[{"href":"https:\/\/www.multifrigo.pl\/sklep\/wp-json\/wp\/v2\/product\/10172","targetHints":{"allow":["GET"]}}],"collection":[{"href":"https:\/\/www.multifrigo.pl\/sklep\/wp-json\/wp\/v2\/product"}],"about":[{"href":"https:\/\/www.multifrigo.pl\/sklep\/wp-json\/wp\/v2\/types\/product"}],"wp:featuredmedia":[{"embeddable":true,"href":"https:\/\/www.multifrigo.pl\/sklep\/wp-json\/wp\/v2\/media\/16881"}],"wp:attachment":[{"href":"https:\/\/www.multifrigo.pl\/sklep\/wp-json\/wp\/v2\/media?parent=10172"}],"wp:term":[{"taxonomy":"pwb-brand","embeddable":true,"href":"https:\/\/www.multifrigo.pl\/sklep\/wp-json\/wp\/v2\/pwb-brand?post=10172"},{"taxonomy":"product_brand","embeddable":true,"href":"https:\/\/www.multifrigo.pl\/sklep\/wp-json\/wp\/v2\/product_brand?post=10172"},{"taxonomy":"product_cat","embeddable":true,"href":"https:\/\/www.multifrigo.pl\/sklep\/wp-json\/wp\/v2\/product_cat?post=10172"},{"taxonomy":"product_tag","embeddable":true,"href":"https:\/\/www.multifrigo.pl\/sklep\/wp-json\/wp\/v2\/product_tag?post=10172"}],"curies":[{"name":"wp","href":"https:\/\/api.w.org\/{rel}","templated":true}]}}