{"id":10175,"date":"2024-07-03T12:59:15","date_gmt":"2024-07-03T12:59:15","guid":{"rendered":"https:\/\/multifrigo.pl\/sklep\/produkt\/piec-konwekcyjny-z-nawilzaniem-shopcook-manualny-4x430x340-4xgn-2-3-p-3-1-kw-fm-industrial-912058\/"},"modified":"2025-05-19T12:48:35","modified_gmt":"2025-05-19T12:48:35","slug":"piec-konwekcyjny-z-nawilzaniem-shopcook-manualny-4x430x340-4xgn-2-3-p-3-1-kw-fm-industrial-912058","status":"publish","type":"product","link":"https:\/\/www.multifrigo.pl\/sklep\/produkt\/piec-konwekcyjny-z-nawilzaniem-shopcook-manualny-4x430x340-4xgn-2-3-p-3-1-kw-fm-industrial-912058\/","title":{"rendered":"Piec konwekcyjny z nawil\u017caniem, ShopCook, manualny, 4x430x340\/4xGN 2\/3, P 3.1 kW | FM Industrial 912058"},"content":{"rendered":"<p><LI>manualny, intuicyjny panel sterowania  <LI>termostat bezpiecze\u0144stwa  <LI>regulacja czasu od 0\u201360 minut i tryb non-stop  <LI>rozmiar komory 450x340x345 mm  <LI>4 perforowane blachy w komplecie  <LI>prowadnice kompatybilne z rozmiarem GN 2\/3 (4xGN 2\/3)  <LI>W celu uzyskaniu uprawnie\u0144 z gwarancji, urz\u0105dzenie musi zosta\u0107 zarejestrowane w ci\u0105gu 30 dni od pierwszego uruchomienia na stronie https:\/\/stalgast.com\/rejestracja  <LI>odleg\u0142o\u015b\u0107 mi\u0119dzy poziomami  prowadnic ~ 80 mm  <LI>przy\u0142\u0105cze wodne 3\/4  <\/p>\n","protected":false},"excerpt":{"rendered":"<p>manualny, intuicyjny panel sterowania termostat bezpiecze\u0144stwa regulacja czasu od 0\u201360 minut i tryb non-stop rozmiar komory 450x340x345 mm 4 perforowane blachy w komplecie prowadnice kompatybilne z rozmiarem GN 2\/3 (4xGN 2\/3) W celu uzyskaniu uprawnie\u0144 z gwarancji, urz\u0105dzenie musi zosta\u0107 zarejestrowane w ci\u0105gu 30 dni od pierwszego uruchomienia na stronie https:\/\/stalgast.com\/rejestracja odleg\u0142o\u015b\u0107 mi\u0119dzy poziomami prowadnic [&hellip;]<\/p>\n","protected":false},"featured_media":16887,"template":"","meta":{"_et_pb_use_builder":"","_et_pb_old_content":"","_et_gb_content_width":""},"pwb-brand":[547],"product_brand":[],"product_cat":[463],"product_tag":[],"class_list":{"0":"post-10175","1":"product","2":"type-product","3":"status-publish","4":"has-post-thumbnail","6":"pwb-brand-fm-industrial","7":"product_cat-piece-konwekcyjne","9":"first","10":"instock","11":"taxable","12":"shipping-taxable","13":"purchasable","14":"product-type-simple"},"brands":[{"id":547,"name":"FM Industrial","slug":"fm-industrial"}],"_links":{"self":[{"href":"https:\/\/www.multifrigo.pl\/sklep\/wp-json\/wp\/v2\/product\/10175","targetHints":{"allow":["GET"]}}],"collection":[{"href":"https:\/\/www.multifrigo.pl\/sklep\/wp-json\/wp\/v2\/product"}],"about":[{"href":"https:\/\/www.multifrigo.pl\/sklep\/wp-json\/wp\/v2\/types\/product"}],"wp:featuredmedia":[{"embeddable":true,"href":"https:\/\/www.multifrigo.pl\/sklep\/wp-json\/wp\/v2\/media\/16887"}],"wp:attachment":[{"href":"https:\/\/www.multifrigo.pl\/sklep\/wp-json\/wp\/v2\/media?parent=10175"}],"wp:term":[{"taxonomy":"pwb-brand","embeddable":true,"href":"https:\/\/www.multifrigo.pl\/sklep\/wp-json\/wp\/v2\/pwb-brand?post=10175"},{"taxonomy":"product_brand","embeddable":true,"href":"https:\/\/www.multifrigo.pl\/sklep\/wp-json\/wp\/v2\/product_brand?post=10175"},{"taxonomy":"product_cat","embeddable":true,"href":"https:\/\/www.multifrigo.pl\/sklep\/wp-json\/wp\/v2\/product_cat?post=10175"},{"taxonomy":"product_tag","embeddable":true,"href":"https:\/\/www.multifrigo.pl\/sklep\/wp-json\/wp\/v2\/product_tag?post=10175"}],"curies":[{"name":"wp","href":"https:\/\/api.w.org\/{rel}","templated":true}]}}