{"id":10176,"date":"2024-07-03T12:59:15","date_gmt":"2024-07-03T12:59:15","guid":{"rendered":"https:\/\/multifrigo.pl\/sklep\/produkt\/piec-statyczny-piekarniczy-st-bakery-dotykowy-p-5-4-kw-fm-industrial-9120580\/"},"modified":"2025-05-19T12:48:35","modified_gmt":"2025-05-19T12:48:35","slug":"piec-statyczny-piekarniczy-st-bakery-dotykowy-p-5-4-kw-fm-industrial-9120580","status":"publish","type":"product","link":"https:\/\/www.multifrigo.pl\/sklep\/produkt\/piec-statyczny-piekarniczy-st-bakery-dotykowy-p-5-4-kw-fm-industrial-9120580\/","title":{"rendered":"Piec statyczny, piekarniczy, ST-Bakery, dotykowy, P 5.4 kW | FM Industrial 9120580"},"content":{"rendered":"<p><LI>5 calowy, elektroniczny, intuicyjny panel sterowania  <LI>2 niezale\u017cne poziomy regulacji temperatury (g\u00f3ra, d\u00f3\u0142)  <LI>tryb oszcz\u0119dzania energii  <LI>rozmiar komory 670x525x180 mm  <LI>do 6 etap\u00f3w pieczenia  <LI>11 gotowych przepis\u00f3w w jez. polskim  <LI>komin sterowany automatycznie  <LI>programowalne automatyczne uruchomienie  <LI>zestaw do pi\u0119trowania 2 piec\u00f3w ST-Bakery kod 9120519  <LI>W celu uzyskaniu uprawnie\u0144 z gwarancji, urz\u0105dzenie musi zosta\u0107 zarejestrowane w ci\u0105gu 30 dni od pierwszego uruchomienia na stronie https:\/\/stalgast.com\/rejestracja  <\/p>\n","protected":false},"excerpt":{"rendered":"<p>5 calowy, elektroniczny, intuicyjny panel sterowania 2 niezale\u017cne poziomy regulacji temperatury (g\u00f3ra, d\u00f3\u0142) tryb oszcz\u0119dzania energii rozmiar komory 670x525x180 mm do 6 etap\u00f3w pieczenia 11 gotowych przepis\u00f3w w jez. polskim komin sterowany automatycznie programowalne automatyczne uruchomienie zestaw do pi\u0119trowania 2 piec\u00f3w ST-Bakery kod 9120519 W celu uzyskaniu uprawnie\u0144 z gwarancji, urz\u0105dzenie musi zosta\u0107 zarejestrowane w [&hellip;]<\/p>\n","protected":false},"featured_media":16892,"template":"","meta":{"_et_pb_use_builder":"","_et_pb_old_content":"","_et_gb_content_width":""},"pwb-brand":[547],"product_brand":[],"product_cat":[550],"product_tag":[],"class_list":{"0":"post-10176","1":"product","2":"type-product","3":"status-publish","4":"has-post-thumbnail","6":"pwb-brand-fm-industrial","7":"product_cat-piece-piekarniczo-cukiernicze","9":"first","10":"instock","11":"taxable","12":"shipping-taxable","13":"purchasable","14":"product-type-simple"},"brands":[{"id":547,"name":"FM Industrial","slug":"fm-industrial"}],"_links":{"self":[{"href":"https:\/\/www.multifrigo.pl\/sklep\/wp-json\/wp\/v2\/product\/10176","targetHints":{"allow":["GET"]}}],"collection":[{"href":"https:\/\/www.multifrigo.pl\/sklep\/wp-json\/wp\/v2\/product"}],"about":[{"href":"https:\/\/www.multifrigo.pl\/sklep\/wp-json\/wp\/v2\/types\/product"}],"wp:featuredmedia":[{"embeddable":true,"href":"https:\/\/www.multifrigo.pl\/sklep\/wp-json\/wp\/v2\/media\/16892"}],"wp:attachment":[{"href":"https:\/\/www.multifrigo.pl\/sklep\/wp-json\/wp\/v2\/media?parent=10176"}],"wp:term":[{"taxonomy":"pwb-brand","embeddable":true,"href":"https:\/\/www.multifrigo.pl\/sklep\/wp-json\/wp\/v2\/pwb-brand?post=10176"},{"taxonomy":"product_brand","embeddable":true,"href":"https:\/\/www.multifrigo.pl\/sklep\/wp-json\/wp\/v2\/product_brand?post=10176"},{"taxonomy":"product_cat","embeddable":true,"href":"https:\/\/www.multifrigo.pl\/sklep\/wp-json\/wp\/v2\/product_cat?post=10176"},{"taxonomy":"product_tag","embeddable":true,"href":"https:\/\/www.multifrigo.pl\/sklep\/wp-json\/wp\/v2\/product_tag?post=10176"}],"curies":[{"name":"wp","href":"https:\/\/api.w.org\/{rel}","templated":true}]}}