{"id":10184,"date":"2024-07-03T12:59:17","date_gmt":"2024-07-03T12:59:17","guid":{"rendered":"https:\/\/multifrigo.pl\/sklep\/produkt\/garownik-komora-wzrostowa-st-bakery-10x600x400-p-1-4-kw-fm-industrial-9120626\/"},"modified":"2025-05-19T12:48:43","modified_gmt":"2025-05-19T12:48:43","slug":"garownik-komora-wzrostowa-st-bakery-10x600x400-p-1-4-kw-fm-industrial-9120626","status":"publish","type":"product","link":"https:\/\/www.multifrigo.pl\/sklep\/produkt\/garownik-komora-wzrostowa-st-bakery-10x600x400-p-1-4-kw-fm-industrial-9120626\/","title":{"rendered":"Garownik, komora wzrostowa, ST-Bakery, 10x(600&#215;400) P 1.4 kW | FM Industrial 9120626"},"content":{"rendered":"<p><LI>niezale\u017cny, manualny panel sterowania  <LI>produkt kompatybilny z seri\u0105 piec\u00f3w ST-Bakery  <LI>rozmiar komory 690x850x425 mm  <LI>odleg\u0142o\u015b\u0107 mi\u0119dzy prowadnicami ~ 80 mm  <LI>W celu uzyskaniu uprawnie\u0144 z gwarancji, urz\u0105dzenie musi zosta\u0107 zarejestrowane w ci\u0105gu 30 dni od pierwszego uruchomienia na stronie https:\/\/stalgast.com\/rejestracja  <LI>przy\u0142\u0105cze wodne 3\/4  <\/p>\n","protected":false},"excerpt":{"rendered":"<p>niezale\u017cny, manualny panel sterowania produkt kompatybilny z seri\u0105 piec\u00f3w ST-Bakery rozmiar komory 690x850x425 mm odleg\u0142o\u015b\u0107 mi\u0119dzy prowadnicami ~ 80 mm W celu uzyskaniu uprawnie\u0144 z gwarancji, urz\u0105dzenie musi zosta\u0107 zarejestrowane w ci\u0105gu 30 dni od pierwszego uruchomienia na stronie https:\/\/stalgast.com\/rejestracja przy\u0142\u0105cze wodne 3\/4<\/p>\n","protected":false},"featured_media":16915,"template":"","meta":{"_et_pb_use_builder":"","_et_pb_old_content":"","_et_gb_content_width":""},"pwb-brand":[547],"product_brand":[],"product_cat":[551],"product_tag":[],"class_list":{"0":"post-10184","1":"product","2":"type-product","3":"status-publish","4":"has-post-thumbnail","6":"pwb-brand-fm-industrial","7":"product_cat-komory-wzrostowe-garowniki","9":"first","10":"instock","11":"taxable","12":"shipping-taxable","13":"purchasable","14":"product-type-simple"},"brands":[{"id":547,"name":"FM Industrial","slug":"fm-industrial"}],"_links":{"self":[{"href":"https:\/\/www.multifrigo.pl\/sklep\/wp-json\/wp\/v2\/product\/10184","targetHints":{"allow":["GET"]}}],"collection":[{"href":"https:\/\/www.multifrigo.pl\/sklep\/wp-json\/wp\/v2\/product"}],"about":[{"href":"https:\/\/www.multifrigo.pl\/sklep\/wp-json\/wp\/v2\/types\/product"}],"wp:featuredmedia":[{"embeddable":true,"href":"https:\/\/www.multifrigo.pl\/sklep\/wp-json\/wp\/v2\/media\/16915"}],"wp:attachment":[{"href":"https:\/\/www.multifrigo.pl\/sklep\/wp-json\/wp\/v2\/media?parent=10184"}],"wp:term":[{"taxonomy":"pwb-brand","embeddable":true,"href":"https:\/\/www.multifrigo.pl\/sklep\/wp-json\/wp\/v2\/pwb-brand?post=10184"},{"taxonomy":"product_brand","embeddable":true,"href":"https:\/\/www.multifrigo.pl\/sklep\/wp-json\/wp\/v2\/product_brand?post=10184"},{"taxonomy":"product_cat","embeddable":true,"href":"https:\/\/www.multifrigo.pl\/sklep\/wp-json\/wp\/v2\/product_cat?post=10184"},{"taxonomy":"product_tag","embeddable":true,"href":"https:\/\/www.multifrigo.pl\/sklep\/wp-json\/wp\/v2\/product_tag?post=10184"}],"curies":[{"name":"wp","href":"https:\/\/api.w.org\/{rel}","templated":true}]}}