{"id":10185,"date":"2024-07-03T12:59:17","date_gmt":"2024-07-03T12:59:17","guid":{"rendered":"https:\/\/multifrigo.pl\/sklep\/produkt\/zestaw-modulowy-do-polaczenia-3-urzadzen-z-piecem-statycznym-fm-industrial-9120632\/"},"modified":"2025-05-19T12:48:43","modified_gmt":"2025-05-19T12:48:43","slug":"zestaw-modulowy-do-polaczenia-3-urzadzen-z-piecem-statycznym-fm-industrial-9120632","status":"publish","type":"product","link":"https:\/\/www.multifrigo.pl\/sklep\/produkt\/zestaw-modulowy-do-polaczenia-3-urzadzen-z-piecem-statycznym-fm-industrial-9120632\/","title":{"rendered":"Zestaw modu\u0142owy do po\u0142\u0105czenia 3 urz\u0105dze\u0144 z piecem statycznym | FM Industrial 9120632"},"content":{"rendered":"<p><LI>zestaw modu\u0142owy do po\u0142\u0105czenia 3 urz\u0105dze\u0144 z piecem statycznym, piec Bakery+garownik+okap  <\/p>\n","protected":false},"excerpt":{"rendered":"<p>zestaw modu\u0142owy do po\u0142\u0105czenia 3 urz\u0105dze\u0144 z piecem statycznym, piec Bakery+garownik+okap<\/p>\n","protected":false},"featured_media":16916,"template":"","meta":{"_et_pb_use_builder":"","_et_pb_old_content":"","_et_gb_content_width":""},"pwb-brand":[547],"product_brand":[],"product_cat":[134],"product_tag":[],"class_list":{"0":"post-10185","1":"product","2":"type-product","3":"status-publish","4":"has-post-thumbnail","6":"pwb-brand-fm-industrial","7":"product_cat-akcesoria-do-piecow","9":"first","10":"instock","11":"taxable","12":"shipping-taxable","13":"purchasable","14":"product-type-simple"},"brands":[{"id":547,"name":"FM Industrial","slug":"fm-industrial"}],"_links":{"self":[{"href":"https:\/\/www.multifrigo.pl\/sklep\/wp-json\/wp\/v2\/product\/10185","targetHints":{"allow":["GET"]}}],"collection":[{"href":"https:\/\/www.multifrigo.pl\/sklep\/wp-json\/wp\/v2\/product"}],"about":[{"href":"https:\/\/www.multifrigo.pl\/sklep\/wp-json\/wp\/v2\/types\/product"}],"wp:featuredmedia":[{"embeddable":true,"href":"https:\/\/www.multifrigo.pl\/sklep\/wp-json\/wp\/v2\/media\/16916"}],"wp:attachment":[{"href":"https:\/\/www.multifrigo.pl\/sklep\/wp-json\/wp\/v2\/media?parent=10185"}],"wp:term":[{"taxonomy":"pwb-brand","embeddable":true,"href":"https:\/\/www.multifrigo.pl\/sklep\/wp-json\/wp\/v2\/pwb-brand?post=10185"},{"taxonomy":"product_brand","embeddable":true,"href":"https:\/\/www.multifrigo.pl\/sklep\/wp-json\/wp\/v2\/product_brand?post=10185"},{"taxonomy":"product_cat","embeddable":true,"href":"https:\/\/www.multifrigo.pl\/sklep\/wp-json\/wp\/v2\/product_cat?post=10185"},{"taxonomy":"product_tag","embeddable":true,"href":"https:\/\/www.multifrigo.pl\/sklep\/wp-json\/wp\/v2\/product_tag?post=10185"}],"curies":[{"name":"wp","href":"https:\/\/api.w.org\/{rel}","templated":true}]}}