{"id":10191,"date":"2024-07-03T12:59:18","date_gmt":"2024-07-03T12:59:18","guid":{"rendered":"https:\/\/multifrigo.pl\/sklep\/produkt\/piec-konwekcyjny-rx-manualny-4x600x400-4xgn-1-1-p-5-7-kw-fm-industrial-912529\/"},"modified":"2025-05-19T12:48:46","modified_gmt":"2025-05-19T12:48:46","slug":"piec-konwekcyjny-rx-manualny-4x600x400-4xgn-1-1-p-5-7-kw-fm-industrial-912529","status":"publish","type":"product","link":"https:\/\/www.multifrigo.pl\/sklep\/produkt\/piec-konwekcyjny-rx-manualny-4x600x400-4xgn-1-1-p-5-7-kw-fm-industrial-912529\/","title":{"rendered":"Piec konwekcyjny, RX, manualny, 4x600x400\/4xGN 1\/1, P 5.7 kW | FM Industrial 912529"},"content":{"rendered":"<p><LI>manualny, intuicyjny panel sterowania  <LI>termostat bezpiecze\u0144stwa  <LI>regulacja czasu od 0\u201360 minut i tryb non-stop  <LI>rozmiar komory 680x470x365 mm  <LI>4 ruszty w komplecie  <LI>prowadnice kompatybilne z rozmiarem GN 1\/1 (4xGN 1\/1)  <LI>alarm na koniec cyklu pracy  <LI>wy\u0142\u0105cznik drzwiowy  <LI>W celu uzyskaniu uprawnie\u0144 z gwarancji, urz\u0105dzenie musi zosta\u0107 zarejestrowane w ci\u0105gu 30 dni od pierwszego uruchomienia na stronie https:\/\/stalgast.com\/rejestracja  <LI>wentylator z rewersem  <\/p>\n","protected":false},"excerpt":{"rendered":"<p>manualny, intuicyjny panel sterowania termostat bezpiecze\u0144stwa regulacja czasu od 0\u201360 minut i tryb non-stop rozmiar komory 680x470x365 mm 4 ruszty w komplecie prowadnice kompatybilne z rozmiarem GN 1\/1 (4xGN 1\/1) alarm na koniec cyklu pracy wy\u0142\u0105cznik drzwiowy W celu uzyskaniu uprawnie\u0144 z gwarancji, urz\u0105dzenie musi zosta\u0107 zarejestrowane w ci\u0105gu 30 dni od pierwszego uruchomienia na [&hellip;]<\/p>\n","protected":false},"featured_media":16934,"template":"","meta":{"_et_pb_use_builder":"","_et_pb_old_content":"","_et_gb_content_width":""},"pwb-brand":[547],"product_brand":[],"product_cat":[463],"product_tag":[],"class_list":{"0":"post-10191","1":"product","2":"type-product","3":"status-publish","4":"has-post-thumbnail","6":"pwb-brand-fm-industrial","7":"product_cat-piece-konwekcyjne","9":"first","10":"instock","11":"taxable","12":"shipping-taxable","13":"purchasable","14":"product-type-simple"},"brands":[{"id":547,"name":"FM Industrial","slug":"fm-industrial"}],"_links":{"self":[{"href":"https:\/\/www.multifrigo.pl\/sklep\/wp-json\/wp\/v2\/product\/10191","targetHints":{"allow":["GET"]}}],"collection":[{"href":"https:\/\/www.multifrigo.pl\/sklep\/wp-json\/wp\/v2\/product"}],"about":[{"href":"https:\/\/www.multifrigo.pl\/sklep\/wp-json\/wp\/v2\/types\/product"}],"wp:featuredmedia":[{"embeddable":true,"href":"https:\/\/www.multifrigo.pl\/sklep\/wp-json\/wp\/v2\/media\/16934"}],"wp:attachment":[{"href":"https:\/\/www.multifrigo.pl\/sklep\/wp-json\/wp\/v2\/media?parent=10191"}],"wp:term":[{"taxonomy":"pwb-brand","embeddable":true,"href":"https:\/\/www.multifrigo.pl\/sklep\/wp-json\/wp\/v2\/pwb-brand?post=10191"},{"taxonomy":"product_brand","embeddable":true,"href":"https:\/\/www.multifrigo.pl\/sklep\/wp-json\/wp\/v2\/product_brand?post=10191"},{"taxonomy":"product_cat","embeddable":true,"href":"https:\/\/www.multifrigo.pl\/sklep\/wp-json\/wp\/v2\/product_cat?post=10191"},{"taxonomy":"product_tag","embeddable":true,"href":"https:\/\/www.multifrigo.pl\/sklep\/wp-json\/wp\/v2\/product_tag?post=10191"}],"curies":[{"name":"wp","href":"https:\/\/api.w.org\/{rel}","templated":true}]}}