{"id":10195,"date":"2024-07-03T12:59:19","date_gmt":"2024-07-03T12:59:19","guid":{"rendered":"https:\/\/multifrigo.pl\/sklep\/produkt\/kondenser-pary-do-piecow-konwekcyjnych-stalgast-shopcook-rx-fm-industrial-912552\/"},"modified":"2025-05-19T12:48:49","modified_gmt":"2025-05-19T12:48:49","slug":"kondenser-pary-do-piecow-konwekcyjnych-stalgast-shopcook-rx-fm-industrial-912552","status":"publish","type":"product","link":"https:\/\/www.multifrigo.pl\/sklep\/produkt\/kondenser-pary-do-piecow-konwekcyjnych-stalgast-shopcook-rx-fm-industrial-912552\/","title":{"rendered":"Kondenser pary do piec\u00f3w konwekcyjnych, Stalgast ShopCook\/RX | FM Industrial 912552"},"content":{"rendered":"<p><LI>kondenser pary odprowadza par\u0119 przez jej skroplenie do kanalizacji  <LI>do zastosowania z jednym piecem konwekcyjnym  <LI>system wtrysku wody w celu sch\u0142odzenia skroplin i podniesieniu efektywno\u015bci dzia\u0142ania  <\/p>\n","protected":false},"excerpt":{"rendered":"<p>kondenser pary odprowadza par\u0119 przez jej skroplenie do kanalizacji do zastosowania z jednym piecem konwekcyjnym system wtrysku wody w celu sch\u0142odzenia skroplin i podniesieniu efektywno\u015bci dzia\u0142ania<\/p>\n","protected":false},"featured_media":16952,"template":"","meta":{"_et_pb_use_builder":"","_et_pb_old_content":"","_et_gb_content_width":""},"pwb-brand":[547],"product_brand":[],"product_cat":[134],"product_tag":[],"class_list":{"0":"post-10195","1":"product","2":"type-product","3":"status-publish","4":"has-post-thumbnail","6":"pwb-brand-fm-industrial","7":"product_cat-akcesoria-do-piecow","9":"first","10":"instock","11":"taxable","12":"shipping-taxable","13":"purchasable","14":"product-type-simple"},"brands":[{"id":547,"name":"FM Industrial","slug":"fm-industrial"}],"_links":{"self":[{"href":"https:\/\/www.multifrigo.pl\/sklep\/wp-json\/wp\/v2\/product\/10195","targetHints":{"allow":["GET"]}}],"collection":[{"href":"https:\/\/www.multifrigo.pl\/sklep\/wp-json\/wp\/v2\/product"}],"about":[{"href":"https:\/\/www.multifrigo.pl\/sklep\/wp-json\/wp\/v2\/types\/product"}],"wp:featuredmedia":[{"embeddable":true,"href":"https:\/\/www.multifrigo.pl\/sklep\/wp-json\/wp\/v2\/media\/16952"}],"wp:attachment":[{"href":"https:\/\/www.multifrigo.pl\/sklep\/wp-json\/wp\/v2\/media?parent=10195"}],"wp:term":[{"taxonomy":"pwb-brand","embeddable":true,"href":"https:\/\/www.multifrigo.pl\/sklep\/wp-json\/wp\/v2\/pwb-brand?post=10195"},{"taxonomy":"product_brand","embeddable":true,"href":"https:\/\/www.multifrigo.pl\/sklep\/wp-json\/wp\/v2\/product_brand?post=10195"},{"taxonomy":"product_cat","embeddable":true,"href":"https:\/\/www.multifrigo.pl\/sklep\/wp-json\/wp\/v2\/product_cat?post=10195"},{"taxonomy":"product_tag","embeddable":true,"href":"https:\/\/www.multifrigo.pl\/sklep\/wp-json\/wp\/v2\/product_tag?post=10195"}],"curies":[{"name":"wp","href":"https:\/\/api.w.org\/{rel}","templated":true}]}}