{"id":10197,"date":"2024-07-03T12:59:19","date_gmt":"2024-07-03T12:59:19","guid":{"rendered":"https:\/\/multifrigo.pl\/sklep\/produkt\/zestaw-do-pietrowania-piecow-konwekcyjnych-stalgast-shopcook-rx-430x340-gn-2-3-fm-industrial-912554\/"},"modified":"2025-05-19T12:48:54","modified_gmt":"2025-05-19T12:48:54","slug":"zestaw-do-pietrowania-piecow-konwekcyjnych-stalgast-shopcook-rx-430x340-gn-2-3-fm-industrial-912554","status":"publish","type":"product","link":"https:\/\/www.multifrigo.pl\/sklep\/produkt\/zestaw-do-pietrowania-piecow-konwekcyjnych-stalgast-shopcook-rx-430x340-gn-2-3-fm-industrial-912554\/","title":{"rendered":"Zestaw do pi\u0119trowania piec\u00f3w konwekcyjnych, Stalgast ShopCook\/RX (430X340\/GN 2\/3) | FM Industrial 912554"},"content":{"rendered":"<p><LI>zestaw umozliwia pi\u0119trowanie ze sob\u0105 2 piec\u00f3w elektronicznych i manualnych ShopCook\/RX  w rozmiarze blach (430X340\/GN 2\/3)  <\/p>\n","protected":false},"excerpt":{"rendered":"<p>zestaw umozliwia pi\u0119trowanie ze sob\u0105 2 piec\u00f3w elektronicznych i manualnych ShopCook\/RX w rozmiarze blach (430X340\/GN 2\/3)<\/p>\n","protected":false},"featured_media":16954,"template":"","meta":{"_et_pb_use_builder":"","_et_pb_old_content":"","_et_gb_content_width":""},"pwb-brand":[547],"product_brand":[],"product_cat":[134],"product_tag":[],"class_list":{"0":"post-10197","1":"product","2":"type-product","3":"status-publish","4":"has-post-thumbnail","6":"pwb-brand-fm-industrial","7":"product_cat-akcesoria-do-piecow","9":"first","10":"instock","11":"taxable","12":"shipping-taxable","13":"purchasable","14":"product-type-simple"},"brands":[{"id":547,"name":"FM Industrial","slug":"fm-industrial"}],"_links":{"self":[{"href":"https:\/\/www.multifrigo.pl\/sklep\/wp-json\/wp\/v2\/product\/10197","targetHints":{"allow":["GET"]}}],"collection":[{"href":"https:\/\/www.multifrigo.pl\/sklep\/wp-json\/wp\/v2\/product"}],"about":[{"href":"https:\/\/www.multifrigo.pl\/sklep\/wp-json\/wp\/v2\/types\/product"}],"wp:featuredmedia":[{"embeddable":true,"href":"https:\/\/www.multifrigo.pl\/sklep\/wp-json\/wp\/v2\/media\/16954"}],"wp:attachment":[{"href":"https:\/\/www.multifrigo.pl\/sklep\/wp-json\/wp\/v2\/media?parent=10197"}],"wp:term":[{"taxonomy":"pwb-brand","embeddable":true,"href":"https:\/\/www.multifrigo.pl\/sklep\/wp-json\/wp\/v2\/pwb-brand?post=10197"},{"taxonomy":"product_brand","embeddable":true,"href":"https:\/\/www.multifrigo.pl\/sklep\/wp-json\/wp\/v2\/product_brand?post=10197"},{"taxonomy":"product_cat","embeddable":true,"href":"https:\/\/www.multifrigo.pl\/sklep\/wp-json\/wp\/v2\/product_cat?post=10197"},{"taxonomy":"product_tag","embeddable":true,"href":"https:\/\/www.multifrigo.pl\/sklep\/wp-json\/wp\/v2\/product_tag?post=10197"}],"curies":[{"name":"wp","href":"https:\/\/api.w.org\/{rel}","templated":true}]}}