{"id":10200,"date":"2024-07-03T12:59:19","date_gmt":"2024-07-03T12:59:19","guid":{"rendered":"https:\/\/multifrigo.pl\/sklep\/produkt\/okap-do-piecow-konwekcyjnych-stalgast-shopcook-rx-600x400-gn-1-1-z-silnikiem-i-kondensem-pary-fm-industrial-912631\/"},"modified":"2025-05-19T12:49:08","modified_gmt":"2025-05-19T12:49:08","slug":"okap-do-piecow-konwekcyjnych-stalgast-shopcook-rx-600x400-gn-1-1-z-silnikiem-i-kondensem-pary-fm-industrial-912631","status":"publish","type":"product","link":"https:\/\/www.multifrigo.pl\/sklep\/produkt\/okap-do-piecow-konwekcyjnych-stalgast-shopcook-rx-600x400-gn-1-1-z-silnikiem-i-kondensem-pary-fm-industrial-912631\/","title":{"rendered":"Okap do piec\u00f3w konwekcyjnych, Stalgast ShopCook\/RX (600&#215;400\/GN 1\/1) z silnikiem i kondensem pary | FM Industrial 912631"},"content":{"rendered":"<p><LI>kr\u00f3ciec przy\u0142\u0105czeniowy O 80 mm  <LI>okap kompatybilny z seri\u0105 piec\u00f3w ShopCook\/RX (600&#215;400\/GN 1\/1) manualn\u0105 i elektroniczn\u0105  <\/p>\n","protected":false},"excerpt":{"rendered":"<p>kr\u00f3ciec przy\u0142\u0105czeniowy O 80 mm okap kompatybilny z seri\u0105 piec\u00f3w ShopCook\/RX (600&#215;400\/GN 1\/1) manualn\u0105 i elektroniczn\u0105<\/p>\n","protected":false},"featured_media":16957,"template":"","meta":{"_et_pb_use_builder":"","_et_pb_old_content":"","_et_gb_content_width":""},"pwb-brand":[547],"product_brand":[],"product_cat":[549],"product_tag":[],"class_list":{"0":"post-10200","1":"product","2":"type-product","3":"status-publish","4":"has-post-thumbnail","6":"pwb-brand-fm-industrial","7":"product_cat-okapy-do-piecow","9":"first","10":"instock","11":"taxable","12":"shipping-taxable","13":"purchasable","14":"product-type-simple"},"brands":[{"id":547,"name":"FM Industrial","slug":"fm-industrial"}],"_links":{"self":[{"href":"https:\/\/www.multifrigo.pl\/sklep\/wp-json\/wp\/v2\/product\/10200","targetHints":{"allow":["GET"]}}],"collection":[{"href":"https:\/\/www.multifrigo.pl\/sklep\/wp-json\/wp\/v2\/product"}],"about":[{"href":"https:\/\/www.multifrigo.pl\/sklep\/wp-json\/wp\/v2\/types\/product"}],"wp:featuredmedia":[{"embeddable":true,"href":"https:\/\/www.multifrigo.pl\/sklep\/wp-json\/wp\/v2\/media\/16957"}],"wp:attachment":[{"href":"https:\/\/www.multifrigo.pl\/sklep\/wp-json\/wp\/v2\/media?parent=10200"}],"wp:term":[{"taxonomy":"pwb-brand","embeddable":true,"href":"https:\/\/www.multifrigo.pl\/sklep\/wp-json\/wp\/v2\/pwb-brand?post=10200"},{"taxonomy":"product_brand","embeddable":true,"href":"https:\/\/www.multifrigo.pl\/sklep\/wp-json\/wp\/v2\/product_brand?post=10200"},{"taxonomy":"product_cat","embeddable":true,"href":"https:\/\/www.multifrigo.pl\/sklep\/wp-json\/wp\/v2\/product_cat?post=10200"},{"taxonomy":"product_tag","embeddable":true,"href":"https:\/\/www.multifrigo.pl\/sklep\/wp-json\/wp\/v2\/product_tag?post=10200"}],"curies":[{"name":"wp","href":"https:\/\/api.w.org\/{rel}","templated":true}]}}