{"id":10205,"date":"2024-07-03T12:59:20","date_gmt":"2024-07-03T12:59:20","guid":{"rendered":"https:\/\/multifrigo.pl\/sklep\/produkt\/blacha-grillowa-nieprzywierajaca-gn-1-1-fm-industrial-917003\/"},"modified":"2025-05-19T12:49:10","modified_gmt":"2025-05-19T12:49:10","slug":"blacha-grillowa-nieprzywierajaca-gn-1-1-fm-industrial-917003","status":"publish","type":"product","link":"https:\/\/www.multifrigo.pl\/sklep\/produkt\/blacha-grillowa-nieprzywierajaca-gn-1-1-fm-industrial-917003\/","title":{"rendered":"Blacha grillowa, nieprzywieraj\u0105ca, GN 1\/1 | FM Industrial 917003"},"content":{"rendered":"<p><LI>\u0142atwa w utrzymaniu czysto\u015bci  <LI>blacha pozwala na grillowanie r\u00f3\u017cnych produkt\u00f3w np. mi\u0119s, warzyw, ryb itp  <\/p>\n","protected":false},"excerpt":{"rendered":"<p>\u0142atwa w utrzymaniu czysto\u015bci blacha pozwala na grillowanie r\u00f3\u017cnych produkt\u00f3w np. mi\u0119s, warzyw, ryb itp<\/p>\n","protected":false},"featured_media":16970,"template":"","meta":{"_et_pb_use_builder":"","_et_pb_old_content":"","_et_gb_content_width":""},"pwb-brand":[547],"product_brand":[],"product_cat":[546],"product_tag":[],"class_list":{"0":"post-10205","1":"product","2":"type-product","3":"status-publish","4":"has-post-thumbnail","6":"pwb-brand-fm-industrial","7":"product_cat-blachy-do-piecow","9":"first","10":"instock","11":"taxable","12":"shipping-taxable","13":"purchasable","14":"product-type-simple"},"brands":[{"id":547,"name":"FM Industrial","slug":"fm-industrial"}],"_links":{"self":[{"href":"https:\/\/www.multifrigo.pl\/sklep\/wp-json\/wp\/v2\/product\/10205","targetHints":{"allow":["GET"]}}],"collection":[{"href":"https:\/\/www.multifrigo.pl\/sklep\/wp-json\/wp\/v2\/product"}],"about":[{"href":"https:\/\/www.multifrigo.pl\/sklep\/wp-json\/wp\/v2\/types\/product"}],"wp:featuredmedia":[{"embeddable":true,"href":"https:\/\/www.multifrigo.pl\/sklep\/wp-json\/wp\/v2\/media\/16970"}],"wp:attachment":[{"href":"https:\/\/www.multifrigo.pl\/sklep\/wp-json\/wp\/v2\/media?parent=10205"}],"wp:term":[{"taxonomy":"pwb-brand","embeddable":true,"href":"https:\/\/www.multifrigo.pl\/sklep\/wp-json\/wp\/v2\/pwb-brand?post=10205"},{"taxonomy":"product_brand","embeddable":true,"href":"https:\/\/www.multifrigo.pl\/sklep\/wp-json\/wp\/v2\/product_brand?post=10205"},{"taxonomy":"product_cat","embeddable":true,"href":"https:\/\/www.multifrigo.pl\/sklep\/wp-json\/wp\/v2\/product_cat?post=10205"},{"taxonomy":"product_tag","embeddable":true,"href":"https:\/\/www.multifrigo.pl\/sklep\/wp-json\/wp\/v2\/product_tag?post=10205"}],"curies":[{"name":"wp","href":"https:\/\/api.w.org\/{rel}","templated":true}]}}