{"id":10208,"date":"2024-07-03T12:59:20","date_gmt":"2024-07-03T12:59:20","guid":{"rendered":"https:\/\/multifrigo.pl\/sklep\/produkt\/blacha-do-jajek-i-plackow-gn-1-1-fm-industrial-917028\/"},"modified":"2025-05-19T12:49:12","modified_gmt":"2025-05-19T12:49:12","slug":"blacha-do-jajek-i-plackow-gn-1-1-fm-industrial-917028","status":"publish","type":"product","link":"https:\/\/www.multifrigo.pl\/sklep\/produkt\/blacha-do-jajek-i-plackow-gn-1-1-fm-industrial-917028\/","title":{"rendered":"Blacha do jajek i plack\u00f3w, GN 1\/1 | FM Industrial 917028"},"content":{"rendered":"<p><LI>\u0142atwa w utrzymaniu czysto\u015bci  <LI>aluminiowa blacha pokryta teflonem przeznaczona do sma\u017cenia jajek, racuch\u00f3w i plack\u00f3w itp.  <LI>zag\u0142\u0119bienia sprawiaj\u0105, \u017ce produkty charakteryzuj\u0105 si\u0119 jednakowym kszta\u0142tem i wielko\u015bci\u0105  <\/p>\n","protected":false},"excerpt":{"rendered":"<p>\u0142atwa w utrzymaniu czysto\u015bci aluminiowa blacha pokryta teflonem przeznaczona do sma\u017cenia jajek, racuch\u00f3w i plack\u00f3w itp. zag\u0142\u0119bienia sprawiaj\u0105, \u017ce produkty charakteryzuj\u0105 si\u0119 jednakowym kszta\u0142tem i wielko\u015bci\u0105<\/p>\n","protected":false},"featured_media":16973,"template":"","meta":{"_et_pb_use_builder":"","_et_pb_old_content":"","_et_gb_content_width":""},"pwb-brand":[547],"product_brand":[],"product_cat":[546],"product_tag":[],"class_list":{"0":"post-10208","1":"product","2":"type-product","3":"status-publish","4":"has-post-thumbnail","6":"pwb-brand-fm-industrial","7":"product_cat-blachy-do-piecow","9":"first","10":"instock","11":"taxable","12":"shipping-taxable","13":"purchasable","14":"product-type-simple"},"brands":[{"id":547,"name":"FM Industrial","slug":"fm-industrial"}],"_links":{"self":[{"href":"https:\/\/www.multifrigo.pl\/sklep\/wp-json\/wp\/v2\/product\/10208","targetHints":{"allow":["GET"]}}],"collection":[{"href":"https:\/\/www.multifrigo.pl\/sklep\/wp-json\/wp\/v2\/product"}],"about":[{"href":"https:\/\/www.multifrigo.pl\/sklep\/wp-json\/wp\/v2\/types\/product"}],"wp:featuredmedia":[{"embeddable":true,"href":"https:\/\/www.multifrigo.pl\/sklep\/wp-json\/wp\/v2\/media\/16973"}],"wp:attachment":[{"href":"https:\/\/www.multifrigo.pl\/sklep\/wp-json\/wp\/v2\/media?parent=10208"}],"wp:term":[{"taxonomy":"pwb-brand","embeddable":true,"href":"https:\/\/www.multifrigo.pl\/sklep\/wp-json\/wp\/v2\/pwb-brand?post=10208"},{"taxonomy":"product_brand","embeddable":true,"href":"https:\/\/www.multifrigo.pl\/sklep\/wp-json\/wp\/v2\/product_brand?post=10208"},{"taxonomy":"product_cat","embeddable":true,"href":"https:\/\/www.multifrigo.pl\/sklep\/wp-json\/wp\/v2\/product_cat?post=10208"},{"taxonomy":"product_tag","embeddable":true,"href":"https:\/\/www.multifrigo.pl\/sklep\/wp-json\/wp\/v2\/product_tag?post=10208"}],"curies":[{"name":"wp","href":"https:\/\/api.w.org\/{rel}","templated":true}]}}