{"id":10210,"date":"2024-07-03T12:59:21","date_gmt":"2024-07-03T12:59:21","guid":{"rendered":"https:\/\/multifrigo.pl\/sklep\/produkt\/blacha-granitowa-do-pieczenia-smazenia-nieprzywierajaca-gn-1-1-fm-industrial-917036\/"},"modified":"2025-05-19T12:49:12","modified_gmt":"2025-05-19T12:49:12","slug":"blacha-granitowa-do-pieczenia-smazenia-nieprzywierajaca-gn-1-1-fm-industrial-917036","status":"publish","type":"product","link":"https:\/\/www.multifrigo.pl\/sklep\/produkt\/blacha-granitowa-do-pieczenia-smazenia-nieprzywierajaca-gn-1-1-fm-industrial-917036\/","title":{"rendered":"Blacha granitowa do pieczenia, sma\u017cenia, nieprzywieraj\u0105ca, GN 1\/1 | FM Industrial 917036"},"content":{"rendered":"<p><LI>\u0142atwa w utrzymaniu czysto\u015bci  <LI>blacha pozwala na pieczenie r\u00f3\u017cnych produkt\u00f3w zw\u0142aszcza ciast i zapiekanek  <LI>proste kraw\u0119dzie u\u0142atwaj\u0105 porcjowanie produktu  <LI>pow\u0142oka nieprzywieraj\u0105ca u\u0142atwia pieczenie  <\/p>\n","protected":false},"excerpt":{"rendered":"<p>\u0142atwa w utrzymaniu czysto\u015bci blacha pozwala na pieczenie r\u00f3\u017cnych produkt\u00f3w zw\u0142aszcza ciast i zapiekanek proste kraw\u0119dzie u\u0142atwaj\u0105 porcjowanie produktu pow\u0142oka nieprzywieraj\u0105ca u\u0142atwia pieczenie<\/p>\n","protected":false},"featured_media":16975,"template":"","meta":{"_et_pb_use_builder":"","_et_pb_old_content":"","_et_gb_content_width":""},"pwb-brand":[547],"product_brand":[],"product_cat":[546],"product_tag":[],"class_list":{"0":"post-10210","1":"product","2":"type-product","3":"status-publish","4":"has-post-thumbnail","6":"pwb-brand-fm-industrial","7":"product_cat-blachy-do-piecow","9":"first","10":"instock","11":"taxable","12":"shipping-taxable","13":"purchasable","14":"product-type-simple"},"brands":[{"id":547,"name":"FM Industrial","slug":"fm-industrial"}],"_links":{"self":[{"href":"https:\/\/www.multifrigo.pl\/sklep\/wp-json\/wp\/v2\/product\/10210","targetHints":{"allow":["GET"]}}],"collection":[{"href":"https:\/\/www.multifrigo.pl\/sklep\/wp-json\/wp\/v2\/product"}],"about":[{"href":"https:\/\/www.multifrigo.pl\/sklep\/wp-json\/wp\/v2\/types\/product"}],"wp:featuredmedia":[{"embeddable":true,"href":"https:\/\/www.multifrigo.pl\/sklep\/wp-json\/wp\/v2\/media\/16975"}],"wp:attachment":[{"href":"https:\/\/www.multifrigo.pl\/sklep\/wp-json\/wp\/v2\/media?parent=10210"}],"wp:term":[{"taxonomy":"pwb-brand","embeddable":true,"href":"https:\/\/www.multifrigo.pl\/sklep\/wp-json\/wp\/v2\/pwb-brand?post=10210"},{"taxonomy":"product_brand","embeddable":true,"href":"https:\/\/www.multifrigo.pl\/sklep\/wp-json\/wp\/v2\/product_brand?post=10210"},{"taxonomy":"product_cat","embeddable":true,"href":"https:\/\/www.multifrigo.pl\/sklep\/wp-json\/wp\/v2\/product_cat?post=10210"},{"taxonomy":"product_tag","embeddable":true,"href":"https:\/\/www.multifrigo.pl\/sklep\/wp-json\/wp\/v2\/product_tag?post=10210"}],"curies":[{"name":"wp","href":"https:\/\/api.w.org\/{rel}","templated":true}]}}