{"id":10213,"date":"2024-07-03T12:59:21","date_gmt":"2024-07-03T12:59:21","guid":{"rendered":"https:\/\/multifrigo.pl\/sklep\/produkt\/blacha-aluminiowa-perforowana-do-piecow-konwekcyjnych-340x240-mm-fm-industrial-917430\/"},"modified":"2025-05-19T12:49:15","modified_gmt":"2025-05-19T12:49:15","slug":"blacha-aluminiowa-perforowana-do-piecow-konwekcyjnych-340x240-mm-fm-industrial-917430","status":"publish","type":"product","link":"https:\/\/www.multifrigo.pl\/sklep\/produkt\/blacha-aluminiowa-perforowana-do-piecow-konwekcyjnych-340x240-mm-fm-industrial-917430\/","title":{"rendered":"Blacha aluminiowa, perforowana do piec\u00f3w konwekcyjnych, 340&#215;240 mm | FM Industrial 917430"},"content":{"rendered":"<p><LI>\u0142atwa w utrzymaniu czysto\u015bci  <LI>dedykowana do piec\u00f3w z serii ShopCook i RX  <LI>blacha perforowana  <\/p>\n","protected":false},"excerpt":{"rendered":"<p>\u0142atwa w utrzymaniu czysto\u015bci dedykowana do piec\u00f3w z serii ShopCook i RX blacha perforowana<\/p>\n","protected":false},"featured_media":16978,"template":"","meta":{"_et_pb_use_builder":"","_et_pb_old_content":"","_et_gb_content_width":""},"pwb-brand":[547],"product_brand":[],"product_cat":[546],"product_tag":[],"class_list":{"0":"post-10213","1":"product","2":"type-product","3":"status-publish","4":"has-post-thumbnail","6":"pwb-brand-fm-industrial","7":"product_cat-blachy-do-piecow","9":"first","10":"instock","11":"taxable","12":"shipping-taxable","13":"purchasable","14":"product-type-simple"},"brands":[{"id":547,"name":"FM Industrial","slug":"fm-industrial"}],"_links":{"self":[{"href":"https:\/\/www.multifrigo.pl\/sklep\/wp-json\/wp\/v2\/product\/10213","targetHints":{"allow":["GET"]}}],"collection":[{"href":"https:\/\/www.multifrigo.pl\/sklep\/wp-json\/wp\/v2\/product"}],"about":[{"href":"https:\/\/www.multifrigo.pl\/sklep\/wp-json\/wp\/v2\/types\/product"}],"wp:featuredmedia":[{"embeddable":true,"href":"https:\/\/www.multifrigo.pl\/sklep\/wp-json\/wp\/v2\/media\/16978"}],"wp:attachment":[{"href":"https:\/\/www.multifrigo.pl\/sklep\/wp-json\/wp\/v2\/media?parent=10213"}],"wp:term":[{"taxonomy":"pwb-brand","embeddable":true,"href":"https:\/\/www.multifrigo.pl\/sklep\/wp-json\/wp\/v2\/pwb-brand?post=10213"},{"taxonomy":"product_brand","embeddable":true,"href":"https:\/\/www.multifrigo.pl\/sklep\/wp-json\/wp\/v2\/product_brand?post=10213"},{"taxonomy":"product_cat","embeddable":true,"href":"https:\/\/www.multifrigo.pl\/sklep\/wp-json\/wp\/v2\/product_cat?post=10213"},{"taxonomy":"product_tag","embeddable":true,"href":"https:\/\/www.multifrigo.pl\/sklep\/wp-json\/wp\/v2\/product_tag?post=10213"}],"curies":[{"name":"wp","href":"https:\/\/api.w.org\/{rel}","templated":true}]}}