{"id":10389,"date":"2024-07-03T12:59:56","date_gmt":"2024-07-03T12:59:56","guid":{"rendered":"https:\/\/multifrigo.pl\/sklep\/produkt\/kuchnia-elektryczna-6-polowa-z-piekarnikiem-elektrycznym-15-67-kw-stalgast-9718000\/"},"modified":"2025-05-29T22:00:38","modified_gmt":"2025-05-29T22:00:38","slug":"kuchnia-elektryczna-6-polowa-z-piekarnikiem-elektrycznym-15-67-kw-stalgast-9718000","status":"publish","type":"product","link":"https:\/\/www.multifrigo.pl\/sklep\/produkt\/kuchnia-elektryczna-6-polowa-z-piekarnikiem-elektrycznym-15-67-kw-stalgast-9718000\/","title":{"rendered":"Kuchnia elektryczna, 6-polowa z piekarnikiem elektrycznym, 15.6+7 kW | Stalgast 9718000"},"content":{"rendered":"<p><LI>przeznaczone do obr\u00f3bki termicznej prowadzonej na wszystkich rodzajach naczy\u0144 kuchennych przy wykorzystaniu energii elektrycznej  <LI>stosowane w kuchniach piekarniki o uniwersalnym zastosowaniu daj\u0105 mo\u017cliwo\u015b\u0107 statycznej obr\u00f3bki cieplnej wszystkich produkt\u00f3w kulinarnych wykorzystuj\u0105c energi\u0119 elektryczn\u0105  <LI>oferta urz\u0105dze\u0144 dostosowana pod indywidualne wymagania technologiczne  <LI>przeznaczone dla ma\u0142ej, \u015bredniej i du\u017cej gastronomii  <LI>nowoczesny design  <LI>ergonomiczne pokr\u0119t\u0142a  <LI>panel przedni grawerowany laserowo  <LI>kontrolki pracy oraz zasilania  <LI>system zabezpieczaj\u0105cy urz\u0105dzenie dost\u0119pny z panelu sterowania  <LI>szafka neutralna z drzwiami  <LI>\u017celiwne p\u0142yty grzewcze o \u015brednicy 220 mm i mocy 2.6 kW  <LI>sze\u015bciostopniowy zakres regulacji mocy  <LI>t\u0142oczona p\u0142yta g\u00f3rna  <LI>przeszklone drzwi piekarnika  <LI>wymiary piekarnika elektrycznego statycznego GN 2\/1: 660x545x285 mm (WxDxH)  <LI>trzy poziomy prowadnic  <LI>piekarnik elektryczny z funkcj\u0105 kontroli wilgotno\u015bci  <LI>o\u015bwietlenie komory prowadnic  <LI>ruszt do piekarnika w komplecie  <\/p>\n","protected":false},"excerpt":{"rendered":"<p>przeznaczone do obr\u00f3bki termicznej prowadzonej na wszystkich rodzajach naczy\u0144 kuchennych przy wykorzystaniu energii elektrycznej stosowane w kuchniach piekarniki o uniwersalnym zastosowaniu daj\u0105 mo\u017cliwo\u015b\u0107 statycznej obr\u00f3bki cieplnej wszystkich produkt\u00f3w kulinarnych wykorzystuj\u0105c energi\u0119 elektryczn\u0105 oferta urz\u0105dze\u0144 dostosowana pod indywidualne wymagania technologiczne przeznaczone dla ma\u0142ej, \u015bredniej i du\u017cej gastronomii nowoczesny design ergonomiczne pokr\u0119t\u0142a panel przedni grawerowany laserowo kontrolki [&hellip;]<\/p>\n","protected":false},"featured_media":17468,"template":"","meta":{"_et_pb_use_builder":"","_et_pb_old_content":"","_et_gb_content_width":""},"pwb-brand":[62],"product_brand":[],"product_cat":[5023],"product_tag":[],"class_list":{"0":"post-10389","1":"product","2":"type-product","3":"status-publish","4":"has-post-thumbnail","6":"pwb-brand-stalgast","7":"product_cat-6-plytowe-z-piekarnikiem","9":"first","10":"instock","11":"taxable","12":"shipping-taxable","13":"purchasable","14":"product-type-simple"},"brands":[{"id":62,"name":"Stalgast","slug":"stalgast"}],"_links":{"self":[{"href":"https:\/\/www.multifrigo.pl\/sklep\/wp-json\/wp\/v2\/product\/10389","targetHints":{"allow":["GET"]}}],"collection":[{"href":"https:\/\/www.multifrigo.pl\/sklep\/wp-json\/wp\/v2\/product"}],"about":[{"href":"https:\/\/www.multifrigo.pl\/sklep\/wp-json\/wp\/v2\/types\/product"}],"wp:featuredmedia":[{"embeddable":true,"href":"https:\/\/www.multifrigo.pl\/sklep\/wp-json\/wp\/v2\/media\/17468"}],"wp:attachment":[{"href":"https:\/\/www.multifrigo.pl\/sklep\/wp-json\/wp\/v2\/media?parent=10389"}],"wp:term":[{"taxonomy":"pwb-brand","embeddable":true,"href":"https:\/\/www.multifrigo.pl\/sklep\/wp-json\/wp\/v2\/pwb-brand?post=10389"},{"taxonomy":"product_brand","embeddable":true,"href":"https:\/\/www.multifrigo.pl\/sklep\/wp-json\/wp\/v2\/product_brand?post=10389"},{"taxonomy":"product_cat","embeddable":true,"href":"https:\/\/www.multifrigo.pl\/sklep\/wp-json\/wp\/v2\/product_cat?post=10389"},{"taxonomy":"product_tag","embeddable":true,"href":"https:\/\/www.multifrigo.pl\/sklep\/wp-json\/wp\/v2\/product_tag?post=10389"}],"curies":[{"name":"wp","href":"https:\/\/api.w.org\/{rel}","templated":true}]}}