{"id":10394,"date":"2024-07-03T12:59:57","date_gmt":"2024-07-03T12:59:57","guid":{"rendered":"https:\/\/multifrigo.pl\/sklep\/produkt\/bemar-elektryczny-gn-1-1-0-8-kw-stalgast-9720000\/"},"modified":"2025-05-19T12:51:20","modified_gmt":"2025-05-19T12:51:20","slug":"bemar-elektryczny-gn-1-1-0-8-kw-stalgast-9720000","status":"publish","type":"product","link":"https:\/\/www.multifrigo.pl\/sklep\/produkt\/bemar-elektryczny-gn-1-1-0-8-kw-stalgast-9720000\/","title":{"rendered":"Bemar elektryczny, GN 1\/1, 0.8 kW | Stalgast 9720000"},"content":{"rendered":"<p><LI>przeznaczone do utrzymywania temperatury potraw.Proces prowadzony przy wykorzystaniu energii elektrycznej  <LI>linia urz\u0105dze\u0144 dedykowana jako elementy ci\u0105gu grzewczego lub jako samodzielne stanowiska obr\u00f3bki termicznej  <LI>oferta urz\u0105dze\u0144 dostosowana pod indywidualne wymagania technologiczne  <LI>przeznaczone dla ma\u0142ej, \u015bredniej i du\u017cej gastronomii  <LI>nowoczesny design  <LI>ergonomiczne pokr\u0119t\u0142a  <LI>panel przedni grawerowany laserowo  <LI>kontrolki pracy oraz zasilania  <LI>system zabezpieczaj\u0105cy urz\u0105dzenie dost\u0119pny z panelu sterowania  <LI>bezpieczny spust wody  <LI>regulacja temperatury w zakresie 30 do 95\u00b0C  <LI>pojemno\u015b\u0107: GN 1\/1 lub 2xGN 1\/1 (maks. wysoko\u015b\u0107 150 mm)  <LI>wymiary komory model 306x508x155 mm  <LI>mo\u017cliwo\u015b\u0107 monta\u017cu na podstawie szkieletowej otwartej lub podstawie z drzwiami  <LI>opcjonalnie mo\u017cliwo\u015b\u0107 zastosowania kominka 9700020  <LI>regulowane n\u00f3\u017cki ~ 20 mm  <\/p>\n","protected":false},"excerpt":{"rendered":"<p>przeznaczone do utrzymywania temperatury potraw.Proces prowadzony przy wykorzystaniu energii elektrycznej linia urz\u0105dze\u0144 dedykowana jako elementy ci\u0105gu grzewczego lub jako samodzielne stanowiska obr\u00f3bki termicznej oferta urz\u0105dze\u0144 dostosowana pod indywidualne wymagania technologiczne przeznaczone dla ma\u0142ej, \u015bredniej i du\u017cej gastronomii nowoczesny design ergonomiczne pokr\u0119t\u0142a panel przedni grawerowany laserowo kontrolki pracy oraz zasilania system zabezpieczaj\u0105cy urz\u0105dzenie dost\u0119pny z panelu [&hellip;]<\/p>\n","protected":false},"featured_media":17493,"template":"","meta":{"_et_pb_use_builder":"","_et_pb_old_content":"","_et_gb_content_width":""},"pwb-brand":[62],"product_brand":[],"product_cat":[598],"product_tag":[],"class_list":{"0":"post-10394","1":"product","2":"type-product","3":"status-publish","4":"has-post-thumbnail","6":"pwb-brand-stalgast","7":"product_cat-bemary","9":"first","10":"instock","11":"taxable","12":"shipping-taxable","13":"purchasable","14":"product-type-simple"},"brands":[{"id":62,"name":"Stalgast","slug":"stalgast"}],"_links":{"self":[{"href":"https:\/\/www.multifrigo.pl\/sklep\/wp-json\/wp\/v2\/product\/10394","targetHints":{"allow":["GET"]}}],"collection":[{"href":"https:\/\/www.multifrigo.pl\/sklep\/wp-json\/wp\/v2\/product"}],"about":[{"href":"https:\/\/www.multifrigo.pl\/sklep\/wp-json\/wp\/v2\/types\/product"}],"wp:featuredmedia":[{"embeddable":true,"href":"https:\/\/www.multifrigo.pl\/sklep\/wp-json\/wp\/v2\/media\/17493"}],"wp:attachment":[{"href":"https:\/\/www.multifrigo.pl\/sklep\/wp-json\/wp\/v2\/media?parent=10394"}],"wp:term":[{"taxonomy":"pwb-brand","embeddable":true,"href":"https:\/\/www.multifrigo.pl\/sklep\/wp-json\/wp\/v2\/pwb-brand?post=10394"},{"taxonomy":"product_brand","embeddable":true,"href":"https:\/\/www.multifrigo.pl\/sklep\/wp-json\/wp\/v2\/product_brand?post=10394"},{"taxonomy":"product_cat","embeddable":true,"href":"https:\/\/www.multifrigo.pl\/sklep\/wp-json\/wp\/v2\/product_cat?post=10394"},{"taxonomy":"product_tag","embeddable":true,"href":"https:\/\/www.multifrigo.pl\/sklep\/wp-json\/wp\/v2\/product_tag?post=10394"}],"curies":[{"name":"wp","href":"https:\/\/api.w.org\/{rel}","templated":true}]}}