{"id":10441,"date":"2024-07-03T13:00:14","date_gmt":"2024-07-03T13:00:14","guid":{"rendered":"https:\/\/multifrigo.pl\/sklep\/produkt\/plyta-grillowa-elektryczna-chromowana-ryflowana-p-8-1-kw-u-400-v-stalgast-9737200\/"},"modified":"2025-05-19T12:52:02","modified_gmt":"2025-05-19T12:52:02","slug":"plyta-grillowa-elektryczna-chromowana-ryflowana-p-8-1-kw-u-400-v-stalgast-9737200","status":"publish","type":"product","link":"https:\/\/www.multifrigo.pl\/sklep\/produkt\/plyta-grillowa-elektryczna-chromowana-ryflowana-p-8-1-kw-u-400-v-stalgast-9737200\/","title":{"rendered":"P\u0142yta grillowa elektryczna, chromowana, ryflowana, P 8.1 kW, U 400 V | Stalgast 9737200"},"content":{"rendered":"<p><LI>przeznaczone do bezpo\u015bredniej obr\u00f3bki termicznej potraw, polegaj\u0105cej na grillowaniu lub sma\u017ceniu  <LI>procesy prowadzone przy wykorzystaniu energii elektrycznej  <LI>linia urz\u0105dze\u0144 dedykowana jako elementy ci\u0105gu grzewczego lub jako samodzielne stanowiska obr\u00f3bki termicznej  <LI>oferta urz\u0105dze\u0144 dostosowana pod indywidualne wymagania technologiczne  <LI>przeznaczone dla ma\u0142ej, \u015bredniej i du\u017cej gastronomii  <LI>nowoczesny design  <LI>ergonomiczne pokr\u0119t\u0142a  <LI>panel przedni grawerowany laserowo  <LI>system zabezpieczaj\u0105cy urz\u0105dzenie dost\u0119pny z panelu sterowania  <LI>powierzchnia robocza 2200\/4400 cm2  <LI>zakres temperatur roboczych do 300\u00b0C  <LI>dwie oddzielne strefy grzewcze  <LI>otw\u00f3r odprowadzaj\u0105cy odpadki i t\u0142uszcz  <LI>pojemnik na t\u0142uszcz  <LI>wysokie ranty boczne oraz tylny  <LI>mo\u017cliwo\u015b\u0107 monta\u017cu na podstawie szkieletowej otwartej lub podstawie z drzwiami  <LI>opcjonalnie dost\u0119pna pokrywa do p\u0142yty 800 mm (9731000)  <LI>pokrywa umo\u017cliwia obni\u017cenie zu\u017cycia energii do 30%  <LI>regulowane n\u00f3\u017cki ~ 20 mm  <LI>p\u0142yta grillowa chromowana  <\/p>\n","protected":false},"excerpt":{"rendered":"<p>przeznaczone do bezpo\u015bredniej obr\u00f3bki termicznej potraw, polegaj\u0105cej na grillowaniu lub sma\u017ceniu procesy prowadzone przy wykorzystaniu energii elektrycznej linia urz\u0105dze\u0144 dedykowana jako elementy ci\u0105gu grzewczego lub jako samodzielne stanowiska obr\u00f3bki termicznej oferta urz\u0105dze\u0144 dostosowana pod indywidualne wymagania technologiczne przeznaczone dla ma\u0142ej, \u015bredniej i du\u017cej gastronomii nowoczesny design ergonomiczne pokr\u0119t\u0142a panel przedni grawerowany laserowo system zabezpieczaj\u0105cy urz\u0105dzenie [&hellip;]<\/p>\n","protected":false},"featured_media":17722,"template":"","meta":{"_et_pb_use_builder":"","_et_pb_old_content":"","_et_gb_content_width":""},"pwb-brand":[62],"product_brand":[],"product_cat":[603],"product_tag":[],"class_list":{"0":"post-10441","1":"product","2":"type-product","3":"status-publish","4":"has-post-thumbnail","6":"pwb-brand-stalgast","7":"product_cat-elektryczne-plyty-grillowe-stalgast-linia-700","9":"first","10":"instock","11":"taxable","12":"shipping-taxable","13":"purchasable","14":"product-type-simple"},"brands":[{"id":62,"name":"Stalgast","slug":"stalgast"}],"_links":{"self":[{"href":"https:\/\/www.multifrigo.pl\/sklep\/wp-json\/wp\/v2\/product\/10441","targetHints":{"allow":["GET"]}}],"collection":[{"href":"https:\/\/www.multifrigo.pl\/sklep\/wp-json\/wp\/v2\/product"}],"about":[{"href":"https:\/\/www.multifrigo.pl\/sklep\/wp-json\/wp\/v2\/types\/product"}],"wp:featuredmedia":[{"embeddable":true,"href":"https:\/\/www.multifrigo.pl\/sklep\/wp-json\/wp\/v2\/media\/17722"}],"wp:attachment":[{"href":"https:\/\/www.multifrigo.pl\/sklep\/wp-json\/wp\/v2\/media?parent=10441"}],"wp:term":[{"taxonomy":"pwb-brand","embeddable":true,"href":"https:\/\/www.multifrigo.pl\/sklep\/wp-json\/wp\/v2\/pwb-brand?post=10441"},{"taxonomy":"product_brand","embeddable":true,"href":"https:\/\/www.multifrigo.pl\/sklep\/wp-json\/wp\/v2\/product_brand?post=10441"},{"taxonomy":"product_cat","embeddable":true,"href":"https:\/\/www.multifrigo.pl\/sklep\/wp-json\/wp\/v2\/product_cat?post=10441"},{"taxonomy":"product_tag","embeddable":true,"href":"https:\/\/www.multifrigo.pl\/sklep\/wp-json\/wp\/v2\/product_tag?post=10441"}],"curies":[{"name":"wp","href":"https:\/\/api.w.org\/{rel}","templated":true}]}}