{"id":10472,"date":"2024-07-03T13:00:24","date_gmt":"2024-07-03T13:00:24","guid":{"rendered":"https:\/\/multifrigo.pl\/sklep\/produkt\/plyta-grillowa-elektryczna-wolnostojaca-gladko-ryflowana-p-8-1-kw-u-400-v-stalgast-979313\/"},"modified":"2025-05-19T12:52:25","modified_gmt":"2025-05-19T12:52:25","slug":"plyta-grillowa-elektryczna-wolnostojaca-gladko-ryflowana-p-8-1-kw-u-400-v-stalgast-979313","status":"publish","type":"product","link":"https:\/\/www.multifrigo.pl\/sklep\/produkt\/plyta-grillowa-elektryczna-wolnostojaca-gladko-ryflowana-p-8-1-kw-u-400-v-stalgast-979313\/","title":{"rendered":"P\u0142yta grillowa elektryczna, wolnostoj\u0105ca, g\u0142adko-ryflowana P 8.1 kW, U 400 V | Stalgast 979313"},"content":{"rendered":"<p><LI>konstrukcja wykonana ze stali nierdzewnej  <LI>powierzchnia robocza p\u0142yty 4400 cm2  <LI>dwie oddzielne strefy pracy  <LI>otw\u00f3r na odpadki w p\u0142ycie  <LI>pojemnik na odpadki i t\u0142uszcz  <LI>wysokie ranty boczne oraz tylny  <LI>kontrolka pracy oraz zasilania  <LI>zakres pracy do 300\u00b0C  <LI>termostat bezpiecze\u0144stwa z r\u0119cznym sterowaniem (resetem)  <LI>p\u0142yta 1 g\u0142adka i 1 ryflowana  <LI>regulowane stopki  <\/p>\n","protected":false},"excerpt":{"rendered":"<p>konstrukcja wykonana ze stali nierdzewnej powierzchnia robocza p\u0142yty 4400 cm2 dwie oddzielne strefy pracy otw\u00f3r na odpadki w p\u0142ycie pojemnik na odpadki i t\u0142uszcz wysokie ranty boczne oraz tylny kontrolka pracy oraz zasilania zakres pracy do 300\u00b0C termostat bezpiecze\u0144stwa z r\u0119cznym sterowaniem (resetem) p\u0142yta 1 g\u0142adka i 1 ryflowana regulowane stopki<\/p>\n","protected":false},"featured_media":17831,"template":"","meta":{"_et_pb_use_builder":"","_et_pb_old_content":"","_et_gb_content_width":""},"pwb-brand":[62],"product_brand":[],"product_cat":[603],"product_tag":[],"class_list":{"0":"post-10472","1":"product","2":"type-product","3":"status-publish","4":"has-post-thumbnail","6":"pwb-brand-stalgast","7":"product_cat-elektryczne-plyty-grillowe-stalgast-linia-700","9":"first","10":"instock","11":"taxable","12":"shipping-taxable","13":"purchasable","14":"product-type-simple"},"brands":[{"id":62,"name":"Stalgast","slug":"stalgast"}],"_links":{"self":[{"href":"https:\/\/www.multifrigo.pl\/sklep\/wp-json\/wp\/v2\/product\/10472","targetHints":{"allow":["GET"]}}],"collection":[{"href":"https:\/\/www.multifrigo.pl\/sklep\/wp-json\/wp\/v2\/product"}],"about":[{"href":"https:\/\/www.multifrigo.pl\/sklep\/wp-json\/wp\/v2\/types\/product"}],"wp:featuredmedia":[{"embeddable":true,"href":"https:\/\/www.multifrigo.pl\/sklep\/wp-json\/wp\/v2\/media\/17831"}],"wp:attachment":[{"href":"https:\/\/www.multifrigo.pl\/sklep\/wp-json\/wp\/v2\/media?parent=10472"}],"wp:term":[{"taxonomy":"pwb-brand","embeddable":true,"href":"https:\/\/www.multifrigo.pl\/sklep\/wp-json\/wp\/v2\/pwb-brand?post=10472"},{"taxonomy":"product_brand","embeddable":true,"href":"https:\/\/www.multifrigo.pl\/sklep\/wp-json\/wp\/v2\/product_brand?post=10472"},{"taxonomy":"product_cat","embeddable":true,"href":"https:\/\/www.multifrigo.pl\/sklep\/wp-json\/wp\/v2\/product_cat?post=10472"},{"taxonomy":"product_tag","embeddable":true,"href":"https:\/\/www.multifrigo.pl\/sklep\/wp-json\/wp\/v2\/product_tag?post=10472"}],"curies":[{"name":"wp","href":"https:\/\/api.w.org\/{rel}","templated":true}]}}