{"id":10474,"date":"2024-07-03T13:00:24","date_gmt":"2024-07-03T13:00:24","guid":{"rendered":"https:\/\/multifrigo.pl\/sklep\/produkt\/kuchnia-indukcyjna-2-palnikowa-wolnostojaca-p-7-kw-u-400v-stalgast-979510\/"},"modified":"2025-05-19T12:52:26","modified_gmt":"2025-05-19T12:52:26","slug":"kuchnia-indukcyjna-2-palnikowa-wolnostojaca-p-7-kw-u-400v-stalgast-979510","status":"publish","type":"product","link":"https:\/\/www.multifrigo.pl\/sklep\/produkt\/kuchnia-indukcyjna-2-palnikowa-wolnostojaca-p-7-kw-u-400v-stalgast-979510\/","title":{"rendered":"Kuchnia indukcyjna, 2-palnikowa, wolnostoj\u0105ca, P 7 kW, U 400V | Stalgast 979510"},"content":{"rendered":"<p><LI>urz\u0105dzenie sprzedawane bez wtyczki i przewodu  <LI>przeznaczone do obr\u00f3bki termicznej prowadzonej na naczyniach dedykowanych do technologii indukcyjnej  <LI>technologia stosowana w kuchniach indukcyjnych daje wyj\u0105tkowe oszcz\u0119dno\u015bci energii elektrycznej oraz dynamik\u0119 pracy niedost\u0119pn\u0105 dla urz\u0105dze\u0144 o tradycyjnym zasilaniu gazowym lub elektrycznym  <LI>linia urz\u0105dze\u0144 dedykowana jako elementy ci\u0105gu grzewczego lub jako samodzielne stanowiska obr\u00f3bki termicznej  <LI>przeznaczone dla ma\u0142ej, \u015bredniej i du\u017cej gastronomii  <LI>pola indukcyjne o \u015brednicy 225 mm i mocy 3.5 kW  <LI>wydajny system ch\u0142odzenia  <LI>ergonomiczne pokr\u0119t\u0142a  <LI>panel przedni grawerowany laserowo  <LI>nowoczesny design  <LI>wska\u017anik ciep\u0142a resztkowego (wska\u017aniki zalegania ciep\u0142a)  <LI>system rozpoznawania naczynia  <LI>automatyczny system zabezpieczenia przed przegrzaniem  <LI>wy\u015bwietlacz parametr\u00f3w pracy  <LI>urz\u0105dzenia w wersji bez kominka spalinowego daj\u0105 mo\u017cliwo\u015b\u0107 pracy na naczyniach o wi\u0119kszej \u015brednicy  <\/p>\n","protected":false},"excerpt":{"rendered":"<p>urz\u0105dzenie sprzedawane bez wtyczki i przewodu przeznaczone do obr\u00f3bki termicznej prowadzonej na naczyniach dedykowanych do technologii indukcyjnej technologia stosowana w kuchniach indukcyjnych daje wyj\u0105tkowe oszcz\u0119dno\u015bci energii elektrycznej oraz dynamik\u0119 pracy niedost\u0119pn\u0105 dla urz\u0105dze\u0144 o tradycyjnym zasilaniu gazowym lub elektrycznym linia urz\u0105dze\u0144 dedykowana jako elementy ci\u0105gu grzewczego lub jako samodzielne stanowiska obr\u00f3bki termicznej przeznaczone dla ma\u0142ej, [&hellip;]<\/p>\n","protected":false},"featured_media":17837,"template":"","meta":{"_et_pb_use_builder":"","_et_pb_old_content":"","_et_gb_content_width":""},"pwb-brand":[62],"product_brand":[],"product_cat":[587],"product_tag":[],"class_list":{"0":"post-10474","1":"product","2":"type-product","3":"status-publish","4":"has-post-thumbnail","6":"pwb-brand-stalgast","7":"product_cat-4-polowe","9":"first","10":"instock","11":"taxable","12":"shipping-taxable","13":"purchasable","14":"product-type-simple"},"brands":[{"id":62,"name":"Stalgast","slug":"stalgast"}],"_links":{"self":[{"href":"https:\/\/www.multifrigo.pl\/sklep\/wp-json\/wp\/v2\/product\/10474","targetHints":{"allow":["GET"]}}],"collection":[{"href":"https:\/\/www.multifrigo.pl\/sklep\/wp-json\/wp\/v2\/product"}],"about":[{"href":"https:\/\/www.multifrigo.pl\/sklep\/wp-json\/wp\/v2\/types\/product"}],"wp:featuredmedia":[{"embeddable":true,"href":"https:\/\/www.multifrigo.pl\/sklep\/wp-json\/wp\/v2\/media\/17837"}],"wp:attachment":[{"href":"https:\/\/www.multifrigo.pl\/sklep\/wp-json\/wp\/v2\/media?parent=10474"}],"wp:term":[{"taxonomy":"pwb-brand","embeddable":true,"href":"https:\/\/www.multifrigo.pl\/sklep\/wp-json\/wp\/v2\/pwb-brand?post=10474"},{"taxonomy":"product_brand","embeddable":true,"href":"https:\/\/www.multifrigo.pl\/sklep\/wp-json\/wp\/v2\/product_brand?post=10474"},{"taxonomy":"product_cat","embeddable":true,"href":"https:\/\/www.multifrigo.pl\/sklep\/wp-json\/wp\/v2\/product_cat?post=10474"},{"taxonomy":"product_tag","embeddable":true,"href":"https:\/\/www.multifrigo.pl\/sklep\/wp-json\/wp\/v2\/product_tag?post=10474"}],"curies":[{"name":"wp","href":"https:\/\/api.w.org\/{rel}","templated":true}]}}