{"id":10525,"date":"2024-07-03T13:09:11","date_gmt":"2024-07-03T13:09:11","guid":{"rendered":"https:\/\/multifrigo.pl\/sklep\/produkt\/umywalka-zabudowana-400x410x240-stalgast-981424240\/"},"modified":"2024-07-17T10:58:28","modified_gmt":"2024-07-17T10:58:28","slug":"umywalka-zabudowana-400x410x240-stalgast-981424240","status":"publish","type":"product","link":"https:\/\/www.multifrigo.pl\/sklep\/produkt\/umywalka-zabudowana-400x410x240-stalgast-981424240\/","title":{"rendered":"Umywalka zabudowana 400x410x240 | Stalgast 981424240"},"content":{"rendered":"<p><LI>komora zabudowana z trzech stron  <LI>wymiary komory 330x300x150  <LI>otw\u00f3r pod bateri\u0119 na \u015brodku komory \u00f8 33  <\/p>\n","protected":false},"excerpt":{"rendered":"<p>komora zabudowana z trzech stron wymiary komory 330x300x150 otw\u00f3r pod bateri\u0119 na \u015brodku komory \u00f8 33<\/p>\n","protected":false},"featured_media":10524,"template":"","meta":{"_et_pb_use_builder":"","_et_pb_old_content":"","_et_gb_content_width":""},"pwb-brand":[62],"product_brand":[],"product_cat":[617],"product_tag":[],"class_list":{"0":"post-10525","1":"product","2":"type-product","3":"status-publish","4":"has-post-thumbnail","6":"pwb-brand-stalgast","7":"product_cat-wiszace","9":"first","10":"instock","11":"taxable","12":"shipping-taxable","13":"purchasable","14":"product-type-simple"},"brands":[{"id":62,"name":"Stalgast","slug":"stalgast"}],"_links":{"self":[{"href":"https:\/\/www.multifrigo.pl\/sklep\/wp-json\/wp\/v2\/product\/10525","targetHints":{"allow":["GET"]}}],"collection":[{"href":"https:\/\/www.multifrigo.pl\/sklep\/wp-json\/wp\/v2\/product"}],"about":[{"href":"https:\/\/www.multifrigo.pl\/sklep\/wp-json\/wp\/v2\/types\/product"}],"wp:featuredmedia":[{"embeddable":true,"href":"https:\/\/www.multifrigo.pl\/sklep\/wp-json\/wp\/v2\/media\/10524"}],"wp:attachment":[{"href":"https:\/\/www.multifrigo.pl\/sklep\/wp-json\/wp\/v2\/media?parent=10525"}],"wp:term":[{"taxonomy":"pwb-brand","embeddable":true,"href":"https:\/\/www.multifrigo.pl\/sklep\/wp-json\/wp\/v2\/pwb-brand?post=10525"},{"taxonomy":"product_brand","embeddable":true,"href":"https:\/\/www.multifrigo.pl\/sklep\/wp-json\/wp\/v2\/product_brand?post=10525"},{"taxonomy":"product_cat","embeddable":true,"href":"https:\/\/www.multifrigo.pl\/sklep\/wp-json\/wp\/v2\/product_cat?post=10525"},{"taxonomy":"product_tag","embeddable":true,"href":"https:\/\/www.multifrigo.pl\/sklep\/wp-json\/wp\/v2\/product_tag?post=10525"}],"curies":[{"name":"wp","href":"https:\/\/api.w.org\/{rel}","templated":true}]}}