{"id":10531,"date":"2024-07-03T13:09:17","date_gmt":"2024-07-03T13:09:17","guid":{"rendered":"https:\/\/multifrigo.pl\/sklep\/produkt\/szafa-porzadkowa-ze-zlewem-500x500x2000-stalgast-981465050\/"},"modified":"2024-07-17T10:58:28","modified_gmt":"2024-07-17T10:58:28","slug":"szafa-porzadkowa-ze-zlewem-500x500x2000-stalgast-981465050","status":"publish","type":"product","link":"https:\/\/www.multifrigo.pl\/sklep\/produkt\/szafa-porzadkowa-ze-zlewem-500x500x2000-stalgast-981465050\/","title":{"rendered":"Szafa porz\u0105dkowa ze zlewem 500x500x2000 | Stalgast 981465050"},"content":{"rendered":"<p><LI>konstrukcja spawana  <LI>komora umywalki zabudowana z trzech stron  <LI>wymiary komory 320x300x150mm  <LI>otwory wentylacyjne  <LI>przestawna p\u00f3\u0142ka  <LI>wysoko\u015b\u0107 odp\u0142ywu od pod\u0142ogi 350mm  <LI>wysoko\u015b\u0107 do otworu pod bateri\u0119 500  <LI>mo\u017cliwo\u015b\u0107 prze\u0142o\u017cenia drzwi  <LI>mo\u017cliwo\u015b\u0107 zamontowania zamka  <\/p>\n","protected":false},"excerpt":{"rendered":"<p>konstrukcja spawana komora umywalki zabudowana z trzech stron wymiary komory 320x300x150mm otwory wentylacyjne przestawna p\u00f3\u0142ka wysoko\u015b\u0107 odp\u0142ywu od pod\u0142ogi 350mm wysoko\u015b\u0107 do otworu pod bateri\u0119 500 mo\u017cliwo\u015b\u0107 prze\u0142o\u017cenia drzwi mo\u017cliwo\u015b\u0107 zamontowania zamka<\/p>\n","protected":false},"featured_media":10530,"template":"","meta":{"_et_pb_use_builder":"","_et_pb_old_content":"","_et_gb_content_width":""},"pwb-brand":[62],"product_brand":[],"product_cat":[558],"product_tag":[],"class_list":{"0":"post-10531","1":"product","2":"type-product","3":"status-publish","4":"has-post-thumbnail","6":"pwb-brand-stalgast","7":"product_cat-szafy-porzadkowe","9":"first","10":"instock","11":"taxable","12":"shipping-taxable","13":"purchasable","14":"product-type-simple"},"brands":[{"id":62,"name":"Stalgast","slug":"stalgast"}],"_links":{"self":[{"href":"https:\/\/www.multifrigo.pl\/sklep\/wp-json\/wp\/v2\/product\/10531","targetHints":{"allow":["GET"]}}],"collection":[{"href":"https:\/\/www.multifrigo.pl\/sklep\/wp-json\/wp\/v2\/product"}],"about":[{"href":"https:\/\/www.multifrigo.pl\/sklep\/wp-json\/wp\/v2\/types\/product"}],"wp:featuredmedia":[{"embeddable":true,"href":"https:\/\/www.multifrigo.pl\/sklep\/wp-json\/wp\/v2\/media\/10530"}],"wp:attachment":[{"href":"https:\/\/www.multifrigo.pl\/sklep\/wp-json\/wp\/v2\/media?parent=10531"}],"wp:term":[{"taxonomy":"pwb-brand","embeddable":true,"href":"https:\/\/www.multifrigo.pl\/sklep\/wp-json\/wp\/v2\/pwb-brand?post=10531"},{"taxonomy":"product_brand","embeddable":true,"href":"https:\/\/www.multifrigo.pl\/sklep\/wp-json\/wp\/v2\/product_brand?post=10531"},{"taxonomy":"product_cat","embeddable":true,"href":"https:\/\/www.multifrigo.pl\/sklep\/wp-json\/wp\/v2\/product_cat?post=10531"},{"taxonomy":"product_tag","embeddable":true,"href":"https:\/\/www.multifrigo.pl\/sklep\/wp-json\/wp\/v2\/product_tag?post=10531"}],"curies":[{"name":"wp","href":"https:\/\/api.w.org\/{rel}","templated":true}]}}