{"id":1071,"date":"2024-07-02T14:19:43","date_gmt":"2024-07-02T14:19:43","guid":{"rendered":"https:\/\/multifrigo.pl\/sklep\/produkt\/garnek-sredni-z-pokrywka-stalowy-o-400-mm-v-32-6-l-gredil-012405\/"},"modified":"2025-05-19T11:06:23","modified_gmt":"2025-05-19T11:06:23","slug":"garnek-sredni-z-pokrywka-stalowy-o-400-mm-v-32-6-l-gredil-012405","status":"publish","type":"product","link":"https:\/\/www.multifrigo.pl\/sklep\/produkt\/garnek-sredni-z-pokrywka-stalowy-o-400-mm-v-32-6-l-gredil-012405\/","title":{"rendered":"Garnek \u015bredni z pokrywk\u0105, stalowy, \u00f8 400 mm, V 32.6 l | Gredil 012405"},"content":{"rendered":"<p><LI>linia profesjonalnych garnk\u00f3w satynowanych ze stali nierdzewnej  <LI>technologia wielowarstwowego dna zapewnia dobre przewodzenie ciep\u0142a  <LI>dno typu &#8222;sandwich&#8221; gwarantuje odporno\u015b\u0107 na korozj\u0119  <LI>nienagrzewaj\u0105ce si\u0119 wielopunktowo mocowane uchwyty  <\/p>\n","protected":false},"excerpt":{"rendered":"<p>linia profesjonalnych garnk\u00f3w satynowanych ze stali nierdzewnej technologia wielowarstwowego dna zapewnia dobre przewodzenie ciep\u0142a dno typu &#8222;sandwich&#8221; gwarantuje odporno\u015b\u0107 na korozj\u0119 nienagrzewaj\u0105ce si\u0119 wielopunktowo mocowane uchwyty<\/p>\n","protected":false},"featured_media":1070,"template":"","meta":{"_et_pb_use_builder":"","_et_pb_old_content":"","_et_gb_content_width":""},"pwb-brand":[71],"product_brand":[],"product_cat":[70],"product_tag":[],"class_list":{"0":"post-1071","1":"product","2":"type-product","3":"status-publish","4":"has-post-thumbnail","6":"pwb-brand-gredil","7":"product_cat-srednie","9":"first","10":"instock","11":"taxable","12":"shipping-taxable","13":"purchasable","14":"product-type-simple"},"brands":[{"id":71,"name":"Gredil","slug":"gredil"}],"_links":{"self":[{"href":"https:\/\/www.multifrigo.pl\/sklep\/wp-json\/wp\/v2\/product\/1071","targetHints":{"allow":["GET"]}}],"collection":[{"href":"https:\/\/www.multifrigo.pl\/sklep\/wp-json\/wp\/v2\/product"}],"about":[{"href":"https:\/\/www.multifrigo.pl\/sklep\/wp-json\/wp\/v2\/types\/product"}],"wp:featuredmedia":[{"embeddable":true,"href":"https:\/\/www.multifrigo.pl\/sklep\/wp-json\/wp\/v2\/media\/1070"}],"wp:attachment":[{"href":"https:\/\/www.multifrigo.pl\/sklep\/wp-json\/wp\/v2\/media?parent=1071"}],"wp:term":[{"taxonomy":"pwb-brand","embeddable":true,"href":"https:\/\/www.multifrigo.pl\/sklep\/wp-json\/wp\/v2\/pwb-brand?post=1071"},{"taxonomy":"product_brand","embeddable":true,"href":"https:\/\/www.multifrigo.pl\/sklep\/wp-json\/wp\/v2\/product_brand?post=1071"},{"taxonomy":"product_cat","embeddable":true,"href":"https:\/\/www.multifrigo.pl\/sklep\/wp-json\/wp\/v2\/product_cat?post=1071"},{"taxonomy":"product_tag","embeddable":true,"href":"https:\/\/www.multifrigo.pl\/sklep\/wp-json\/wp\/v2\/product_tag?post=1071"}],"curies":[{"name":"wp","href":"https:\/\/api.w.org\/{rel}","templated":true}]}}