{"id":11124,"date":"2024-07-03T13:19:08","date_gmt":"2024-07-03T13:19:08","guid":{"rendered":"https:\/\/multifrigo.pl\/sklep\/produkt\/szafa-przelotowadrzwi-suwane-1200x600x2000-stalgast-981676120\/"},"modified":"2024-07-17T10:57:28","modified_gmt":"2024-07-17T10:57:28","slug":"szafa-przelotowadrzwi-suwane-1200x600x2000-stalgast-981676120","status":"publish","type":"product","link":"https:\/\/www.multifrigo.pl\/sklep\/produkt\/szafa-przelotowadrzwi-suwane-1200x600x2000-stalgast-981676120\/","title":{"rendered":"Szafa przelotowa,drzwi suwane  1200x600x2000 | Stalgast 981676120"},"content":{"rendered":"<p><LI>Dwie przestawne p\u00f3\u0142ki <LI> Mo\u017cliwy monta\u017c zamka 982320001<\/p>\n","protected":false},"excerpt":{"rendered":"<p>Dwie przestawne p\u00f3\u0142ki Mo\u017cliwy monta\u017c zamka 982320001<\/p>\n","protected":false},"featured_media":11123,"template":"","meta":{"_et_pb_use_builder":"","_et_pb_old_content":"","_et_gb_content_width":""},"pwb-brand":[62],"product_brand":[],"product_cat":[562],"product_tag":[],"class_list":{"0":"post-11124","1":"product","2":"type-product","3":"status-publish","4":"has-post-thumbnail","6":"pwb-brand-stalgast","7":"product_cat-z-drzwiami-suwanymi-szafy-przelotowe","9":"first","10":"instock","11":"taxable","12":"shipping-taxable","13":"purchasable","14":"product-type-simple"},"brands":[{"id":62,"name":"Stalgast","slug":"stalgast"}],"_links":{"self":[{"href":"https:\/\/www.multifrigo.pl\/sklep\/wp-json\/wp\/v2\/product\/11124","targetHints":{"allow":["GET"]}}],"collection":[{"href":"https:\/\/www.multifrigo.pl\/sklep\/wp-json\/wp\/v2\/product"}],"about":[{"href":"https:\/\/www.multifrigo.pl\/sklep\/wp-json\/wp\/v2\/types\/product"}],"wp:featuredmedia":[{"embeddable":true,"href":"https:\/\/www.multifrigo.pl\/sklep\/wp-json\/wp\/v2\/media\/11123"}],"wp:attachment":[{"href":"https:\/\/www.multifrigo.pl\/sklep\/wp-json\/wp\/v2\/media?parent=11124"}],"wp:term":[{"taxonomy":"pwb-brand","embeddable":true,"href":"https:\/\/www.multifrigo.pl\/sklep\/wp-json\/wp\/v2\/pwb-brand?post=11124"},{"taxonomy":"product_brand","embeddable":true,"href":"https:\/\/www.multifrigo.pl\/sklep\/wp-json\/wp\/v2\/product_brand?post=11124"},{"taxonomy":"product_cat","embeddable":true,"href":"https:\/\/www.multifrigo.pl\/sklep\/wp-json\/wp\/v2\/product_cat?post=11124"},{"taxonomy":"product_tag","embeddable":true,"href":"https:\/\/www.multifrigo.pl\/sklep\/wp-json\/wp\/v2\/product_tag?post=11124"}],"curies":[{"name":"wp","href":"https:\/\/api.w.org\/{rel}","templated":true}]}}