{"id":11182,"date":"2024-07-03T13:20:04","date_gmt":"2024-07-03T13:20:04","guid":{"rendered":"https:\/\/multifrigo.pl\/sklep\/produkt\/szafka-wiszaca-otwarta-1400x400x600-stalgast-981684140\/"},"modified":"2024-07-17T10:55:47","modified_gmt":"2024-07-17T10:55:47","slug":"szafka-wiszaca-otwarta-1400x400x600-stalgast-981684140","status":"publish","type":"product","link":"https:\/\/www.multifrigo.pl\/sklep\/produkt\/szafka-wiszaca-otwarta-1400x400x600-stalgast-981684140\/","title":{"rendered":"Szafka wisz\u0105ca otwarta 1400x400x600 | Stalgast 981684140"},"content":{"rendered":"<p><LI>Szafka spawana  <LI>Przestawna p\u00f3\u0142ka  <\/p>\n","protected":false},"excerpt":{"rendered":"<p>Szafka spawana Przestawna p\u00f3\u0142ka<\/p>\n","protected":false},"featured_media":11181,"template":"","meta":{"_et_pb_use_builder":"","_et_pb_old_content":"","_et_gb_content_width":""},"pwb-brand":[62],"product_brand":[],"product_cat":[620],"product_tag":[],"class_list":{"0":"post-11182","1":"product","2":"type-product","3":"status-publish","4":"has-post-thumbnail","6":"pwb-brand-stalgast","7":"product_cat-otwarte","9":"first","10":"instock","11":"taxable","12":"shipping-taxable","13":"purchasable","14":"product-type-simple"},"brands":[{"id":62,"name":"Stalgast","slug":"stalgast"}],"_links":{"self":[{"href":"https:\/\/www.multifrigo.pl\/sklep\/wp-json\/wp\/v2\/product\/11182","targetHints":{"allow":["GET"]}}],"collection":[{"href":"https:\/\/www.multifrigo.pl\/sklep\/wp-json\/wp\/v2\/product"}],"about":[{"href":"https:\/\/www.multifrigo.pl\/sklep\/wp-json\/wp\/v2\/types\/product"}],"wp:featuredmedia":[{"embeddable":true,"href":"https:\/\/www.multifrigo.pl\/sklep\/wp-json\/wp\/v2\/media\/11181"}],"wp:attachment":[{"href":"https:\/\/www.multifrigo.pl\/sklep\/wp-json\/wp\/v2\/media?parent=11182"}],"wp:term":[{"taxonomy":"pwb-brand","embeddable":true,"href":"https:\/\/www.multifrigo.pl\/sklep\/wp-json\/wp\/v2\/pwb-brand?post=11182"},{"taxonomy":"product_brand","embeddable":true,"href":"https:\/\/www.multifrigo.pl\/sklep\/wp-json\/wp\/v2\/product_brand?post=11182"},{"taxonomy":"product_cat","embeddable":true,"href":"https:\/\/www.multifrigo.pl\/sklep\/wp-json\/wp\/v2\/product_cat?post=11182"},{"taxonomy":"product_tag","embeddable":true,"href":"https:\/\/www.multifrigo.pl\/sklep\/wp-json\/wp\/v2\/product_tag?post=11182"}],"curies":[{"name":"wp","href":"https:\/\/api.w.org\/{rel}","templated":true}]}}