{"id":11222,"date":"2024-07-03T13:20:35","date_gmt":"2024-07-03T13:20:35","guid":{"rendered":"https:\/\/multifrigo.pl\/sklep\/produkt\/szafka-wiszaca-drzwi-skrzydlowe-1100x400x600-stalgast-981704110\/"},"modified":"2024-07-17T10:55:46","modified_gmt":"2024-07-17T10:55:46","slug":"szafka-wiszaca-drzwi-skrzydlowe-1100x400x600-stalgast-981704110","status":"publish","type":"product","link":"https:\/\/www.multifrigo.pl\/sklep\/produkt\/szafka-wiszaca-drzwi-skrzydlowe-1100x400x600-stalgast-981704110\/","title":{"rendered":"Szafka wisz\u0105ca, drzwi skrzyd\u0142owe 1100x400x600 | Stalgast 981704110"},"content":{"rendered":"<p><LI>Szafka spawana  <LI>Przestawna p\u00f3\u0142ka  <LI>Mo\u017cliwy monta\u017c zamka 982320001  <\/p>\n","protected":false},"excerpt":{"rendered":"<p>Szafka spawana Przestawna p\u00f3\u0142ka Mo\u017cliwy monta\u017c zamka 982320001<\/p>\n","protected":false},"featured_media":11221,"template":"","meta":{"_et_pb_use_builder":"","_et_pb_old_content":"","_et_gb_content_width":""},"pwb-brand":[62],"product_brand":[],"product_cat":[564],"product_tag":[],"class_list":{"0":"post-11222","1":"product","2":"type-product","3":"status-publish","4":"has-post-thumbnail","6":"pwb-brand-stalgast","7":"product_cat-z-drzwiami-skrzydlowymi","9":"first","10":"instock","11":"taxable","12":"shipping-taxable","13":"purchasable","14":"product-type-simple"},"brands":[{"id":62,"name":"Stalgast","slug":"stalgast"}],"_links":{"self":[{"href":"https:\/\/www.multifrigo.pl\/sklep\/wp-json\/wp\/v2\/product\/11222","targetHints":{"allow":["GET"]}}],"collection":[{"href":"https:\/\/www.multifrigo.pl\/sklep\/wp-json\/wp\/v2\/product"}],"about":[{"href":"https:\/\/www.multifrigo.pl\/sklep\/wp-json\/wp\/v2\/types\/product"}],"wp:featuredmedia":[{"embeddable":true,"href":"https:\/\/www.multifrigo.pl\/sklep\/wp-json\/wp\/v2\/media\/11221"}],"wp:attachment":[{"href":"https:\/\/www.multifrigo.pl\/sklep\/wp-json\/wp\/v2\/media?parent=11222"}],"wp:term":[{"taxonomy":"pwb-brand","embeddable":true,"href":"https:\/\/www.multifrigo.pl\/sklep\/wp-json\/wp\/v2\/pwb-brand?post=11222"},{"taxonomy":"product_brand","embeddable":true,"href":"https:\/\/www.multifrigo.pl\/sklep\/wp-json\/wp\/v2\/product_brand?post=11222"},{"taxonomy":"product_cat","embeddable":true,"href":"https:\/\/www.multifrigo.pl\/sklep\/wp-json\/wp\/v2\/product_cat?post=11222"},{"taxonomy":"product_tag","embeddable":true,"href":"https:\/\/www.multifrigo.pl\/sklep\/wp-json\/wp\/v2\/product_tag?post=11222"}],"curies":[{"name":"wp","href":"https:\/\/api.w.org\/{rel}","templated":true}]}}