{"id":11342,"date":"2024-07-03T13:22:21","date_gmt":"2024-07-03T13:22:21","guid":{"rendered":"https:\/\/multifrigo.pl\/sklep\/produkt\/polka-wiszaca-przestawnapojedyncza-1100x400x400-stalgast-981754110\/"},"modified":"2024-07-17T10:55:40","modified_gmt":"2024-07-17T10:55:40","slug":"polka-wiszaca-przestawnapojedyncza-1100x400x400-stalgast-981754110","status":"publish","type":"product","link":"https:\/\/www.multifrigo.pl\/sklep\/produkt\/polka-wiszaca-przestawnapojedyncza-1100x400x400-stalgast-981754110\/","title":{"rendered":"P\u00f3\u0142ka wisz\u0105ca, przestawna,pojedyncza 1100x400x400 | Stalgast 981754110"},"content":{"rendered":"<p><LI>Prosty monta\u017c  <LI>2 listwy przy\u015bcienne  <\/p>\n","protected":false},"excerpt":{"rendered":"<p>Prosty monta\u017c 2 listwy przy\u015bcienne<\/p>\n","protected":false},"featured_media":11341,"template":"","meta":{"_et_pb_use_builder":"","_et_pb_old_content":"","_et_gb_content_width":""},"pwb-brand":[62],"product_brand":[],"product_cat":[567],"product_tag":[],"class_list":{"0":"post-11342","1":"product","2":"type-product","3":"status-publish","4":"has-post-thumbnail","6":"pwb-brand-stalgast","7":"product_cat-pojedyncze","9":"first","10":"instock","11":"taxable","12":"shipping-taxable","13":"purchasable","14":"product-type-simple"},"brands":[{"id":62,"name":"Stalgast","slug":"stalgast"}],"_links":{"self":[{"href":"https:\/\/www.multifrigo.pl\/sklep\/wp-json\/wp\/v2\/product\/11342","targetHints":{"allow":["GET"]}}],"collection":[{"href":"https:\/\/www.multifrigo.pl\/sklep\/wp-json\/wp\/v2\/product"}],"about":[{"href":"https:\/\/www.multifrigo.pl\/sklep\/wp-json\/wp\/v2\/types\/product"}],"wp:featuredmedia":[{"embeddable":true,"href":"https:\/\/www.multifrigo.pl\/sklep\/wp-json\/wp\/v2\/media\/11341"}],"wp:attachment":[{"href":"https:\/\/www.multifrigo.pl\/sklep\/wp-json\/wp\/v2\/media?parent=11342"}],"wp:term":[{"taxonomy":"pwb-brand","embeddable":true,"href":"https:\/\/www.multifrigo.pl\/sklep\/wp-json\/wp\/v2\/pwb-brand?post=11342"},{"taxonomy":"product_brand","embeddable":true,"href":"https:\/\/www.multifrigo.pl\/sklep\/wp-json\/wp\/v2\/product_brand?post=11342"},{"taxonomy":"product_cat","embeddable":true,"href":"https:\/\/www.multifrigo.pl\/sklep\/wp-json\/wp\/v2\/product_cat?post=11342"},{"taxonomy":"product_tag","embeddable":true,"href":"https:\/\/www.multifrigo.pl\/sklep\/wp-json\/wp\/v2\/product_tag?post=11342"}],"curies":[{"name":"wp","href":"https:\/\/api.w.org\/{rel}","templated":true}]}}