{"id":11388,"date":"2024-07-03T13:23:03","date_gmt":"2024-07-03T13:23:03","guid":{"rendered":"https:\/\/multifrigo.pl\/sklep\/produkt\/polka-wiszaca-przestawnapodwojna-1200x400x660-stalgast-981774120\/"},"modified":"2024-07-17T10:55:38","modified_gmt":"2024-07-17T10:55:38","slug":"polka-wiszaca-przestawnapodwojna-1200x400x660-stalgast-981774120","status":"publish","type":"product","link":"https:\/\/www.multifrigo.pl\/sklep\/produkt\/polka-wiszaca-przestawnapodwojna-1200x400x660-stalgast-981774120\/","title":{"rendered":"P\u00f3\u0142ka wisz\u0105ca, przestawna,podw\u00f3jna 1200x400x660 | Stalgast 981774120"},"content":{"rendered":"<p><LI>prosty monta\u017c  <\/p>\n","protected":false},"excerpt":{"rendered":"<p>prosty monta\u017c<\/p>\n","protected":false},"featured_media":11387,"template":"","meta":{"_et_pb_use_builder":"","_et_pb_old_content":"","_et_gb_content_width":""},"pwb-brand":[62],"product_brand":[],"product_cat":[568],"product_tag":[],"class_list":{"0":"post-11388","1":"product","2":"type-product","3":"status-publish","4":"has-post-thumbnail","6":"pwb-brand-stalgast","7":"product_cat-podwojne","9":"first","10":"instock","11":"taxable","12":"shipping-taxable","13":"purchasable","14":"product-type-simple"},"brands":[{"id":62,"name":"Stalgast","slug":"stalgast"}],"_links":{"self":[{"href":"https:\/\/www.multifrigo.pl\/sklep\/wp-json\/wp\/v2\/product\/11388","targetHints":{"allow":["GET"]}}],"collection":[{"href":"https:\/\/www.multifrigo.pl\/sklep\/wp-json\/wp\/v2\/product"}],"about":[{"href":"https:\/\/www.multifrigo.pl\/sklep\/wp-json\/wp\/v2\/types\/product"}],"wp:featuredmedia":[{"embeddable":true,"href":"https:\/\/www.multifrigo.pl\/sklep\/wp-json\/wp\/v2\/media\/11387"}],"wp:attachment":[{"href":"https:\/\/www.multifrigo.pl\/sklep\/wp-json\/wp\/v2\/media?parent=11388"}],"wp:term":[{"taxonomy":"pwb-brand","embeddable":true,"href":"https:\/\/www.multifrigo.pl\/sklep\/wp-json\/wp\/v2\/pwb-brand?post=11388"},{"taxonomy":"product_brand","embeddable":true,"href":"https:\/\/www.multifrigo.pl\/sklep\/wp-json\/wp\/v2\/product_brand?post=11388"},{"taxonomy":"product_cat","embeddable":true,"href":"https:\/\/www.multifrigo.pl\/sklep\/wp-json\/wp\/v2\/product_cat?post=11388"},{"taxonomy":"product_tag","embeddable":true,"href":"https:\/\/www.multifrigo.pl\/sklep\/wp-json\/wp\/v2\/product_tag?post=11388"}],"curies":[{"name":"wp","href":"https:\/\/api.w.org\/{rel}","templated":true}]}}