{"id":11446,"date":"2024-07-03T13:24:02","date_gmt":"2024-07-03T13:24:02","guid":{"rendered":"https:\/\/multifrigo.pl\/sklep\/produkt\/polka-wiszaca-przestawnapotrojna-1600x400x930-stalgast-981804160\/"},"modified":"2024-07-17T10:55:35","modified_gmt":"2024-07-17T10:55:35","slug":"polka-wiszaca-przestawnapotrojna-1600x400x930-stalgast-981804160","status":"publish","type":"product","link":"https:\/\/www.multifrigo.pl\/sklep\/produkt\/polka-wiszaca-przestawnapotrojna-1600x400x930-stalgast-981804160\/","title":{"rendered":"P\u00f3\u0142ka wisz\u0105ca, przestawna,potr\u00f3jna 1600x400x930 | Stalgast 981804160"},"content":{"rendered":"<p><LI>Prosty monta\u017c  <LI>3 listwy przy\u015bcienne  <\/p>\n","protected":false},"excerpt":{"rendered":"<p>Prosty monta\u017c 3 listwy przy\u015bcienne<\/p>\n","protected":false},"featured_media":11445,"template":"","meta":{"_et_pb_use_builder":"","_et_pb_old_content":"","_et_gb_content_width":""},"pwb-brand":[62],"product_brand":[],"product_cat":[621],"product_tag":[],"class_list":{"0":"post-11446","1":"product","2":"type-product","3":"status-publish","4":"has-post-thumbnail","6":"pwb-brand-stalgast","7":"product_cat-potrojne","9":"first","10":"instock","11":"taxable","12":"shipping-taxable","13":"purchasable","14":"product-type-simple"},"brands":[{"id":62,"name":"Stalgast","slug":"stalgast"}],"_links":{"self":[{"href":"https:\/\/www.multifrigo.pl\/sklep\/wp-json\/wp\/v2\/product\/11446","targetHints":{"allow":["GET"]}}],"collection":[{"href":"https:\/\/www.multifrigo.pl\/sklep\/wp-json\/wp\/v2\/product"}],"about":[{"href":"https:\/\/www.multifrigo.pl\/sklep\/wp-json\/wp\/v2\/types\/product"}],"wp:featuredmedia":[{"embeddable":true,"href":"https:\/\/www.multifrigo.pl\/sklep\/wp-json\/wp\/v2\/media\/11445"}],"wp:attachment":[{"href":"https:\/\/www.multifrigo.pl\/sklep\/wp-json\/wp\/v2\/media?parent=11446"}],"wp:term":[{"taxonomy":"pwb-brand","embeddable":true,"href":"https:\/\/www.multifrigo.pl\/sklep\/wp-json\/wp\/v2\/pwb-brand?post=11446"},{"taxonomy":"product_brand","embeddable":true,"href":"https:\/\/www.multifrigo.pl\/sklep\/wp-json\/wp\/v2\/product_brand?post=11446"},{"taxonomy":"product_cat","embeddable":true,"href":"https:\/\/www.multifrigo.pl\/sklep\/wp-json\/wp\/v2\/product_cat?post=11446"},{"taxonomy":"product_tag","embeddable":true,"href":"https:\/\/www.multifrigo.pl\/sklep\/wp-json\/wp\/v2\/product_tag?post=11446"}],"curies":[{"name":"wp","href":"https:\/\/api.w.org\/{rel}","templated":true}]}}