{"id":11748,"date":"2024-07-03T13:28:59","date_gmt":"2024-07-03T13:28:59","guid":{"rendered":"https:\/\/multifrigo.pl\/sklep\/produkt\/regal-magazynowypolki-pelne-700x700x1800-skrecany-stalgast-981887070\/"},"modified":"2024-07-17T10:54:42","modified_gmt":"2024-07-17T10:54:42","slug":"regal-magazynowypolki-pelne-700x700x1800-skrecany-stalgast-981887070","status":"publish","type":"product","link":"https:\/\/www.multifrigo.pl\/sklep\/produkt\/regal-magazynowypolki-pelne-700x700x1800-skrecany-stalgast-981887070\/","title":{"rendered":"Rega\u0142 magazynowy,p\u00f3\u0142ki pe\u0142ne 700x700x1800 skr\u0119cany | Stalgast 981887070"},"content":{"rendered":"<p><LI>Rega\u0142 skr\u0119cany do samodzielnego monta\u017cu  <LI>Nogi wykonane z k\u0105townika  <LI>Nogi \u0142\u0105czone do p\u00f3\u0142ek za pomoc\u0105 \u015brub  <LI>Mo\u017cliwa regulacja po\u0142o\u017conych p\u00f3\u0142ek  <LI>Meble wykonane w formie roz\u0142o\u017conej  <LI>Maksymalne obci\u0105\u017cenie na p\u00f3\u0142k\u0119 70 kg  <\/p>\n","protected":false},"excerpt":{"rendered":"<p>Rega\u0142 skr\u0119cany do samodzielnego monta\u017cu Nogi wykonane z k\u0105townika Nogi \u0142\u0105czone do p\u00f3\u0142ek za pomoc\u0105 \u015brub Mo\u017cliwa regulacja po\u0142o\u017conych p\u00f3\u0142ek Meble wykonane w formie roz\u0142o\u017conej Maksymalne obci\u0105\u017cenie na p\u00f3\u0142k\u0119 70 kg<\/p>\n","protected":false},"featured_media":11747,"template":"","meta":{"_et_pb_use_builder":"","_et_pb_old_content":"","_et_gb_content_width":""},"pwb-brand":[62],"product_brand":[],"product_cat":[570],"product_tag":[],"class_list":{"0":"post-11748","1":"product","2":"type-product","3":"status-publish","4":"has-post-thumbnail","6":"pwb-brand-stalgast","7":"product_cat-z-polkami-pelnymi","9":"first","10":"instock","11":"taxable","12":"shipping-taxable","13":"purchasable","14":"product-type-simple"},"brands":[{"id":62,"name":"Stalgast","slug":"stalgast"}],"_links":{"self":[{"href":"https:\/\/www.multifrigo.pl\/sklep\/wp-json\/wp\/v2\/product\/11748","targetHints":{"allow":["GET"]}}],"collection":[{"href":"https:\/\/www.multifrigo.pl\/sklep\/wp-json\/wp\/v2\/product"}],"about":[{"href":"https:\/\/www.multifrigo.pl\/sklep\/wp-json\/wp\/v2\/types\/product"}],"wp:featuredmedia":[{"embeddable":true,"href":"https:\/\/www.multifrigo.pl\/sklep\/wp-json\/wp\/v2\/media\/11747"}],"wp:attachment":[{"href":"https:\/\/www.multifrigo.pl\/sklep\/wp-json\/wp\/v2\/media?parent=11748"}],"wp:term":[{"taxonomy":"pwb-brand","embeddable":true,"href":"https:\/\/www.multifrigo.pl\/sklep\/wp-json\/wp\/v2\/pwb-brand?post=11748"},{"taxonomy":"product_brand","embeddable":true,"href":"https:\/\/www.multifrigo.pl\/sklep\/wp-json\/wp\/v2\/product_brand?post=11748"},{"taxonomy":"product_cat","embeddable":true,"href":"https:\/\/www.multifrigo.pl\/sklep\/wp-json\/wp\/v2\/product_cat?post=11748"},{"taxonomy":"product_tag","embeddable":true,"href":"https:\/\/www.multifrigo.pl\/sklep\/wp-json\/wp\/v2\/product_tag?post=11748"}],"curies":[{"name":"wp","href":"https:\/\/api.w.org\/{rel}","templated":true}]}}