{"id":11895,"date":"2024-07-03T13:31:38","date_gmt":"2024-07-03T13:31:38","guid":{"rendered":"https:\/\/multifrigo.pl\/sklep\/produkt\/nadstawka-na-stol-pojedyncza-1700x300x400-stalgast-981923170\/"},"modified":"2024-07-17T10:54:36","modified_gmt":"2024-07-17T10:54:36","slug":"nadstawka-na-stol-pojedyncza-1700x300x400-stalgast-981923170","status":"publish","type":"product","link":"https:\/\/www.multifrigo.pl\/sklep\/produkt\/nadstawka-na-stol-pojedyncza-1700x300x400-stalgast-981923170\/","title":{"rendered":"Nadstawka na st\u00f3\u0142 pojedyncza 1700x300x400 | Stalgast 981923170"},"content":{"rendered":"<p><LI>Nadstawka spawana  <LI>P\u00f3\u0142ka wzmocniona  <LI>Mocowanie nadstawki w standardzie  <\/p>\n","protected":false},"excerpt":{"rendered":"<p>Nadstawka spawana P\u00f3\u0142ka wzmocniona Mocowanie nadstawki w standardzie<\/p>\n","protected":false},"featured_media":11894,"template":"","meta":{"_et_pb_use_builder":"","_et_pb_old_content":"","_et_gb_content_width":""},"pwb-brand":[62],"product_brand":[],"product_cat":[627],"product_tag":[],"class_list":{"0":"post-11895","1":"product","2":"type-product","3":"status-publish","4":"has-post-thumbnail","6":"pwb-brand-stalgast","7":"product_cat-pojedyncze-nadstawki","9":"first","10":"instock","11":"taxable","12":"shipping-taxable","13":"purchasable","14":"product-type-simple"},"brands":[{"id":62,"name":"Stalgast","slug":"stalgast"}],"_links":{"self":[{"href":"https:\/\/www.multifrigo.pl\/sklep\/wp-json\/wp\/v2\/product\/11895","targetHints":{"allow":["GET"]}}],"collection":[{"href":"https:\/\/www.multifrigo.pl\/sklep\/wp-json\/wp\/v2\/product"}],"about":[{"href":"https:\/\/www.multifrigo.pl\/sklep\/wp-json\/wp\/v2\/types\/product"}],"wp:featuredmedia":[{"embeddable":true,"href":"https:\/\/www.multifrigo.pl\/sklep\/wp-json\/wp\/v2\/media\/11894"}],"wp:attachment":[{"href":"https:\/\/www.multifrigo.pl\/sklep\/wp-json\/wp\/v2\/media?parent=11895"}],"wp:term":[{"taxonomy":"pwb-brand","embeddable":true,"href":"https:\/\/www.multifrigo.pl\/sklep\/wp-json\/wp\/v2\/pwb-brand?post=11895"},{"taxonomy":"product_brand","embeddable":true,"href":"https:\/\/www.multifrigo.pl\/sklep\/wp-json\/wp\/v2\/product_brand?post=11895"},{"taxonomy":"product_cat","embeddable":true,"href":"https:\/\/www.multifrigo.pl\/sklep\/wp-json\/wp\/v2\/product_cat?post=11895"},{"taxonomy":"product_tag","embeddable":true,"href":"https:\/\/www.multifrigo.pl\/sklep\/wp-json\/wp\/v2\/product_tag?post=11895"}],"curies":[{"name":"wp","href":"https:\/\/api.w.org\/{rel}","templated":true}]}}