{"id":11953,"date":"2024-07-03T13:32:36","date_gmt":"2024-07-03T13:32:36","guid":{"rendered":"https:\/\/multifrigo.pl\/sklep\/produkt\/nadstawka-na-stol-podwojna-1800x300x700-stalgast-981943180\/"},"modified":"2024-07-17T10:54:32","modified_gmt":"2024-07-17T10:54:32","slug":"nadstawka-na-stol-podwojna-1800x300x700-stalgast-981943180","status":"publish","type":"product","link":"https:\/\/www.multifrigo.pl\/sklep\/produkt\/nadstawka-na-stol-podwojna-1800x300x700-stalgast-981943180\/","title":{"rendered":"Nadstawka na st\u00f3\u0142 podw\u00f3jna  1800x300x700 | Stalgast 981943180"},"content":{"rendered":"<p><LI>Nadstawka spawana  <LI>P\u00f3\u0142ka wzmocniona  <LI>Mocowanie nadstawki w standardzie  <\/p>\n","protected":false},"excerpt":{"rendered":"<p>Nadstawka spawana P\u00f3\u0142ka wzmocniona Mocowanie nadstawki w standardzie<\/p>\n","protected":false},"featured_media":11952,"template":"","meta":{"_et_pb_use_builder":"","_et_pb_old_content":"","_et_gb_content_width":""},"pwb-brand":[62],"product_brand":[],"product_cat":[628],"product_tag":[],"class_list":{"0":"post-11953","1":"product","2":"type-product","3":"status-publish","4":"has-post-thumbnail","6":"pwb-brand-stalgast","7":"product_cat-podwojne-nadstawki","9":"first","10":"instock","11":"taxable","12":"shipping-taxable","13":"purchasable","14":"product-type-simple"},"brands":[{"id":62,"name":"Stalgast","slug":"stalgast"}],"_links":{"self":[{"href":"https:\/\/www.multifrigo.pl\/sklep\/wp-json\/wp\/v2\/product\/11953","targetHints":{"allow":["GET"]}}],"collection":[{"href":"https:\/\/www.multifrigo.pl\/sklep\/wp-json\/wp\/v2\/product"}],"about":[{"href":"https:\/\/www.multifrigo.pl\/sklep\/wp-json\/wp\/v2\/types\/product"}],"wp:featuredmedia":[{"embeddable":true,"href":"https:\/\/www.multifrigo.pl\/sklep\/wp-json\/wp\/v2\/media\/11952"}],"wp:attachment":[{"href":"https:\/\/www.multifrigo.pl\/sklep\/wp-json\/wp\/v2\/media?parent=11953"}],"wp:term":[{"taxonomy":"pwb-brand","embeddable":true,"href":"https:\/\/www.multifrigo.pl\/sklep\/wp-json\/wp\/v2\/pwb-brand?post=11953"},{"taxonomy":"product_brand","embeddable":true,"href":"https:\/\/www.multifrigo.pl\/sklep\/wp-json\/wp\/v2\/product_brand?post=11953"},{"taxonomy":"product_cat","embeddable":true,"href":"https:\/\/www.multifrigo.pl\/sklep\/wp-json\/wp\/v2\/product_cat?post=11953"},{"taxonomy":"product_tag","embeddable":true,"href":"https:\/\/www.multifrigo.pl\/sklep\/wp-json\/wp\/v2\/product_tag?post=11953"}],"curies":[{"name":"wp","href":"https:\/\/api.w.org\/{rel}","templated":true}]}}