{"id":12187,"date":"2024-07-03T13:36:22","date_gmt":"2024-07-03T13:36:22","guid":{"rendered":"https:\/\/multifrigo.pl\/sklep\/produkt\/bemar-stacjonarnyczterokomorowy-n-stalgast-982256141\/"},"modified":"2024-07-17T10:53:51","modified_gmt":"2024-07-17T10:53:51","slug":"bemar-stacjonarnyczterokomorowy-n-stalgast-982256141","status":"publish","type":"product","link":"https:\/\/www.multifrigo.pl\/sklep\/produkt\/bemar-stacjonarnyczterokomorowy-n-stalgast-982256141\/","title":{"rendered":"Bemar stacjonarny,czterokomorowy ( N ) | Stalgast 982256141"},"content":{"rendered":"<p><LI>niezale\u017cne sterowanie temperatury w komorach  <LI>bemar wodny  <LI>maksymalna g\u0142\u0119boko\u015b\u0107 pojemnik\u00f3w GN1\/1 200  <LI>zasilanie 230 V  <LI>bemar stacjonarny, czterokomorowy  <\/p>\n","protected":false},"excerpt":{"rendered":"<p>niezale\u017cne sterowanie temperatury w komorach bemar wodny maksymalna g\u0142\u0119boko\u015b\u0107 pojemnik\u00f3w GN1\/1 200 zasilanie 230 V bemar stacjonarny, czterokomorowy<\/p>\n","protected":false},"featured_media":12186,"template":"","meta":{"_et_pb_use_builder":"","_et_pb_old_content":"","_et_gb_content_width":""},"pwb-brand":[62],"product_brand":[],"product_cat":[635],"product_tag":[],"class_list":{"0":"post-12187","1":"product","2":"type-product","3":"status-publish","4":"has-post-thumbnail","6":"pwb-brand-stalgast","7":"product_cat-sterowanie-niezalezne","9":"first","10":"instock","11":"taxable","12":"shipping-taxable","13":"purchasable","14":"product-type-simple"},"brands":[{"id":62,"name":"Stalgast","slug":"stalgast"}],"_links":{"self":[{"href":"https:\/\/www.multifrigo.pl\/sklep\/wp-json\/wp\/v2\/product\/12187","targetHints":{"allow":["GET"]}}],"collection":[{"href":"https:\/\/www.multifrigo.pl\/sklep\/wp-json\/wp\/v2\/product"}],"about":[{"href":"https:\/\/www.multifrigo.pl\/sklep\/wp-json\/wp\/v2\/types\/product"}],"wp:featuredmedia":[{"embeddable":true,"href":"https:\/\/www.multifrigo.pl\/sklep\/wp-json\/wp\/v2\/media\/12186"}],"wp:attachment":[{"href":"https:\/\/www.multifrigo.pl\/sklep\/wp-json\/wp\/v2\/media?parent=12187"}],"wp:term":[{"taxonomy":"pwb-brand","embeddable":true,"href":"https:\/\/www.multifrigo.pl\/sklep\/wp-json\/wp\/v2\/pwb-brand?post=12187"},{"taxonomy":"product_brand","embeddable":true,"href":"https:\/\/www.multifrigo.pl\/sklep\/wp-json\/wp\/v2\/product_brand?post=12187"},{"taxonomy":"product_cat","embeddable":true,"href":"https:\/\/www.multifrigo.pl\/sklep\/wp-json\/wp\/v2\/product_cat?post=12187"},{"taxonomy":"product_tag","embeddable":true,"href":"https:\/\/www.multifrigo.pl\/sklep\/wp-json\/wp\/v2\/product_tag?post=12187"}],"curies":[{"name":"wp","href":"https:\/\/api.w.org\/{rel}","templated":true}]}}